{"id":2744,"date":"2021-05-31T16:22:12","date_gmt":"2021-05-31T14:22:12","guid":{"rendered":"https:\/\/renesseaanzee.nl\/allgemein\/"},"modified":"2022-02-14T11:20:05","modified_gmt":"2022-02-14T10:20:05","slug":"allgemein","status":"publish","type":"page","link":"https:\/\/renesseaanzee.nl\/de\/allgemein\/","title":{"rendered":"Allgemein"},"content":{"rendered":"&#13;\n<h2 class=\"wp-block-heading\">\u00dcber Renesse Aan Zee<\/h2>&#13;\n&#13;\n<p>Dies ist die offizielle Website von Renesse. Von den Unternehmern von Renesse f\u00fcr Sie gemacht, um Sie zu inspirieren und Sie einzuladen, Ihren Urlaub in unserem sch\u00f6nen Stranddorf an der niederl\u00e4ndischen K\u00fcste zu feiern. Die Lage von Renesse direkt am Meer ist fantastisch! Sie finden lange Str\u00e4nde mit wundersch\u00f6nen D\u00fcnen, Waldgebieten, Poldern und nat\u00fcrlich dem allgegenw\u00e4rtigen Meer. Wenn die Sonne in den Niederlanden scheint, ist es in Renesse fast immer (manchmal sogar allein).<\/p>&#13;\n&#13;\n<p>In Renesse sind ca. 1500 Einwohner registriert. Zehntausende G\u00e4ste nehmen an den gesch\u00e4ftigsten Wochen des Jahres teil. Nicht einmal die Tagesausfl\u00fcgler. Das Dorf ist voll auf diese gro\u00dfe Beliebtheit ausgerichtet. Sie k\u00f6nnen sich daher darauf verlassen, dass wir als Unternehmer und Einwohner von Renesse alles tun, damit Sie sich wie zu Hause f\u00fchlen!<\/p>&#13;\n&#13;\n<p>Sie k\u00f6nnen Ihren Aufenthalt in Renesse so abwechslungsreich gestalten, wie Sie m\u00f6chten. Es beginnt mit Ihrer \u00dcbernachtung: Sie k\u00f6nnen zwischen Luxushotels, gem\u00fctlichen Familiencampingpl\u00e4tzen, komfortablen G\u00e4steh\u00e4usern w\u00e4hlen und mit Ihrem Zelt auf dem Bauernhof schlafen. In der langen Ferienzeit gibt es im Dorf viel zu tun und zu tun. Auf dieser Seite m\u00f6chten wir Sie mit zahlreichen Tipps inspirieren und unser Angebot zeigen.<\/p>&#13;\n&#13;\n<p>Magst du es, Kontakte zu kn\u00fcpfen? Renesse hat es! Aber die Einzigartigkeit ist, wenn Sie nach Frieden und Raum suchen, dann sind Sie auch am richtigen Ort. Auch in der Hochsaison gibt es ruhige Str\u00e4nde. Sie radeln in Ruhe durch die Polder. Jedes Dorf hat seinen Charme. Zierikzee ist dann sehr zu empfehlen. Renesse liegt auch sehr zentral zwischen den Inseln S\u00fcdholland und Zeeland. Antwerpen, Gent und Br\u00fcgge sind etwa eine Stunde entfernt.<\/p>&#13;\n&#13;\n<p>Wir w\u00fcnschen Ihnen einen angenehmen Aufenthalt in Renesse und freuen uns auf ein Wiedersehen!<\/p>&#13;\n&#13;\n<p><strong>Die Unternehmer von Renesse Aan Zee.<\/strong><\/p>&#13;\n","protected":false},"excerpt":{"rendered":"<p>&#13; \u00dcber Renesse Aan Zee &#13; &#13; Dies ist die offizielle Website von Renesse. Von den Unternehmern von Renesse f\u00fcr Sie gemacht, um Sie zu inspirieren und Sie einzuladen, Ihren Urlaub in unserem sch\u00f6nen Stranddorf an der niederl\u00e4ndischen K\u00fcste zu feiern. Die Lage von Renesse direkt am Meer ist fantastisch! Sie finden lange Str\u00e4nde mit [&hellip;]<\/p>\n","protected":false},"author":1,"featured_media":5368,"parent":0,"menu_order":0,"comment_status":"open","ping_status":"open","template":"","meta":{"_acf_changed":false,"footnotes":""},"class_list":["post-2744","page","type-page","status-publish","has-post-thumbnail","hentry"],"acf":[],"yoast_head":"<!-- This site is optimized with the Yoast SEO plugin v27.4 - https:\/\/yoast.com\/product\/yoast-seo-wordpress\/ -->\n<title>Allgemein - Renesse Aan Zee<\/title>\n<meta name=\"robots\" content=\"index, follow, max-snippet:-1, max-image-preview:large, max-video-preview:-1\" \/>\n<link rel=\"canonical\" href=\"https:\/\/renesseaanzee.nl\/de\/allgemein\/\" \/>\n<meta property=\"og:locale\" content=\"de_DE\" \/>\n<meta property=\"og:type\" content=\"article\" \/>\n<meta property=\"og:title\" content=\"Allgemein - Renesse Aan Zee\" \/>\n<meta property=\"og:description\" content=\"&#013; \u00dcber Renesse Aan Zee &#013; &#013; Dies ist die offizielle Website von Renesse. Von den Unternehmern von Renesse f\u00fcr Sie gemacht, um Sie zu inspirieren und Sie einzuladen, Ihren Urlaub in unserem sch\u00f6nen Stranddorf an der niederl\u00e4ndischen K\u00fcste zu feiern. Die Lage von Renesse direkt am Meer ist fantastisch! Sie finden lange Str\u00e4nde mit [&hellip;]\" \/>\n<meta property=\"og:url\" content=\"https:\/\/renesseaanzee.nl\/de\/allgemein\/\" \/>\n<meta property=\"og:site_name\" content=\"Renesse Aan Zee\" \/>\n<meta property=\"article:publisher\" content=\"https:\/\/www.facebook.com\/RenesseAanZee\/\" \/>\n<meta property=\"article:modified_time\" content=\"2022-02-14T10:20:05+00:00\" \/>\n<meta property=\"og:image\" content=\"https:\/\/renesseaanzee.nl\/wp-content\/uploads\/sites\/2\/2022\/02\/DJI_0007-scaled.jpg\" \/>\n\t<meta property=\"og:image:width\" content=\"2560\" \/>\n\t<meta property=\"og:image:height\" content=\"1440\" \/>\n\t<meta property=\"og:image:type\" content=\"image\/jpeg\" \/>\n<meta name=\"twitter:card\" content=\"summary_large_image\" \/>\n<meta name=\"twitter:site\" content=\"@Renesseaanzee\" \/>\n<meta name=\"twitter:label1\" content=\"Gesch\u00e4tzte Lesezeit\" \/>\n\t<meta name=\"twitter:data1\" content=\"2\u00a0Minuten\" \/>\n<script type=\"application\/ld+json\" class=\"yoast-schema-graph\">{\"@context\":\"https:\\\/\\\/schema.org\",\"@graph\":[{\"@type\":\"WebPage\",\"@id\":\"https:\\\/\\\/renesseaanzee.nl\\\/de\\\/allgemein\\\/\",\"url\":\"https:\\\/\\\/renesseaanzee.nl\\\/de\\\/allgemein\\\/\",\"name\":\"Allgemein - Renesse Aan Zee\",\"isPartOf\":{\"@id\":\"https:\\\/\\\/renesseaanzee.nl\\\/de\\\/#website\"},\"primaryImageOfPage\":{\"@id\":\"https:\\\/\\\/renesseaanzee.nl\\\/de\\\/allgemein\\\/#primaryimage\"},\"image\":{\"@id\":\"https:\\\/\\\/renesseaanzee.nl\\\/de\\\/allgemein\\\/#primaryimage\"},\"thumbnailUrl\":\"https:\\\/\\\/renesseaanzee.nl\\\/wp-content\\\/uploads\\\/sites\\\/2\\\/2022\\\/02\\\/DJI_0007-scaled.jpg\",\"datePublished\":\"2021-05-31T14:22:12+00:00\",\"dateModified\":\"2022-02-14T10:20:05+00:00\",\"breadcrumb\":{\"@id\":\"https:\\\/\\\/renesseaanzee.nl\\\/de\\\/allgemein\\\/#breadcrumb\"},\"inLanguage\":\"de\",\"potentialAction\":[{\"@type\":\"ReadAction\",\"target\":[\"https:\\\/\\\/renesseaanzee.nl\\\/de\\\/allgemein\\\/\"]}]},{\"@type\":\"ImageObject\",\"inLanguage\":\"de\",\"@id\":\"https:\\\/\\\/renesseaanzee.nl\\\/de\\\/allgemein\\\/#primaryimage\",\"url\":\"https:\\\/\\\/renesseaanzee.nl\\\/wp-content\\\/uploads\\\/sites\\\/2\\\/2022\\\/02\\\/DJI_0007-scaled.jpg\",\"contentUrl\":\"https:\\\/\\\/renesseaanzee.nl\\\/wp-content\\\/uploads\\\/sites\\\/2\\\/2022\\\/02\\\/DJI_0007-scaled.jpg\",\"width\":2560,\"height\":1440,\"caption\":\"DCIM100MEDIADJI_0007.JPG\"},{\"@type\":\"BreadcrumbList\",\"@id\":\"https:\\\/\\\/renesseaanzee.nl\\\/de\\\/allgemein\\\/#breadcrumb\",\"itemListElement\":[{\"@type\":\"ListItem\",\"position\":1,\"name\":\"Home\",\"item\":\"https:\\\/\\\/renesseaanzee.nl\\\/de\\\/\"},{\"@type\":\"ListItem\",\"position\":2,\"name\":\"Allgemein\"}]},{\"@type\":\"WebSite\",\"@id\":\"https:\\\/\\\/renesseaanzee.nl\\\/de\\\/#website\",\"url\":\"https:\\\/\\\/renesseaanzee.nl\\\/de\\\/\",\"name\":\"Renesse Aan Zee\",\"description\":\"De gezelligste badplaats van Nederland\",\"publisher\":{\"@id\":\"https:\\\/\\\/renesseaanzee.nl\\\/de\\\/#organization\"},\"potentialAction\":[{\"@type\":\"SearchAction\",\"target\":{\"@type\":\"EntryPoint\",\"urlTemplate\":\"https:\\\/\\\/renesseaanzee.nl\\\/de\\\/?s={search_term_string}\"},\"query-input\":{\"@type\":\"PropertyValueSpecification\",\"valueRequired\":true,\"valueName\":\"search_term_string\"}}],\"inLanguage\":\"de\"},{\"@type\":\"Organization\",\"@id\":\"https:\\\/\\\/renesseaanzee.nl\\\/de\\\/#organization\",\"name\":\"Renesse Aan Zee\",\"url\":\"https:\\\/\\\/renesseaanzee.nl\\\/de\\\/\",\"logo\":{\"@type\":\"ImageObject\",\"inLanguage\":\"de\",\"@id\":\"https:\\\/\\\/renesseaanzee.nl\\\/de\\\/#\\\/schema\\\/logo\\\/image\\\/\",\"url\":\"https:\\\/\\\/renesseaanzee.nl\\\/wp-content\\\/uploads\\\/sites\\\/2\\\/2021\\\/06\\\/favicon.png\",\"contentUrl\":\"https:\\\/\\\/renesseaanzee.nl\\\/wp-content\\\/uploads\\\/sites\\\/2\\\/2021\\\/06\\\/favicon.png\",\"width\":200,\"height\":200,\"caption\":\"Renesse Aan Zee\"},\"image\":{\"@id\":\"https:\\\/\\\/renesseaanzee.nl\\\/de\\\/#\\\/schema\\\/logo\\\/image\\\/\"},\"sameAs\":[\"https:\\\/\\\/www.facebook.com\\\/RenesseAanZee\\\/\",\"https:\\\/\\\/x.com\\\/Renesseaanzee\",\"https:\\\/\\\/www.instagram.com\\\/renesseaanzee\\\/\",\"https:\\\/\\\/www.youtube.com\\\/channel\\\/UCVrJ4Pb4GAeXGjctARoD03g\"]}]}<\/script>\n<!-- \/ Yoast SEO plugin. -->","yoast_head_json":{"title":"Allgemein - Renesse Aan Zee","robots":{"index":"index","follow":"follow","max-snippet":"max-snippet:-1","max-image-preview":"max-image-preview:large","max-video-preview":"max-video-preview:-1"},"canonical":"https:\/\/renesseaanzee.nl\/de\/allgemein\/","og_locale":"de_DE","og_type":"article","og_title":"Allgemein - Renesse Aan Zee","og_description":"&#13; \u00dcber Renesse Aan Zee &#13; &#13; Dies ist die offizielle Website von Renesse. Von den Unternehmern von Renesse f\u00fcr Sie gemacht, um Sie zu inspirieren und Sie einzuladen, Ihren Urlaub in unserem sch\u00f6nen Stranddorf an der niederl\u00e4ndischen K\u00fcste zu feiern. Die Lage von Renesse direkt am Meer ist fantastisch! Sie finden lange Str\u00e4nde mit [&hellip;]","og_url":"https:\/\/renesseaanzee.nl\/de\/allgemein\/","og_site_name":"Renesse Aan Zee","article_publisher":"https:\/\/www.facebook.com\/RenesseAanZee\/","article_modified_time":"2022-02-14T10:20:05+00:00","og_image":[{"width":2560,"height":1440,"url":"https:\/\/renesseaanzee.nl\/wp-content\/uploads\/sites\/2\/2022\/02\/DJI_0007-scaled.jpg","type":"image\/jpeg"}],"twitter_card":"summary_large_image","twitter_site":"@Renesseaanzee","twitter_misc":{"Gesch\u00e4tzte Lesezeit":"2\u00a0Minuten"},"schema":{"@context":"https:\/\/schema.org","@graph":[{"@type":"WebPage","@id":"https:\/\/renesseaanzee.nl\/de\/allgemein\/","url":"https:\/\/renesseaanzee.nl\/de\/allgemein\/","name":"Allgemein - Renesse Aan Zee","isPartOf":{"@id":"https:\/\/renesseaanzee.nl\/de\/#website"},"primaryImageOfPage":{"@id":"https:\/\/renesseaanzee.nl\/de\/allgemein\/#primaryimage"},"image":{"@id":"https:\/\/renesseaanzee.nl\/de\/allgemein\/#primaryimage"},"thumbnailUrl":"https:\/\/renesseaanzee.nl\/wp-content\/uploads\/sites\/2\/2022\/02\/DJI_0007-scaled.jpg","datePublished":"2021-05-31T14:22:12+00:00","dateModified":"2022-02-14T10:20:05+00:00","breadcrumb":{"@id":"https:\/\/renesseaanzee.nl\/de\/allgemein\/#breadcrumb"},"inLanguage":"de","potentialAction":[{"@type":"ReadAction","target":["https:\/\/renesseaanzee.nl\/de\/allgemein\/"]}]},{"@type":"ImageObject","inLanguage":"de","@id":"https:\/\/renesseaanzee.nl\/de\/allgemein\/#primaryimage","url":"https:\/\/renesseaanzee.nl\/wp-content\/uploads\/sites\/2\/2022\/02\/DJI_0007-scaled.jpg","contentUrl":"https:\/\/renesseaanzee.nl\/wp-content\/uploads\/sites\/2\/2022\/02\/DJI_0007-scaled.jpg","width":2560,"height":1440,"caption":"DCIM100MEDIADJI_0007.JPG"},{"@type":"BreadcrumbList","@id":"https:\/\/renesseaanzee.nl\/de\/allgemein\/#breadcrumb","itemListElement":[{"@type":"ListItem","position":1,"name":"Home","item":"https:\/\/renesseaanzee.nl\/de\/"},{"@type":"ListItem","position":2,"name":"Allgemein"}]},{"@type":"WebSite","@id":"https:\/\/renesseaanzee.nl\/de\/#website","url":"https:\/\/renesseaanzee.nl\/de\/","name":"Renesse Aan Zee","description":"De gezelligste badplaats van Nederland","publisher":{"@id":"https:\/\/renesseaanzee.nl\/de\/#organization"},"potentialAction":[{"@type":"SearchAction","target":{"@type":"EntryPoint","urlTemplate":"https:\/\/renesseaanzee.nl\/de\/?s={search_term_string}"},"query-input":{"@type":"PropertyValueSpecification","valueRequired":true,"valueName":"search_term_string"}}],"inLanguage":"de"},{"@type":"Organization","@id":"https:\/\/renesseaanzee.nl\/de\/#organization","name":"Renesse Aan Zee","url":"https:\/\/renesseaanzee.nl\/de\/","logo":{"@type":"ImageObject","inLanguage":"de","@id":"https:\/\/renesseaanzee.nl\/de\/#\/schema\/logo\/image\/","url":"https:\/\/renesseaanzee.nl\/wp-content\/uploads\/sites\/2\/2021\/06\/favicon.png","contentUrl":"https:\/\/renesseaanzee.nl\/wp-content\/uploads\/sites\/2\/2021\/06\/favicon.png","width":200,"height":200,"caption":"Renesse Aan Zee"},"image":{"@id":"https:\/\/renesseaanzee.nl\/de\/#\/schema\/logo\/image\/"},"sameAs":["https:\/\/www.facebook.com\/RenesseAanZee\/","https:\/\/x.com\/Renesseaanzee","https:\/\/www.instagram.com\/renesseaanzee\/","https:\/\/www.youtube.com\/channel\/UCVrJ4Pb4GAeXGjctARoD03g"]}]}},"_links":{"self":[{"href":"https:\/\/renesseaanzee.nl\/de\/wp-json\/wp\/v2\/pages\/2744","targetHints":{"allow":["GET"]}}],"collection":[{"href":"https:\/\/renesseaanzee.nl\/de\/wp-json\/wp\/v2\/pages"}],"about":[{"href":"https:\/\/renesseaanzee.nl\/de\/wp-json\/wp\/v2\/types\/page"}],"author":[{"embeddable":true,"href":"https:\/\/renesseaanzee.nl\/de\/wp-json\/wp\/v2\/users\/1"}],"replies":[{"embeddable":true,"href":"https:\/\/renesseaanzee.nl\/de\/wp-json\/wp\/v2\/comments?post=2744"}],"version-history":[{"count":1,"href":"https:\/\/renesseaanzee.nl\/de\/wp-json\/wp\/v2\/pages\/2744\/revisions"}],"predecessor-version":[{"id":2745,"href":"https:\/\/renesseaanzee.nl\/de\/wp-json\/wp\/v2\/pages\/2744\/revisions\/2745"}],"wp:featuredmedia":[{"embeddable":true,"href":"https:\/\/renesseaanzee.nl\/de\/wp-json\/wp\/v2\/media\/5368"}],"wp:attachment":[{"href":"https:\/\/renesseaanzee.nl\/de\/wp-json\/wp\/v2\/media?parent=2744"}],"curies":[{"name":"wp","href":"https:\/\/api.w.org\/{rel}","templated":true}]}}