{"id":2746,"date":"2021-06-01T11:22:44","date_gmt":"2021-06-01T09:22:44","guid":{"rendered":"https:\/\/renesseaanzee.nl\/allgemein\/corona-regeln-in-zeeland\/"},"modified":"2022-03-01T15:15:21","modified_gmt":"2022-03-01T14:15:21","slug":"corona-regeln-in-zeeland","status":"publish","type":"page","link":"https:\/\/renesseaanzee.nl\/de\/allgemein\/corona-regeln-in-zeeland\/","title":{"rendered":"Corona Regeln in Zeeland"},"content":{"rendered":"&#13;\n<p><b>Liebe G\u00e4ste und Besucher von \u201eRenesse aan Zee\u201c<\/b><\/p>&#13;\n&#13;\n<p>Sch\u00f6n das Sie wieder auf unser sch\u00f6ne Insel Schouwen Duiveland wiederkommen! Die Gesch\u00e4ftsinhaber von Renesse, Gastronomen, Touristenbranche, Einwohner, \u00c4rzte und die Gemeinde hei\u00dfen Sie herzlichst Willkommen f\u00fcr einen unvergesslichen Urlaub oder Besuch. Wir m\u00f6chten in der momentanen Situation mit Ihnen besonders zusammenarbeiten, an einem sicheren Urlaub und ohne weitere Verbreitung von Corona (COVID-19) Sie k\u00f6nnen uns glauben das auch wir von RENESSE AAN ZEE alles dran tun werden, um eine weitere Verbreitung zu vermeiden, dazu brauchen \u201eWIR einander\u201c um dies zu realisieren zu k\u00f6nnen. gemeinsam gegen Corona. Bitte bedenken Sie auch, das in den Niederlanden wieder andere Bestimmungen g\u00fcltig sind, als Sie es in Deutschland gewohnt sind, wir tragen z.B. keine MUND-NASEN Masken au\u00dfer in BUS, BAHN oder ZUG.<\/p>&#13;\n&#13;\n<p><strong>Basisregels voor iedereen<\/strong><\/p>&#13;\n<ul><li>Was vaak en goed uw handen.<\/li>&#13;\n<li>Geef elkaar de ruimte.\u00a01,5 meter blijft een veilige afstand.<\/li>&#13;\n<li>Blijf thuis bij klachten en laat u direct testen.<\/li>&#13;\n<li>Zorg voor voldoende frisse lucht.<\/li>&#13;\n<\/ul><div class=\"content-image\">&#13;\n<figure class=\"img-container\"><img decoding=\"async\" src=\"https:\/\/www.rijksoverheid.nl\/binaries\/medium\/content\/gallery\/rijksoverheid\/content-afbeeldingen\/onderwerpen\/coronavirus\/210922_maatregelenbalk_nw.jpg\" alt=\"Basisregels Coronavirus 25 september 2021\" data-closeimage=\"Afbeelding sluiten\"\/><\/figure><\/div>&#13;\n<p><strong>Was uw handen<\/strong><\/p>&#13;\n<p>Was vaak en goed uw handen met water en zeep. Dan kunnen virusdeeltjes zich niet verspreiden.<\/p>&#13;\n<ul><li>Doe dit altijd als u thuiskomt of ergens op bezoek komt.<\/li>&#13;\n<li>Raak uw gezicht zo min mogelijk aan.<\/li>&#13;\n<li>Hoest of nies in uw elleboog.<\/li>&#13;\n<li>Schud geen handen.<\/li>&#13;\n<\/ul><p><strong>Geef elkaar de ruimte, 1,5 meter blijft een veilige afstand<\/strong><\/p>&#13;\n<p>Als mensen dicht bij elkaar zijn, kunnen zij het coronavirus heel snel aan anderen doorgeven.<\/p>&#13;\n<ul><li>Werk thuis als het kan en op kantoor als het nodig is.<\/li>&#13;\n<li>Draag een mondkapje op plekken waar dat verplicht is. Bijvoorbeeld in het openbaar vervoer of in het vliegtuig.<\/li>&#13;\n<\/ul><p><strong>Klachten? Blijf thuis en laat u direct testen<\/strong><\/p>&#13;\n<p>Heeft u klachten die horen bij corona? Voorkom dat u andere mensen besmet.<\/p>&#13;\n<ul><li>Blijf thuis en <a href=\"https:\/\/www.rijksoverheid.nl\/onderwerpen\/coronavirus-covid-19\/testen\/afspraak-maken\">maak een afspraak om u te laten testen<\/a>.\u00a0<\/li>&#13;\n<li>Ook bij een milde verkoudheid, zoals een loopneus.\u00a0<\/li>&#13;\n<li>Blijf thuis tot u de testuitslag weet.<\/li>&#13;\n<\/ul><p><strong>Zorg voor voldoende frisse lucht<\/strong><\/p>&#13;\n<p>Frisse lucht is belangrijk. Frisse lucht helpt om de overdracht van het virus te beperken. Zorg dat thuis, in winkels, in horeca, op school en op het werk regelmatig wordt gelucht.<\/p>&#13;\n<ul><li>Zorg dat er thuis altijd een raampje of ventilatierooster open staat.<\/li>&#13;\n<li>Zorg dat een huis meerdere keren per dag goed kan doorluchten door ramen en deuren wijd open te zetten.<\/li>&#13;\n<\/ul><p>\u00a0<\/p>&#13;\n<figure class=\"wp-block-image is-resized size-large\"><\/figure>","protected":false},"excerpt":{"rendered":"<p>&#13; Liebe G\u00e4ste und Besucher von \u201eRenesse aan Zee\u201c &#13; &#13; Sch\u00f6n das Sie wieder auf unser sch\u00f6ne Insel Schouwen Duiveland wiederkommen! Die Gesch\u00e4ftsinhaber von Renesse, Gastronomen, Touristenbranche, Einwohner, \u00c4rzte und die Gemeinde hei\u00dfen Sie herzlichst Willkommen f\u00fcr einen unvergesslichen Urlaub oder Besuch. Wir m\u00f6chten in der momentanen Situation mit Ihnen besonders zusammenarbeiten, an einem [&hellip;]<\/p>\n","protected":false},"author":1,"featured_media":2102,"parent":2744,"menu_order":0,"comment_status":"closed","ping_status":"closed","template":"","meta":{"_acf_changed":false,"footnotes":""},"class_list":["post-2746","page","type-page","status-publish","has-post-thumbnail","hentry"],"acf":[],"yoast_head":"<!-- This site is optimized with the Yoast SEO plugin v27.5 - https:\/\/yoast.com\/product\/yoast-seo-wordpress\/ -->\n<title>Corona Regeln in Zeeland - Renesse Aan Zee<\/title>\n<meta name=\"robots\" content=\"index, follow, max-snippet:-1, max-image-preview:large, max-video-preview:-1\" \/>\n<link rel=\"canonical\" href=\"https:\/\/renesseaanzee.nl\/de\/allgemein\/corona-regeln-in-zeeland\/\" \/>\n<meta property=\"og:locale\" content=\"de_DE\" \/>\n<meta property=\"og:type\" content=\"article\" \/>\n<meta property=\"og:title\" content=\"Corona Regeln in Zeeland - Renesse Aan Zee\" \/>\n<meta property=\"og:description\" content=\"&#013; Liebe G\u00e4ste und Besucher von \u201eRenesse aan Zee\u201c &#013; &#013; Sch\u00f6n das Sie wieder auf unser sch\u00f6ne Insel Schouwen Duiveland wiederkommen! Die Gesch\u00e4ftsinhaber von Renesse, Gastronomen, Touristenbranche, Einwohner, \u00c4rzte und die Gemeinde hei\u00dfen Sie herzlichst Willkommen f\u00fcr einen unvergesslichen Urlaub oder Besuch. Wir m\u00f6chten in der momentanen Situation mit Ihnen besonders zusammenarbeiten, an einem [&hellip;]\" \/>\n<meta property=\"og:url\" content=\"https:\/\/renesseaanzee.nl\/de\/allgemein\/corona-regeln-in-zeeland\/\" \/>\n<meta property=\"og:site_name\" content=\"Renesse Aan Zee\" \/>\n<meta property=\"article:publisher\" content=\"https:\/\/www.facebook.com\/RenesseAanZee\/\" \/>\n<meta property=\"article:modified_time\" content=\"2022-03-01T14:15:21+00:00\" \/>\n<meta property=\"og:image\" content=\"https:\/\/renesseaanzee.nl\/wp-content\/uploads\/sites\/2\/2021\/06\/uitgelicht-corona.png\" \/>\n\t<meta property=\"og:image:width\" content=\"1115\" \/>\n\t<meta property=\"og:image:height\" content=\"743\" \/>\n\t<meta property=\"og:image:type\" content=\"image\/png\" \/>\n<meta name=\"twitter:card\" content=\"summary_large_image\" \/>\n<meta name=\"twitter:site\" content=\"@Renesseaanzee\" \/>\n<meta name=\"twitter:label1\" content=\"Gesch\u00e4tzte Lesezeit\" \/>\n\t<meta name=\"twitter:data1\" content=\"2\u00a0Minuten\" \/>\n<script type=\"application\/ld+json\" class=\"yoast-schema-graph\">{\"@context\":\"https:\\\/\\\/schema.org\",\"@graph\":[{\"@type\":\"WebPage\",\"@id\":\"https:\\\/\\\/renesseaanzee.nl\\\/de\\\/allgemein\\\/corona-regeln-in-zeeland\\\/\",\"url\":\"https:\\\/\\\/renesseaanzee.nl\\\/de\\\/allgemein\\\/corona-regeln-in-zeeland\\\/\",\"name\":\"Corona Regeln in Zeeland - Renesse Aan Zee\",\"isPartOf\":{\"@id\":\"https:\\\/\\\/renesseaanzee.nl\\\/de\\\/#website\"},\"primaryImageOfPage\":{\"@id\":\"https:\\\/\\\/renesseaanzee.nl\\\/de\\\/allgemein\\\/corona-regeln-in-zeeland\\\/#primaryimage\"},\"image\":{\"@id\":\"https:\\\/\\\/renesseaanzee.nl\\\/de\\\/allgemein\\\/corona-regeln-in-zeeland\\\/#primaryimage\"},\"thumbnailUrl\":\"https:\\\/\\\/renesseaanzee.nl\\\/wp-content\\\/uploads\\\/sites\\\/2\\\/2021\\\/06\\\/uitgelicht-corona.png\",\"datePublished\":\"2021-06-01T09:22:44+00:00\",\"dateModified\":\"2022-03-01T14:15:21+00:00\",\"breadcrumb\":{\"@id\":\"https:\\\/\\\/renesseaanzee.nl\\\/de\\\/allgemein\\\/corona-regeln-in-zeeland\\\/#breadcrumb\"},\"inLanguage\":\"de\",\"potentialAction\":[{\"@type\":\"ReadAction\",\"target\":[\"https:\\\/\\\/renesseaanzee.nl\\\/de\\\/allgemein\\\/corona-regeln-in-zeeland\\\/\"]}]},{\"@type\":\"ImageObject\",\"inLanguage\":\"de\",\"@id\":\"https:\\\/\\\/renesseaanzee.nl\\\/de\\\/allgemein\\\/corona-regeln-in-zeeland\\\/#primaryimage\",\"url\":\"https:\\\/\\\/renesseaanzee.nl\\\/wp-content\\\/uploads\\\/sites\\\/2\\\/2021\\\/06\\\/uitgelicht-corona.png\",\"contentUrl\":\"https:\\\/\\\/renesseaanzee.nl\\\/wp-content\\\/uploads\\\/sites\\\/2\\\/2021\\\/06\\\/uitgelicht-corona.png\",\"width\":1115,\"height\":743},{\"@type\":\"BreadcrumbList\",\"@id\":\"https:\\\/\\\/renesseaanzee.nl\\\/de\\\/allgemein\\\/corona-regeln-in-zeeland\\\/#breadcrumb\",\"itemListElement\":[{\"@type\":\"ListItem\",\"position\":1,\"name\":\"Home\",\"item\":\"https:\\\/\\\/renesseaanzee.nl\\\/de\\\/\"},{\"@type\":\"ListItem\",\"position\":2,\"name\":\"Allgemein\",\"item\":\"https:\\\/\\\/renesseaanzee.nl\\\/de\\\/allgemein\\\/\"},{\"@type\":\"ListItem\",\"position\":3,\"name\":\"Corona Regeln in Zeeland\"}]},{\"@type\":\"WebSite\",\"@id\":\"https:\\\/\\\/renesseaanzee.nl\\\/de\\\/#website\",\"url\":\"https:\\\/\\\/renesseaanzee.nl\\\/de\\\/\",\"name\":\"Renesse Aan Zee\",\"description\":\"De gezelligste badplaats van Nederland\",\"publisher\":{\"@id\":\"https:\\\/\\\/renesseaanzee.nl\\\/de\\\/#organization\"},\"potentialAction\":[{\"@type\":\"SearchAction\",\"target\":{\"@type\":\"EntryPoint\",\"urlTemplate\":\"https:\\\/\\\/renesseaanzee.nl\\\/de\\\/?s={search_term_string}\"},\"query-input\":{\"@type\":\"PropertyValueSpecification\",\"valueRequired\":true,\"valueName\":\"search_term_string\"}}],\"inLanguage\":\"de\"},{\"@type\":\"Organization\",\"@id\":\"https:\\\/\\\/renesseaanzee.nl\\\/de\\\/#organization\",\"name\":\"Renesse Aan Zee\",\"url\":\"https:\\\/\\\/renesseaanzee.nl\\\/de\\\/\",\"logo\":{\"@type\":\"ImageObject\",\"inLanguage\":\"de\",\"@id\":\"https:\\\/\\\/renesseaanzee.nl\\\/de\\\/#\\\/schema\\\/logo\\\/image\\\/\",\"url\":\"https:\\\/\\\/renesseaanzee.nl\\\/wp-content\\\/uploads\\\/sites\\\/2\\\/2021\\\/06\\\/favicon.png\",\"contentUrl\":\"https:\\\/\\\/renesseaanzee.nl\\\/wp-content\\\/uploads\\\/sites\\\/2\\\/2021\\\/06\\\/favicon.png\",\"width\":200,\"height\":200,\"caption\":\"Renesse Aan Zee\"},\"image\":{\"@id\":\"https:\\\/\\\/renesseaanzee.nl\\\/de\\\/#\\\/schema\\\/logo\\\/image\\\/\"},\"sameAs\":[\"https:\\\/\\\/www.facebook.com\\\/RenesseAanZee\\\/\",\"https:\\\/\\\/x.com\\\/Renesseaanzee\",\"https:\\\/\\\/www.instagram.com\\\/renesseaanzee\\\/\",\"https:\\\/\\\/www.youtube.com\\\/channel\\\/UCVrJ4Pb4GAeXGjctARoD03g\"]}]}<\/script>\n<!-- \/ Yoast SEO plugin. -->","yoast_head_json":{"title":"Corona Regeln in Zeeland - Renesse Aan Zee","robots":{"index":"index","follow":"follow","max-snippet":"max-snippet:-1","max-image-preview":"max-image-preview:large","max-video-preview":"max-video-preview:-1"},"canonical":"https:\/\/renesseaanzee.nl\/de\/allgemein\/corona-regeln-in-zeeland\/","og_locale":"de_DE","og_type":"article","og_title":"Corona Regeln in Zeeland - Renesse Aan Zee","og_description":"&#13; Liebe G\u00e4ste und Besucher von \u201eRenesse aan Zee\u201c &#13; &#13; Sch\u00f6n das Sie wieder auf unser sch\u00f6ne Insel Schouwen Duiveland wiederkommen! Die Gesch\u00e4ftsinhaber von Renesse, Gastronomen, Touristenbranche, Einwohner, \u00c4rzte und die Gemeinde hei\u00dfen Sie herzlichst Willkommen f\u00fcr einen unvergesslichen Urlaub oder Besuch. Wir m\u00f6chten in der momentanen Situation mit Ihnen besonders zusammenarbeiten, an einem [&hellip;]","og_url":"https:\/\/renesseaanzee.nl\/de\/allgemein\/corona-regeln-in-zeeland\/","og_site_name":"Renesse Aan Zee","article_publisher":"https:\/\/www.facebook.com\/RenesseAanZee\/","article_modified_time":"2022-03-01T14:15:21+00:00","og_image":[{"width":1115,"height":743,"url":"https:\/\/renesseaanzee.nl\/wp-content\/uploads\/sites\/2\/2021\/06\/uitgelicht-corona.png","type":"image\/png"}],"twitter_card":"summary_large_image","twitter_site":"@Renesseaanzee","twitter_misc":{"Gesch\u00e4tzte Lesezeit":"2\u00a0Minuten"},"schema":{"@context":"https:\/\/schema.org","@graph":[{"@type":"WebPage","@id":"https:\/\/renesseaanzee.nl\/de\/allgemein\/corona-regeln-in-zeeland\/","url":"https:\/\/renesseaanzee.nl\/de\/allgemein\/corona-regeln-in-zeeland\/","name":"Corona Regeln in Zeeland - Renesse Aan Zee","isPartOf":{"@id":"https:\/\/renesseaanzee.nl\/de\/#website"},"primaryImageOfPage":{"@id":"https:\/\/renesseaanzee.nl\/de\/allgemein\/corona-regeln-in-zeeland\/#primaryimage"},"image":{"@id":"https:\/\/renesseaanzee.nl\/de\/allgemein\/corona-regeln-in-zeeland\/#primaryimage"},"thumbnailUrl":"https:\/\/renesseaanzee.nl\/wp-content\/uploads\/sites\/2\/2021\/06\/uitgelicht-corona.png","datePublished":"2021-06-01T09:22:44+00:00","dateModified":"2022-03-01T14:15:21+00:00","breadcrumb":{"@id":"https:\/\/renesseaanzee.nl\/de\/allgemein\/corona-regeln-in-zeeland\/#breadcrumb"},"inLanguage":"de","potentialAction":[{"@type":"ReadAction","target":["https:\/\/renesseaanzee.nl\/de\/allgemein\/corona-regeln-in-zeeland\/"]}]},{"@type":"ImageObject","inLanguage":"de","@id":"https:\/\/renesseaanzee.nl\/de\/allgemein\/corona-regeln-in-zeeland\/#primaryimage","url":"https:\/\/renesseaanzee.nl\/wp-content\/uploads\/sites\/2\/2021\/06\/uitgelicht-corona.png","contentUrl":"https:\/\/renesseaanzee.nl\/wp-content\/uploads\/sites\/2\/2021\/06\/uitgelicht-corona.png","width":1115,"height":743},{"@type":"BreadcrumbList","@id":"https:\/\/renesseaanzee.nl\/de\/allgemein\/corona-regeln-in-zeeland\/#breadcrumb","itemListElement":[{"@type":"ListItem","position":1,"name":"Home","item":"https:\/\/renesseaanzee.nl\/de\/"},{"@type":"ListItem","position":2,"name":"Allgemein","item":"https:\/\/renesseaanzee.nl\/de\/allgemein\/"},{"@type":"ListItem","position":3,"name":"Corona Regeln in Zeeland"}]},{"@type":"WebSite","@id":"https:\/\/renesseaanzee.nl\/de\/#website","url":"https:\/\/renesseaanzee.nl\/de\/","name":"Renesse Aan Zee","description":"De gezelligste badplaats van Nederland","publisher":{"@id":"https:\/\/renesseaanzee.nl\/de\/#organization"},"potentialAction":[{"@type":"SearchAction","target":{"@type":"EntryPoint","urlTemplate":"https:\/\/renesseaanzee.nl\/de\/?s={search_term_string}"},"query-input":{"@type":"PropertyValueSpecification","valueRequired":true,"valueName":"search_term_string"}}],"inLanguage":"de"},{"@type":"Organization","@id":"https:\/\/renesseaanzee.nl\/de\/#organization","name":"Renesse Aan Zee","url":"https:\/\/renesseaanzee.nl\/de\/","logo":{"@type":"ImageObject","inLanguage":"de","@id":"https:\/\/renesseaanzee.nl\/de\/#\/schema\/logo\/image\/","url":"https:\/\/renesseaanzee.nl\/wp-content\/uploads\/sites\/2\/2021\/06\/favicon.png","contentUrl":"https:\/\/renesseaanzee.nl\/wp-content\/uploads\/sites\/2\/2021\/06\/favicon.png","width":200,"height":200,"caption":"Renesse Aan Zee"},"image":{"@id":"https:\/\/renesseaanzee.nl\/de\/#\/schema\/logo\/image\/"},"sameAs":["https:\/\/www.facebook.com\/RenesseAanZee\/","https:\/\/x.com\/Renesseaanzee","https:\/\/www.instagram.com\/renesseaanzee\/","https:\/\/www.youtube.com\/channel\/UCVrJ4Pb4GAeXGjctARoD03g"]}]}},"_links":{"self":[{"href":"https:\/\/renesseaanzee.nl\/de\/wp-json\/wp\/v2\/pages\/2746","targetHints":{"allow":["GET"]}}],"collection":[{"href":"https:\/\/renesseaanzee.nl\/de\/wp-json\/wp\/v2\/pages"}],"about":[{"href":"https:\/\/renesseaanzee.nl\/de\/wp-json\/wp\/v2\/types\/page"}],"author":[{"embeddable":true,"href":"https:\/\/renesseaanzee.nl\/de\/wp-json\/wp\/v2\/users\/1"}],"replies":[{"embeddable":true,"href":"https:\/\/renesseaanzee.nl\/de\/wp-json\/wp\/v2\/comments?post=2746"}],"version-history":[{"count":2,"href":"https:\/\/renesseaanzee.nl\/de\/wp-json\/wp\/v2\/pages\/2746\/revisions"}],"predecessor-version":[{"id":5480,"href":"https:\/\/renesseaanzee.nl\/de\/wp-json\/wp\/v2\/pages\/2746\/revisions\/5480"}],"up":[{"embeddable":true,"href":"https:\/\/renesseaanzee.nl\/de\/wp-json\/wp\/v2\/pages\/2744"}],"wp:featuredmedia":[{"embeddable":true,"href":"https:\/\/renesseaanzee.nl\/de\/wp-json\/wp\/v2\/media\/2102"}],"wp:attachment":[{"href":"https:\/\/renesseaanzee.nl\/de\/wp-json\/wp\/v2\/media?parent=2746"}],"curies":[{"name":"wp","href":"https:\/\/api.w.org\/{rel}","templated":true}]}}