{"id":2748,"date":"2021-06-01T11:26:39","date_gmt":"2021-06-01T09:26:39","guid":{"rendered":"https:\/\/renesseaanzee.nl\/allgemein\/geschichte\/"},"modified":"2021-06-25T14:31:45","modified_gmt":"2021-06-25T12:31:45","slug":"geschichte","status":"publish","type":"page","link":"https:\/\/renesseaanzee.nl\/de\/allgemein\/geschichte\/","title":{"rendered":"Geschichte"},"content":{"rendered":"&#13;\n<h2 class=\"wp-block-heading\">Geschichte von Renesse<\/h2>&#13;\n&#13;\n<p>Seeland ist, wie der Name schon sagt, Land, das aus der See gewonnen ist. Aber nicht alle Gebiete sind durch Eindeichung entstanden. An der Westseite von Schouwen zum Beispiel lag schon 3000 Jahre vor Christus eine flache K\u00fcste aus Strandw\u00e4llen und alten D\u00fcnen. Dieses Gebiet ist seit der j\u00fcngeren Steinzeit fortw\u00e4hrend bewohnt gewesen. So haben Arch\u00e4ologen bei Haamstede \u00dcberreste einer Siedlung aus dem Zeitraum um 2460 vor Christus gefunden. Auch an anderen Stellen an diesem K\u00fcstenstreifen bewiesen arch\u00e4ologische Funde, dass dieses Gebiet schon seit tausenden von Jahren bewohnt ist. Das ist nicht verwunderlich. In dieser D\u00fcnenzone wohnten die Menschen hoch und vor den vielen Sturmfluten, von denen diese Gebiete jahrhundertelang bedroht wurde, sicher genug. Es gab Frischwasser aus den D\u00fcnen, und an der Innenseite der D\u00fcnen entstand Bauland.<\/p>&#13;\n&#13;\n<p>Die erste offizielle Erw\u00e4hnung von Renesse findet sich auf einer Urkunde aus dem Jahr 1244. Graf Willem II. von Holland und Seeland gab den M\u00f6nchen von Ten Duinen die Erlaubnis, ohne Zoll und Steuererhebung Handel zu treiben. Dieses Dokument wurde im Haus von Costijn von Renesse erstellt. Dieser Ritter wohnte in der ersten Version des heutigen Schlosses Moermond.<\/p>&#13;\n&#13;\n<p>Das Ringdorf, das um die Jacobuskerk herum entstand, wurde damals Riethnesse genannt, was von Riet und Landzunge abstammt (nes oder neus). Der Beiname der Einwohner von Renesse lautet \u2018Sandl\u00e4ufer\u2019. Ein weiterer, \u00e4lterer Spitzname war \u201aZiegenb\u00f6cke\u2018. Fr\u00fcher hatte jeder eine Ziege, die auch die Kuh der armen Leute genannt wurde. Und Armut war an der Tagesordnung in der Westhoek. Der Boden war wenig ertragreich, und die \u00c4cker und der Weidegrund wurden regelm\u00e4\u00dfig von Sandverwehungen bedroht.<\/p>&#13;\n&#13;\n<p>Zu Beginn des 20 Jahrhunderts kamen die ersten Badeurlauber nach Renesse, unter ihnen bekannte Namen wie Albert Plesman und Anton Pieck. 1911 wurde von einigen progressive Honoratioren die \u201cVereeniging Renesse Vooruit\u201d (Vereinigung Renesse geht voraus) gegr\u00fcndet. Diese Vereinigung nahm sich zum Ziel, die touristischen Aspekte von Renesse bekannt zu machen. Die Verl\u00e4ngerung der Strecke des Dampfzuges Zijpe \u2013 Brouwershaven bis zu Burgh machte Renesse ab 1915 um einiges erreichbar. Anfang der 20er Jahre wurde das erste Campingplatz an der Hogezoom er\u00f6ffnet: Camping Bona-Fide, wo auch die ersten Sommerh\u00e4uschen gebaut wurden.<\/p>&#13;\n&#13;\n<p>Nach der Flutkatastrophe 1953 kam der Delta-Plan und ab 1965 war es m\u00f6glich, die Insel mit dem Motorrad oder mit dem Auto \u00fcber das Grevelingendam zu erreichen. Aufgrund der Flutkatastrophe hat sich die Qualit\u00e4t der armen landwirtschaftlichen Fl\u00e4chen noch verschlechtert. Die ersten Campingpl\u00e4tze wurden von Landwirten und Obstbauern eingerichtet, um zus\u00e4tzliches Einkommen zu generieren. Projektentwickler kauften Grundst\u00fccke und die ersten Bungalowparks wurden gebaut.<\/p>&#13;\n&#13;\n<p>Die Niederlande erholen sich vom Zweiten Weltkrieg, und in den 1960er Jahren folgt eine Lohnexplosion. Von diesem Moment an ist der Urlaub nicht mehr nur f\u00fcr Wohlhabende. Dies ist der Beginn des Massentourismus. Die Jugendlichen entdecken Renesse massiv und kommen auf einem Moped, um gemeinsam am Strand ihren Urlaub zu verbringen. Es besteht die Stimmung, dass hier alles erlaubt ist. Es gibt wenig anderes zu tun. Bald kommen die ersten Unterhaltungsorte.<\/p>&#13;\n&#13;\n<p>Der Tourismus entwickelt sich und es kommen immer mehr Erholungsunternehmen und Gastronomiebetriebe. Die Jugendlichen f\u00fchlen sich in Renesse zu Hause. Das Dorf bl\u00fcht und wird zu einem bl\u00fchenden Dorf. Ab 2000 verwandelt sich Renesse langsam in ein Familienresort. Es gibt gro\u00dfe Familiencamps mit zahlreichen Aktivit\u00e4ten und Einrichtungen f\u00fcr Kinder. Auf den Terrassen im Dorf k\u00f6nnen Sie Eis und Pfannkuchen essen. Die Gegend bietet alles, was sich der Badegast w\u00fcnscht: Sie k\u00f6nnen endlos Fahrrad fahren und laufen. Sie finden hier \u201eMeere von Raum und Zeit f\u00fcr sich\u201c. Dichtungen liegen in gro\u00dfer Zahl auf den Sandb\u00e4nken der K\u00fcste und werden als willkommene Bewohner umarmt. Und immer noch die gr\u00f6\u00dfte Attraktion ist der breite, ruhige und saubere Strand.<\/p>&#13;\n","protected":false},"excerpt":{"rendered":"<p>&#13; Geschichte von Renesse &#13; &#13; Seeland ist, wie der Name schon sagt, Land, das aus der See gewonnen ist. Aber nicht alle Gebiete sind durch Eindeichung entstanden. An der Westseite von Schouwen zum Beispiel lag schon 3000 Jahre vor Christus eine flache K\u00fcste aus Strandw\u00e4llen und alten D\u00fcnen. Dieses Gebiet ist seit der j\u00fcngeren [&hellip;]<\/p>\n","protected":false},"author":1,"featured_media":2098,"parent":2744,"menu_order":0,"comment_status":"closed","ping_status":"closed","template":"","meta":{"_acf_changed":false,"footnotes":""},"class_list":["post-2748","page","type-page","status-publish","has-post-thumbnail","hentry"],"acf":[],"yoast_head":"<!-- This site is optimized with the Yoast SEO plugin v27.5 - https:\/\/yoast.com\/product\/yoast-seo-wordpress\/ -->\n<title>Geschichte - Renesse Aan Zee<\/title>\n<meta name=\"robots\" content=\"index, follow, max-snippet:-1, max-image-preview:large, max-video-preview:-1\" \/>\n<link rel=\"canonical\" href=\"https:\/\/renesseaanzee.nl\/de\/allgemein\/geschichte\/\" \/>\n<meta property=\"og:locale\" content=\"de_DE\" \/>\n<meta property=\"og:type\" content=\"article\" \/>\n<meta property=\"og:title\" content=\"Geschichte - Renesse Aan Zee\" \/>\n<meta property=\"og:description\" content=\"&#013; Geschichte von Renesse &#013; &#013; Seeland ist, wie der Name schon sagt, Land, das aus der See gewonnen ist. Aber nicht alle Gebiete sind durch Eindeichung entstanden. An der Westseite von Schouwen zum Beispiel lag schon 3000 Jahre vor Christus eine flache K\u00fcste aus Strandw\u00e4llen und alten D\u00fcnen. Dieses Gebiet ist seit der j\u00fcngeren [&hellip;]\" \/>\n<meta property=\"og:url\" content=\"https:\/\/renesseaanzee.nl\/de\/allgemein\/geschichte\/\" \/>\n<meta property=\"og:site_name\" content=\"Renesse Aan Zee\" \/>\n<meta property=\"article:publisher\" content=\"https:\/\/www.facebook.com\/RenesseAanZee\/\" \/>\n<meta property=\"article:modified_time\" content=\"2021-06-25T12:31:45+00:00\" \/>\n<meta property=\"og:image\" content=\"https:\/\/renesseaanzee.nl\/wp-content\/uploads\/sites\/2\/2021\/06\/standard-banner-500x500.png\" \/>\n\t<meta property=\"og:image:width\" content=\"500\" \/>\n\t<meta property=\"og:image:height\" content=\"500\" \/>\n\t<meta property=\"og:image:type\" content=\"image\/png\" \/>\n<meta name=\"twitter:card\" content=\"summary_large_image\" \/>\n<meta name=\"twitter:site\" content=\"@Renesseaanzee\" \/>\n<meta name=\"twitter:label1\" content=\"Gesch\u00e4tzte Lesezeit\" \/>\n\t<meta name=\"twitter:data1\" content=\"3\u00a0Minuten\" \/>\n<script type=\"application\/ld+json\" class=\"yoast-schema-graph\">{\"@context\":\"https:\\\/\\\/schema.org\",\"@graph\":[{\"@type\":\"WebPage\",\"@id\":\"https:\\\/\\\/renesseaanzee.nl\\\/de\\\/allgemein\\\/geschichte\\\/\",\"url\":\"https:\\\/\\\/renesseaanzee.nl\\\/de\\\/allgemein\\\/geschichte\\\/\",\"name\":\"Geschichte - Renesse Aan Zee\",\"isPartOf\":{\"@id\":\"https:\\\/\\\/renesseaanzee.nl\\\/de\\\/#website\"},\"primaryImageOfPage\":{\"@id\":\"https:\\\/\\\/renesseaanzee.nl\\\/de\\\/allgemein\\\/geschichte\\\/#primaryimage\"},\"image\":{\"@id\":\"https:\\\/\\\/renesseaanzee.nl\\\/de\\\/allgemein\\\/geschichte\\\/#primaryimage\"},\"thumbnailUrl\":\"https:\\\/\\\/renesseaanzee.nl\\\/wp-content\\\/uploads\\\/sites\\\/2\\\/2021\\\/06\\\/standard-banner.png\",\"datePublished\":\"2021-06-01T09:26:39+00:00\",\"dateModified\":\"2021-06-25T12:31:45+00:00\",\"breadcrumb\":{\"@id\":\"https:\\\/\\\/renesseaanzee.nl\\\/de\\\/allgemein\\\/geschichte\\\/#breadcrumb\"},\"inLanguage\":\"de\",\"potentialAction\":[{\"@type\":\"ReadAction\",\"target\":[\"https:\\\/\\\/renesseaanzee.nl\\\/de\\\/allgemein\\\/geschichte\\\/\"]}]},{\"@type\":\"ImageObject\",\"inLanguage\":\"de\",\"@id\":\"https:\\\/\\\/renesseaanzee.nl\\\/de\\\/allgemein\\\/geschichte\\\/#primaryimage\",\"url\":\"https:\\\/\\\/renesseaanzee.nl\\\/wp-content\\\/uploads\\\/sites\\\/2\\\/2021\\\/06\\\/standard-banner.png\",\"contentUrl\":\"https:\\\/\\\/renesseaanzee.nl\\\/wp-content\\\/uploads\\\/sites\\\/2\\\/2021\\\/06\\\/standard-banner.png\",\"width\":1920,\"height\":600},{\"@type\":\"BreadcrumbList\",\"@id\":\"https:\\\/\\\/renesseaanzee.nl\\\/de\\\/allgemein\\\/geschichte\\\/#breadcrumb\",\"itemListElement\":[{\"@type\":\"ListItem\",\"position\":1,\"name\":\"Home\",\"item\":\"https:\\\/\\\/renesseaanzee.nl\\\/de\\\/\"},{\"@type\":\"ListItem\",\"position\":2,\"name\":\"Allgemein\",\"item\":\"https:\\\/\\\/renesseaanzee.nl\\\/de\\\/allgemein\\\/\"},{\"@type\":\"ListItem\",\"position\":3,\"name\":\"Geschichte\"}]},{\"@type\":\"WebSite\",\"@id\":\"https:\\\/\\\/renesseaanzee.nl\\\/de\\\/#website\",\"url\":\"https:\\\/\\\/renesseaanzee.nl\\\/de\\\/\",\"name\":\"Renesse Aan Zee\",\"description\":\"De gezelligste badplaats van Nederland\",\"publisher\":{\"@id\":\"https:\\\/\\\/renesseaanzee.nl\\\/de\\\/#organization\"},\"potentialAction\":[{\"@type\":\"SearchAction\",\"target\":{\"@type\":\"EntryPoint\",\"urlTemplate\":\"https:\\\/\\\/renesseaanzee.nl\\\/de\\\/?s={search_term_string}\"},\"query-input\":{\"@type\":\"PropertyValueSpecification\",\"valueRequired\":true,\"valueName\":\"search_term_string\"}}],\"inLanguage\":\"de\"},{\"@type\":\"Organization\",\"@id\":\"https:\\\/\\\/renesseaanzee.nl\\\/de\\\/#organization\",\"name\":\"Renesse Aan Zee\",\"url\":\"https:\\\/\\\/renesseaanzee.nl\\\/de\\\/\",\"logo\":{\"@type\":\"ImageObject\",\"inLanguage\":\"de\",\"@id\":\"https:\\\/\\\/renesseaanzee.nl\\\/de\\\/#\\\/schema\\\/logo\\\/image\\\/\",\"url\":\"https:\\\/\\\/renesseaanzee.nl\\\/wp-content\\\/uploads\\\/sites\\\/2\\\/2021\\\/06\\\/favicon.png\",\"contentUrl\":\"https:\\\/\\\/renesseaanzee.nl\\\/wp-content\\\/uploads\\\/sites\\\/2\\\/2021\\\/06\\\/favicon.png\",\"width\":200,\"height\":200,\"caption\":\"Renesse Aan Zee\"},\"image\":{\"@id\":\"https:\\\/\\\/renesseaanzee.nl\\\/de\\\/#\\\/schema\\\/logo\\\/image\\\/\"},\"sameAs\":[\"https:\\\/\\\/www.facebook.com\\\/RenesseAanZee\\\/\",\"https:\\\/\\\/x.com\\\/Renesseaanzee\",\"https:\\\/\\\/www.instagram.com\\\/renesseaanzee\\\/\",\"https:\\\/\\\/www.youtube.com\\\/channel\\\/UCVrJ4Pb4GAeXGjctARoD03g\"]}]}<\/script>\n<!-- \/ Yoast SEO plugin. -->","yoast_head_json":{"title":"Geschichte - Renesse Aan Zee","robots":{"index":"index","follow":"follow","max-snippet":"max-snippet:-1","max-image-preview":"max-image-preview:large","max-video-preview":"max-video-preview:-1"},"canonical":"https:\/\/renesseaanzee.nl\/de\/allgemein\/geschichte\/","og_locale":"de_DE","og_type":"article","og_title":"Geschichte - Renesse Aan Zee","og_description":"&#13; Geschichte von Renesse &#13; &#13; Seeland ist, wie der Name schon sagt, Land, das aus der See gewonnen ist. Aber nicht alle Gebiete sind durch Eindeichung entstanden. An der Westseite von Schouwen zum Beispiel lag schon 3000 Jahre vor Christus eine flache K\u00fcste aus Strandw\u00e4llen und alten D\u00fcnen. Dieses Gebiet ist seit der j\u00fcngeren [&hellip;]","og_url":"https:\/\/renesseaanzee.nl\/de\/allgemein\/geschichte\/","og_site_name":"Renesse Aan Zee","article_publisher":"https:\/\/www.facebook.com\/RenesseAanZee\/","article_modified_time":"2021-06-25T12:31:45+00:00","og_image":[{"width":500,"height":500,"url":"https:\/\/renesseaanzee.nl\/wp-content\/uploads\/sites\/2\/2021\/06\/standard-banner-500x500.png","type":"image\/png"}],"twitter_card":"summary_large_image","twitter_site":"@Renesseaanzee","twitter_misc":{"Gesch\u00e4tzte Lesezeit":"3\u00a0Minuten"},"schema":{"@context":"https:\/\/schema.org","@graph":[{"@type":"WebPage","@id":"https:\/\/renesseaanzee.nl\/de\/allgemein\/geschichte\/","url":"https:\/\/renesseaanzee.nl\/de\/allgemein\/geschichte\/","name":"Geschichte - Renesse Aan Zee","isPartOf":{"@id":"https:\/\/renesseaanzee.nl\/de\/#website"},"primaryImageOfPage":{"@id":"https:\/\/renesseaanzee.nl\/de\/allgemein\/geschichte\/#primaryimage"},"image":{"@id":"https:\/\/renesseaanzee.nl\/de\/allgemein\/geschichte\/#primaryimage"},"thumbnailUrl":"https:\/\/renesseaanzee.nl\/wp-content\/uploads\/sites\/2\/2021\/06\/standard-banner.png","datePublished":"2021-06-01T09:26:39+00:00","dateModified":"2021-06-25T12:31:45+00:00","breadcrumb":{"@id":"https:\/\/renesseaanzee.nl\/de\/allgemein\/geschichte\/#breadcrumb"},"inLanguage":"de","potentialAction":[{"@type":"ReadAction","target":["https:\/\/renesseaanzee.nl\/de\/allgemein\/geschichte\/"]}]},{"@type":"ImageObject","inLanguage":"de","@id":"https:\/\/renesseaanzee.nl\/de\/allgemein\/geschichte\/#primaryimage","url":"https:\/\/renesseaanzee.nl\/wp-content\/uploads\/sites\/2\/2021\/06\/standard-banner.png","contentUrl":"https:\/\/renesseaanzee.nl\/wp-content\/uploads\/sites\/2\/2021\/06\/standard-banner.png","width":1920,"height":600},{"@type":"BreadcrumbList","@id":"https:\/\/renesseaanzee.nl\/de\/allgemein\/geschichte\/#breadcrumb","itemListElement":[{"@type":"ListItem","position":1,"name":"Home","item":"https:\/\/renesseaanzee.nl\/de\/"},{"@type":"ListItem","position":2,"name":"Allgemein","item":"https:\/\/renesseaanzee.nl\/de\/allgemein\/"},{"@type":"ListItem","position":3,"name":"Geschichte"}]},{"@type":"WebSite","@id":"https:\/\/renesseaanzee.nl\/de\/#website","url":"https:\/\/renesseaanzee.nl\/de\/","name":"Renesse Aan Zee","description":"De gezelligste badplaats van Nederland","publisher":{"@id":"https:\/\/renesseaanzee.nl\/de\/#organization"},"potentialAction":[{"@type":"SearchAction","target":{"@type":"EntryPoint","urlTemplate":"https:\/\/renesseaanzee.nl\/de\/?s={search_term_string}"},"query-input":{"@type":"PropertyValueSpecification","valueRequired":true,"valueName":"search_term_string"}}],"inLanguage":"de"},{"@type":"Organization","@id":"https:\/\/renesseaanzee.nl\/de\/#organization","name":"Renesse Aan Zee","url":"https:\/\/renesseaanzee.nl\/de\/","logo":{"@type":"ImageObject","inLanguage":"de","@id":"https:\/\/renesseaanzee.nl\/de\/#\/schema\/logo\/image\/","url":"https:\/\/renesseaanzee.nl\/wp-content\/uploads\/sites\/2\/2021\/06\/favicon.png","contentUrl":"https:\/\/renesseaanzee.nl\/wp-content\/uploads\/sites\/2\/2021\/06\/favicon.png","width":200,"height":200,"caption":"Renesse Aan Zee"},"image":{"@id":"https:\/\/renesseaanzee.nl\/de\/#\/schema\/logo\/image\/"},"sameAs":["https:\/\/www.facebook.com\/RenesseAanZee\/","https:\/\/x.com\/Renesseaanzee","https:\/\/www.instagram.com\/renesseaanzee\/","https:\/\/www.youtube.com\/channel\/UCVrJ4Pb4GAeXGjctARoD03g"]}]}},"_links":{"self":[{"href":"https:\/\/renesseaanzee.nl\/de\/wp-json\/wp\/v2\/pages\/2748","targetHints":{"allow":["GET"]}}],"collection":[{"href":"https:\/\/renesseaanzee.nl\/de\/wp-json\/wp\/v2\/pages"}],"about":[{"href":"https:\/\/renesseaanzee.nl\/de\/wp-json\/wp\/v2\/types\/page"}],"author":[{"embeddable":true,"href":"https:\/\/renesseaanzee.nl\/de\/wp-json\/wp\/v2\/users\/1"}],"replies":[{"embeddable":true,"href":"https:\/\/renesseaanzee.nl\/de\/wp-json\/wp\/v2\/comments?post=2748"}],"version-history":[{"count":1,"href":"https:\/\/renesseaanzee.nl\/de\/wp-json\/wp\/v2\/pages\/2748\/revisions"}],"predecessor-version":[{"id":2749,"href":"https:\/\/renesseaanzee.nl\/de\/wp-json\/wp\/v2\/pages\/2748\/revisions\/2749"}],"up":[{"embeddable":true,"href":"https:\/\/renesseaanzee.nl\/de\/wp-json\/wp\/v2\/pages\/2744"}],"wp:featuredmedia":[{"embeddable":true,"href":"https:\/\/renesseaanzee.nl\/de\/wp-json\/wp\/v2\/media\/2098"}],"wp:attachment":[{"href":"https:\/\/renesseaanzee.nl\/de\/wp-json\/wp\/v2\/media?parent=2748"}],"curies":[{"name":"wp","href":"https:\/\/api.w.org\/{rel}","templated":true}]}}