{"id":2750,"date":"2021-06-01T11:29:57","date_gmt":"2021-06-01T09:29:57","guid":{"rendered":"https:\/\/renesseaanzee.nl\/allgemein\/huisart-und-apotheke\/"},"modified":"2021-06-25T14:33:54","modified_gmt":"2021-06-25T12:33:54","slug":"huisart-und-apotheke","status":"publish","type":"page","link":"https:\/\/renesseaanzee.nl\/de\/allgemein\/huisart-und-apotheke\/","title":{"rendered":"Hausarzt und Apotheke"},"content":{"rendered":"&#13;\n<h2 class=\"wp-block-heading\">Allgemeine Informationen<\/h2>&#13;\n&#13;\n<h3 class=\"wp-block-heading\">Hausarztpraxis Renesse<\/h3>&#13;\n&#13;\n<p>Adresse: Jan van Renesseweg 6, 4325 GN Renesse |\u00a0<a href=\"https:\/\/www.huisartsrenesse.nl\/de\/\" target=\"_blank\" rel=\"noopener noreferrer\" data-saferedirecturl=\"https:\/\/www.google.com\/url?q=https:\/\/www.huisartsrenesse.nl\/&amp;source=gmail&amp;ust=1583239423958000&amp;usg=AFQjCNEEcs9WQylcLEiSt9juq4KEO3-EUA\">www.huisartsrenesse.nl\/de<\/a>&#13;&#13;\nTelefonnummer:\u00a0<a href=\"#\" target=\"_blank\" rel=\"noopener noreferrer\">0111-461280<\/a>&#13;&#13;\nAnruf zwischen 8.00 \u2013 12.00 Uhr und 13.00 \u2013 17.00 Uhr (in Notf\u00e4llen auch zwischen 12.00 \u2013 13.00 Uhr und 17.00 \u2013 18.00 Uhr).<\/p>&#13;\n&#13;\n<p><i>Sprechzeiten ohne Termin:<\/i>&#13;&#13;\nMontag bis Freitag von 8.00 \u2013 9.00 Uhr.&#13;&#13;\nIm Juli und August gibt es zus\u00e4tzlich eine Sprechzeit zwischen 16.00 \u2013 17.00 Uhr.<\/p>&#13;\n&#13;\n<p><i>Nach Vereinbarung:<\/i>&#13;&#13;\nMittags f\u00fcr Konsultationen von 10 Minuten (falls l\u00e4nger n\u00f6tig, dieses vorab durchgeben).<\/p>&#13;\n&#13;\n<h3 class=\"wp-block-heading\">Apotheke Hausarztpraxis Renesse<\/h3>&#13;\n&#13;\n<p>Ge\u00f6ffnet: Montag bis Freitag von 8.00 \u2013 12.00 Uhr und von 13.00 \u2013 17.00 Uhr.&#13;&#13;\nSie erhalten umgehend w\u00e4hrend der B\u00fcrozeiten verschriebene Medikamente, sofern verf\u00fcgbar.<\/p>&#13;\n&#13;\n<p>Die Apotheke befindet sich in der Hausarztpraxis Renesse.<\/p>&#13;\n&#13;\n<h3 class=\"wp-block-heading\">Hausarztposten und Nachtapotheke<\/h3>&#13;\n&#13;\n<p>Hausarztposten und Nachtapotheke Abend-. Nacht- und Wochenenddienste erfolgen durch den Hausarztposten in Zierikzee.&#13;&#13;\nNur in dringenden F\u00e4llen, die nicht bis zum folgenden Arbeitstag warten k\u00f6nnen.&#13;&#13;\nNur nach telefonischer R\u00fccksprache:\u00a0<a href=\"#\" target=\"_blank\" rel=\"noopener noreferrer\">0031-900-1585<\/a>.<\/p>&#13;\n&#13;\n<p>Adresse: Borrendamme 9 (Scheldestraat 2), 4301 VD Zierikzee.<\/p>&#13;\n&#13;\n<h3 class=\"wp-block-heading\">Notfallversorgung Krankenhaus<\/h3>&#13;\n&#13;\n<p>Auch f\u00fcr die Notfallversorgung (Krankenh\u00e4user in Goes und Vlissingen) brauchen Sie eine \u00dcberweisung vom Hausarzt oder vom Hausarztposten. Wenn Sie zur Notfallversorgung kommen, ohne eine \u00dcberweisung, und nicht die Rede ist von einem akuten Notfall, dann wird Ihnen die Rechnung nach Hause geschickt. Rufen Sie im Zweifelsfall immer zuerst den Hausarzt\/Hausarztposten an.<\/p>&#13;\n&#13;\n<p>Rufen Sie bei lebensbedrohlichen Situationen die\u00a0<a href=\"#\" target=\"_blank\" rel=\"noopener noreferrer\">Notfallnummer 112<\/a>\u00a0an.<\/p>&#13;\n","protected":false},"excerpt":{"rendered":"<p>&#13; Allgemeine Informationen &#13; &#13; Hausarztpraxis Renesse &#13; &#13; Adresse: Jan van Renesseweg 6, 4325 GN Renesse |\u00a0www.huisartsrenesse.nl\/de&#13;&#13; Telefonnummer:\u00a00111-461280&#13;&#13; Anruf zwischen 8.00 \u2013 12.00 Uhr und 13.00 \u2013 17.00 Uhr (in Notf\u00e4llen auch zwischen 12.00 \u2013 13.00 Uhr und 17.00 \u2013 18.00 Uhr). &#13; &#13; Sprechzeiten ohne Termin:&#13;&#13; Montag bis Freitag von 8.00 \u2013 9.00 [&hellip;]<\/p>\n","protected":false},"author":1,"featured_media":2098,"parent":2744,"menu_order":0,"comment_status":"closed","ping_status":"closed","template":"","meta":{"_acf_changed":false,"footnotes":""},"class_list":["post-2750","page","type-page","status-publish","has-post-thumbnail","hentry"],"acf":[],"yoast_head":"<!-- This site is optimized with the Yoast SEO plugin v27.4 - https:\/\/yoast.com\/product\/yoast-seo-wordpress\/ -->\n<title>Hausarzt und Apotheke - Renesse Aan Zee<\/title>\n<meta name=\"robots\" content=\"index, follow, max-snippet:-1, max-image-preview:large, max-video-preview:-1\" \/>\n<link rel=\"canonical\" href=\"https:\/\/renesseaanzee.nl\/de\/allgemein\/huisart-und-apotheke\/\" \/>\n<meta property=\"og:locale\" content=\"de_DE\" \/>\n<meta property=\"og:type\" content=\"article\" \/>\n<meta property=\"og:title\" content=\"Hausarzt und Apotheke - Renesse Aan Zee\" \/>\n<meta property=\"og:description\" content=\"&#013; Allgemeine Informationen &#013; &#013; Hausarztpraxis Renesse &#013; &#013; Adresse: Jan van Renesseweg 6, 4325 GN Renesse |\u00a0www.huisartsrenesse.nl\/de&#013;&#013; Telefonnummer:\u00a00111-461280&#013;&#013; Anruf zwischen 8.00 \u2013 12.00 Uhr und 13.00 \u2013 17.00 Uhr (in Notf\u00e4llen auch zwischen 12.00 \u2013 13.00 Uhr und 17.00 \u2013 18.00 Uhr). &#013; &#013; Sprechzeiten ohne Termin:&#013;&#013; Montag bis Freitag von 8.00 \u2013 9.00 [&hellip;]\" \/>\n<meta property=\"og:url\" content=\"https:\/\/renesseaanzee.nl\/de\/allgemein\/huisart-und-apotheke\/\" \/>\n<meta property=\"og:site_name\" content=\"Renesse Aan Zee\" \/>\n<meta property=\"article:publisher\" content=\"https:\/\/www.facebook.com\/RenesseAanZee\/\" \/>\n<meta property=\"article:modified_time\" content=\"2021-06-25T12:33:54+00:00\" \/>\n<meta property=\"og:image\" content=\"https:\/\/renesseaanzee.nl\/wp-content\/uploads\/sites\/2\/2021\/06\/standard-banner-500x500.png\" \/>\n\t<meta property=\"og:image:width\" content=\"500\" \/>\n\t<meta property=\"og:image:height\" content=\"500\" \/>\n\t<meta property=\"og:image:type\" content=\"image\/png\" \/>\n<meta name=\"twitter:card\" content=\"summary_large_image\" \/>\n<meta name=\"twitter:site\" content=\"@Renesseaanzee\" \/>\n<meta name=\"twitter:label1\" content=\"Gesch\u00e4tzte Lesezeit\" \/>\n\t<meta name=\"twitter:data1\" content=\"1\u00a0Minute\" \/>\n<script type=\"application\/ld+json\" class=\"yoast-schema-graph\">{\"@context\":\"https:\\\/\\\/schema.org\",\"@graph\":[{\"@type\":\"WebPage\",\"@id\":\"https:\\\/\\\/renesseaanzee.nl\\\/de\\\/allgemein\\\/huisart-und-apotheke\\\/\",\"url\":\"https:\\\/\\\/renesseaanzee.nl\\\/de\\\/allgemein\\\/huisart-und-apotheke\\\/\",\"name\":\"Hausarzt und Apotheke - Renesse Aan Zee\",\"isPartOf\":{\"@id\":\"https:\\\/\\\/renesseaanzee.nl\\\/de\\\/#website\"},\"primaryImageOfPage\":{\"@id\":\"https:\\\/\\\/renesseaanzee.nl\\\/de\\\/allgemein\\\/huisart-und-apotheke\\\/#primaryimage\"},\"image\":{\"@id\":\"https:\\\/\\\/renesseaanzee.nl\\\/de\\\/allgemein\\\/huisart-und-apotheke\\\/#primaryimage\"},\"thumbnailUrl\":\"https:\\\/\\\/renesseaanzee.nl\\\/wp-content\\\/uploads\\\/sites\\\/2\\\/2021\\\/06\\\/standard-banner.png\",\"datePublished\":\"2021-06-01T09:29:57+00:00\",\"dateModified\":\"2021-06-25T12:33:54+00:00\",\"breadcrumb\":{\"@id\":\"https:\\\/\\\/renesseaanzee.nl\\\/de\\\/allgemein\\\/huisart-und-apotheke\\\/#breadcrumb\"},\"inLanguage\":\"de\",\"potentialAction\":[{\"@type\":\"ReadAction\",\"target\":[\"https:\\\/\\\/renesseaanzee.nl\\\/de\\\/allgemein\\\/huisart-und-apotheke\\\/\"]}]},{\"@type\":\"ImageObject\",\"inLanguage\":\"de\",\"@id\":\"https:\\\/\\\/renesseaanzee.nl\\\/de\\\/allgemein\\\/huisart-und-apotheke\\\/#primaryimage\",\"url\":\"https:\\\/\\\/renesseaanzee.nl\\\/wp-content\\\/uploads\\\/sites\\\/2\\\/2021\\\/06\\\/standard-banner.png\",\"contentUrl\":\"https:\\\/\\\/renesseaanzee.nl\\\/wp-content\\\/uploads\\\/sites\\\/2\\\/2021\\\/06\\\/standard-banner.png\",\"width\":1920,\"height\":600},{\"@type\":\"BreadcrumbList\",\"@id\":\"https:\\\/\\\/renesseaanzee.nl\\\/de\\\/allgemein\\\/huisart-und-apotheke\\\/#breadcrumb\",\"itemListElement\":[{\"@type\":\"ListItem\",\"position\":1,\"name\":\"Home\",\"item\":\"https:\\\/\\\/renesseaanzee.nl\\\/de\\\/\"},{\"@type\":\"ListItem\",\"position\":2,\"name\":\"Allgemein\",\"item\":\"https:\\\/\\\/renesseaanzee.nl\\\/de\\\/allgemein\\\/\"},{\"@type\":\"ListItem\",\"position\":3,\"name\":\"Hausarzt und Apotheke\"}]},{\"@type\":\"WebSite\",\"@id\":\"https:\\\/\\\/renesseaanzee.nl\\\/de\\\/#website\",\"url\":\"https:\\\/\\\/renesseaanzee.nl\\\/de\\\/\",\"name\":\"Renesse Aan Zee\",\"description\":\"De gezelligste badplaats van Nederland\",\"publisher\":{\"@id\":\"https:\\\/\\\/renesseaanzee.nl\\\/de\\\/#organization\"},\"potentialAction\":[{\"@type\":\"SearchAction\",\"target\":{\"@type\":\"EntryPoint\",\"urlTemplate\":\"https:\\\/\\\/renesseaanzee.nl\\\/de\\\/?s={search_term_string}\"},\"query-input\":{\"@type\":\"PropertyValueSpecification\",\"valueRequired\":true,\"valueName\":\"search_term_string\"}}],\"inLanguage\":\"de\"},{\"@type\":\"Organization\",\"@id\":\"https:\\\/\\\/renesseaanzee.nl\\\/de\\\/#organization\",\"name\":\"Renesse Aan Zee\",\"url\":\"https:\\\/\\\/renesseaanzee.nl\\\/de\\\/\",\"logo\":{\"@type\":\"ImageObject\",\"inLanguage\":\"de\",\"@id\":\"https:\\\/\\\/renesseaanzee.nl\\\/de\\\/#\\\/schema\\\/logo\\\/image\\\/\",\"url\":\"https:\\\/\\\/renesseaanzee.nl\\\/wp-content\\\/uploads\\\/sites\\\/2\\\/2021\\\/06\\\/favicon.png\",\"contentUrl\":\"https:\\\/\\\/renesseaanzee.nl\\\/wp-content\\\/uploads\\\/sites\\\/2\\\/2021\\\/06\\\/favicon.png\",\"width\":200,\"height\":200,\"caption\":\"Renesse Aan Zee\"},\"image\":{\"@id\":\"https:\\\/\\\/renesseaanzee.nl\\\/de\\\/#\\\/schema\\\/logo\\\/image\\\/\"},\"sameAs\":[\"https:\\\/\\\/www.facebook.com\\\/RenesseAanZee\\\/\",\"https:\\\/\\\/x.com\\\/Renesseaanzee\",\"https:\\\/\\\/www.instagram.com\\\/renesseaanzee\\\/\",\"https:\\\/\\\/www.youtube.com\\\/channel\\\/UCVrJ4Pb4GAeXGjctARoD03g\"]}]}<\/script>\n<!-- \/ Yoast SEO plugin. -->","yoast_head_json":{"title":"Hausarzt und Apotheke - Renesse Aan Zee","robots":{"index":"index","follow":"follow","max-snippet":"max-snippet:-1","max-image-preview":"max-image-preview:large","max-video-preview":"max-video-preview:-1"},"canonical":"https:\/\/renesseaanzee.nl\/de\/allgemein\/huisart-und-apotheke\/","og_locale":"de_DE","og_type":"article","og_title":"Hausarzt und Apotheke - Renesse Aan Zee","og_description":"&#13; Allgemeine Informationen &#13; &#13; Hausarztpraxis Renesse &#13; &#13; Adresse: Jan van Renesseweg 6, 4325 GN Renesse |\u00a0www.huisartsrenesse.nl\/de&#13;&#13; Telefonnummer:\u00a00111-461280&#13;&#13; Anruf zwischen 8.00 \u2013 12.00 Uhr und 13.00 \u2013 17.00 Uhr (in Notf\u00e4llen auch zwischen 12.00 \u2013 13.00 Uhr und 17.00 \u2013 18.00 Uhr). &#13; &#13; Sprechzeiten ohne Termin:&#13;&#13; Montag bis Freitag von 8.00 \u2013 9.00 [&hellip;]","og_url":"https:\/\/renesseaanzee.nl\/de\/allgemein\/huisart-und-apotheke\/","og_site_name":"Renesse Aan Zee","article_publisher":"https:\/\/www.facebook.com\/RenesseAanZee\/","article_modified_time":"2021-06-25T12:33:54+00:00","og_image":[{"width":500,"height":500,"url":"https:\/\/renesseaanzee.nl\/wp-content\/uploads\/sites\/2\/2021\/06\/standard-banner-500x500.png","type":"image\/png"}],"twitter_card":"summary_large_image","twitter_site":"@Renesseaanzee","twitter_misc":{"Gesch\u00e4tzte Lesezeit":"1\u00a0Minute"},"schema":{"@context":"https:\/\/schema.org","@graph":[{"@type":"WebPage","@id":"https:\/\/renesseaanzee.nl\/de\/allgemein\/huisart-und-apotheke\/","url":"https:\/\/renesseaanzee.nl\/de\/allgemein\/huisart-und-apotheke\/","name":"Hausarzt und Apotheke - Renesse Aan Zee","isPartOf":{"@id":"https:\/\/renesseaanzee.nl\/de\/#website"},"primaryImageOfPage":{"@id":"https:\/\/renesseaanzee.nl\/de\/allgemein\/huisart-und-apotheke\/#primaryimage"},"image":{"@id":"https:\/\/renesseaanzee.nl\/de\/allgemein\/huisart-und-apotheke\/#primaryimage"},"thumbnailUrl":"https:\/\/renesseaanzee.nl\/wp-content\/uploads\/sites\/2\/2021\/06\/standard-banner.png","datePublished":"2021-06-01T09:29:57+00:00","dateModified":"2021-06-25T12:33:54+00:00","breadcrumb":{"@id":"https:\/\/renesseaanzee.nl\/de\/allgemein\/huisart-und-apotheke\/#breadcrumb"},"inLanguage":"de","potentialAction":[{"@type":"ReadAction","target":["https:\/\/renesseaanzee.nl\/de\/allgemein\/huisart-und-apotheke\/"]}]},{"@type":"ImageObject","inLanguage":"de","@id":"https:\/\/renesseaanzee.nl\/de\/allgemein\/huisart-und-apotheke\/#primaryimage","url":"https:\/\/renesseaanzee.nl\/wp-content\/uploads\/sites\/2\/2021\/06\/standard-banner.png","contentUrl":"https:\/\/renesseaanzee.nl\/wp-content\/uploads\/sites\/2\/2021\/06\/standard-banner.png","width":1920,"height":600},{"@type":"BreadcrumbList","@id":"https:\/\/renesseaanzee.nl\/de\/allgemein\/huisart-und-apotheke\/#breadcrumb","itemListElement":[{"@type":"ListItem","position":1,"name":"Home","item":"https:\/\/renesseaanzee.nl\/de\/"},{"@type":"ListItem","position":2,"name":"Allgemein","item":"https:\/\/renesseaanzee.nl\/de\/allgemein\/"},{"@type":"ListItem","position":3,"name":"Hausarzt und Apotheke"}]},{"@type":"WebSite","@id":"https:\/\/renesseaanzee.nl\/de\/#website","url":"https:\/\/renesseaanzee.nl\/de\/","name":"Renesse Aan Zee","description":"De gezelligste badplaats van Nederland","publisher":{"@id":"https:\/\/renesseaanzee.nl\/de\/#organization"},"potentialAction":[{"@type":"SearchAction","target":{"@type":"EntryPoint","urlTemplate":"https:\/\/renesseaanzee.nl\/de\/?s={search_term_string}"},"query-input":{"@type":"PropertyValueSpecification","valueRequired":true,"valueName":"search_term_string"}}],"inLanguage":"de"},{"@type":"Organization","@id":"https:\/\/renesseaanzee.nl\/de\/#organization","name":"Renesse Aan Zee","url":"https:\/\/renesseaanzee.nl\/de\/","logo":{"@type":"ImageObject","inLanguage":"de","@id":"https:\/\/renesseaanzee.nl\/de\/#\/schema\/logo\/image\/","url":"https:\/\/renesseaanzee.nl\/wp-content\/uploads\/sites\/2\/2021\/06\/favicon.png","contentUrl":"https:\/\/renesseaanzee.nl\/wp-content\/uploads\/sites\/2\/2021\/06\/favicon.png","width":200,"height":200,"caption":"Renesse Aan Zee"},"image":{"@id":"https:\/\/renesseaanzee.nl\/de\/#\/schema\/logo\/image\/"},"sameAs":["https:\/\/www.facebook.com\/RenesseAanZee\/","https:\/\/x.com\/Renesseaanzee","https:\/\/www.instagram.com\/renesseaanzee\/","https:\/\/www.youtube.com\/channel\/UCVrJ4Pb4GAeXGjctARoD03g"]}]}},"_links":{"self":[{"href":"https:\/\/renesseaanzee.nl\/de\/wp-json\/wp\/v2\/pages\/2750","targetHints":{"allow":["GET"]}}],"collection":[{"href":"https:\/\/renesseaanzee.nl\/de\/wp-json\/wp\/v2\/pages"}],"about":[{"href":"https:\/\/renesseaanzee.nl\/de\/wp-json\/wp\/v2\/types\/page"}],"author":[{"embeddable":true,"href":"https:\/\/renesseaanzee.nl\/de\/wp-json\/wp\/v2\/users\/1"}],"replies":[{"embeddable":true,"href":"https:\/\/renesseaanzee.nl\/de\/wp-json\/wp\/v2\/comments?post=2750"}],"version-history":[{"count":1,"href":"https:\/\/renesseaanzee.nl\/de\/wp-json\/wp\/v2\/pages\/2750\/revisions"}],"predecessor-version":[{"id":2751,"href":"https:\/\/renesseaanzee.nl\/de\/wp-json\/wp\/v2\/pages\/2750\/revisions\/2751"}],"up":[{"embeddable":true,"href":"https:\/\/renesseaanzee.nl\/de\/wp-json\/wp\/v2\/pages\/2744"}],"wp:featuredmedia":[{"embeddable":true,"href":"https:\/\/renesseaanzee.nl\/de\/wp-json\/wp\/v2\/media\/2098"}],"wp:attachment":[{"href":"https:\/\/renesseaanzee.nl\/de\/wp-json\/wp\/v2\/media?parent=2750"}],"curies":[{"name":"wp","href":"https:\/\/api.w.org\/{rel}","templated":true}]}}