{"id":2752,"date":"2021-06-01T11:40:39","date_gmt":"2021-06-01T09:40:39","guid":{"rendered":"https:\/\/renesseaanzee.nl\/allgemein\/kirche-glaube\/"},"modified":"2022-02-14T11:20:37","modified_gmt":"2022-02-14T10:20:37","slug":"kirche-glaube","status":"publish","type":"page","link":"https:\/\/renesseaanzee.nl\/de\/allgemein\/kirche-glaube\/","title":{"rendered":"Kirche und glaube"},"content":{"rendered":"&#13;\n<h2 class=\"wp-block-heading\">\u00dcber die Jacobus Kirche<\/h2>&#13;\n&#13;\n<p>Blickf\u00e4nger im Zentrum ist die gotische Jacobus Kirche (1506) an de Lange Reke. Wahrscheinlich stand fr\u00fcher an dieser Stelle eine r\u00f6mische Kapelle. Der Hauptaltar war dem heiligen Jakob geweiht, dem Heiligen von Santiago de Compostella. Die Kirche ist aufgenommen in die jahrhundertealte Pilgerroute nach Spanien. Die Kirmes von Renesse findet seit alters her immer am 25. Juli, dem Namenstag von Jacobus, statt.<\/p>&#13;\n&#13;\n<p>Die Kanzel stammt aus dem 17. Jahrhundert und kommt aus der Kirche von Elkerzee, die nach der \u00dcberschwemmungskatastrophe nicht mehr aufgebaut wurde. In der bemalten, eisernen Truhe (17. Jahrhundert), die neben der Kanzel steht, wurde fr\u00fcher das Abendmahlsilber aufbewahrt. Auf dem sehr alten Altarstein unter dem Abendmahltisch sind f\u00fcnf Kreuzchen zu sehen. Diese beziehen sich auf die f\u00fcnf Wunden von Jesus. Die Orgel (930 Pfeifen) wurde 1882 durch die Firma Oberlinger in Windesheim gebaut. Die Kirche verf\u00fcgt \u00fcber f\u00fcnf Trauerzeichen, zwei Grabplatten und 23 Erinnerungsst\u00fccke, die alle aus der zweiten H\u00e4lfte des 18. Jahrhunderts stammen und eine seltene Sammlung f\u00fcr Seeland darstellen.<\/p>&#13;\n&#13;\n<p>Im Turm h\u00e4ngt eine Glocke von Pieter van Dormen aus dem Jahre 1458 mit folgender Inschrift: Salvatrix seculi, Stella maris succure ora nobis (Retter der Welt, Sterne der See, helft uns beten). An der Nordseite befindet sich der angebaute, achtkantige Treppenturm, zusammen mit der Abbildung von Maria mit Kind.&#13;&#13;\nSie k\u00f6nnen im Juni am Mittwochmorgen und im Juli und August auch am Samstagmorgen den Turm besteigen.<\/p>&#13;\n&#13;\n<p>Konzerte (gratis Zugang) in der Kirche: jeden Donnerstagabend: 20.00 \u2013 21.00 Uhr&#13;&#13;\nDie Kirche ist im Juli und August t\u00e4glich (au\u00dfer montags) von 10.00 \u2013 13.00 Uhr ge\u00f6ffnet mit einer Ausstellung von Einwohnern aus Renesse \u00fcber das \u201cZonnelied van Franciscus\u201d (Sonnenlied von Franziskus), einer B\u00fccherecke und einer Kerzenecke.&#13;&#13;\nAuch w\u00e4hrend der Abendm\u00e4rkte ist die Kirche von 19.00 \u2013 22.00 Uhr ge\u00f6ffnet.<\/p>&#13;\n&#13;\n<p><b>Gottesdienste<\/b>&#13;&#13;\nDer reformierte Gottesdienst in der Jacobuskerk wird am Sonntag um 9.30 Uhr gehalten.&#13;&#13;\nDeutschsprachige Gottesdienste: jeden Sonntag um 11.00 Uhr.<\/p>&#13;\n&#13;\n<p>Prediger ist ds. P. Goodijk.<\/p>&#13;\n&#13;\n<p>Weitere Informationen finden Sie auf\u00a0<a href=\"http:\/\/www.kerkrenessenoordwelle.nl\">www.kerkrenessenoordwelle.nl<\/a><\/p>&#13;\n","protected":false},"excerpt":{"rendered":"<p>&#13; \u00dcber die Jacobus Kirche &#13; &#13; Blickf\u00e4nger im Zentrum ist die gotische Jacobus Kirche (1506) an de Lange Reke. Wahrscheinlich stand fr\u00fcher an dieser Stelle eine r\u00f6mische Kapelle. Der Hauptaltar war dem heiligen Jakob geweiht, dem Heiligen von Santiago de Compostella. Die Kirche ist aufgenommen in die jahrhundertealte Pilgerroute nach Spanien. Die Kirmes von [&hellip;]<\/p>\n","protected":false},"author":1,"featured_media":5368,"parent":2744,"menu_order":0,"comment_status":"closed","ping_status":"closed","template":"","meta":{"_acf_changed":false,"footnotes":""},"class_list":["post-2752","page","type-page","status-publish","has-post-thumbnail","hentry"],"acf":[],"yoast_head":"<!-- This site is optimized with the Yoast SEO plugin v27.4 - https:\/\/yoast.com\/product\/yoast-seo-wordpress\/ -->\n<title>Kirche und glaube - Renesse Aan Zee<\/title>\n<meta name=\"robots\" content=\"index, follow, max-snippet:-1, max-image-preview:large, max-video-preview:-1\" \/>\n<link rel=\"canonical\" href=\"https:\/\/renesseaanzee.nl\/de\/allgemein\/kirche-glaube\/\" \/>\n<meta property=\"og:locale\" content=\"de_DE\" \/>\n<meta property=\"og:type\" content=\"article\" \/>\n<meta property=\"og:title\" content=\"Kirche und glaube - Renesse Aan Zee\" \/>\n<meta property=\"og:description\" content=\"&#013; \u00dcber die Jacobus Kirche &#013; &#013; Blickf\u00e4nger im Zentrum ist die gotische Jacobus Kirche (1506) an de Lange Reke. Wahrscheinlich stand fr\u00fcher an dieser Stelle eine r\u00f6mische Kapelle. Der Hauptaltar war dem heiligen Jakob geweiht, dem Heiligen von Santiago de Compostella. Die Kirche ist aufgenommen in die jahrhundertealte Pilgerroute nach Spanien. Die Kirmes von [&hellip;]\" \/>\n<meta property=\"og:url\" content=\"https:\/\/renesseaanzee.nl\/de\/allgemein\/kirche-glaube\/\" \/>\n<meta property=\"og:site_name\" content=\"Renesse Aan Zee\" \/>\n<meta property=\"article:publisher\" content=\"https:\/\/www.facebook.com\/RenesseAanZee\/\" \/>\n<meta property=\"article:modified_time\" content=\"2022-02-14T10:20:37+00:00\" \/>\n<meta property=\"og:image\" content=\"https:\/\/renesseaanzee.nl\/wp-content\/uploads\/sites\/2\/2022\/02\/DJI_0007-scaled.jpg\" \/>\n\t<meta property=\"og:image:width\" content=\"2560\" \/>\n\t<meta property=\"og:image:height\" content=\"1440\" \/>\n\t<meta property=\"og:image:type\" content=\"image\/jpeg\" \/>\n<meta name=\"twitter:card\" content=\"summary_large_image\" \/>\n<meta name=\"twitter:site\" content=\"@Renesseaanzee\" \/>\n<meta name=\"twitter:label1\" content=\"Gesch\u00e4tzte Lesezeit\" \/>\n\t<meta name=\"twitter:data1\" content=\"2\u00a0Minuten\" \/>\n<script type=\"application\/ld+json\" class=\"yoast-schema-graph\">{\"@context\":\"https:\\\/\\\/schema.org\",\"@graph\":[{\"@type\":\"WebPage\",\"@id\":\"https:\\\/\\\/renesseaanzee.nl\\\/de\\\/allgemein\\\/kirche-glaube\\\/\",\"url\":\"https:\\\/\\\/renesseaanzee.nl\\\/de\\\/allgemein\\\/kirche-glaube\\\/\",\"name\":\"Kirche und glaube - Renesse Aan Zee\",\"isPartOf\":{\"@id\":\"https:\\\/\\\/renesseaanzee.nl\\\/de\\\/#website\"},\"primaryImageOfPage\":{\"@id\":\"https:\\\/\\\/renesseaanzee.nl\\\/de\\\/allgemein\\\/kirche-glaube\\\/#primaryimage\"},\"image\":{\"@id\":\"https:\\\/\\\/renesseaanzee.nl\\\/de\\\/allgemein\\\/kirche-glaube\\\/#primaryimage\"},\"thumbnailUrl\":\"https:\\\/\\\/renesseaanzee.nl\\\/wp-content\\\/uploads\\\/sites\\\/2\\\/2022\\\/02\\\/DJI_0007-scaled.jpg\",\"datePublished\":\"2021-06-01T09:40:39+00:00\",\"dateModified\":\"2022-02-14T10:20:37+00:00\",\"breadcrumb\":{\"@id\":\"https:\\\/\\\/renesseaanzee.nl\\\/de\\\/allgemein\\\/kirche-glaube\\\/#breadcrumb\"},\"inLanguage\":\"de\",\"potentialAction\":[{\"@type\":\"ReadAction\",\"target\":[\"https:\\\/\\\/renesseaanzee.nl\\\/de\\\/allgemein\\\/kirche-glaube\\\/\"]}]},{\"@type\":\"ImageObject\",\"inLanguage\":\"de\",\"@id\":\"https:\\\/\\\/renesseaanzee.nl\\\/de\\\/allgemein\\\/kirche-glaube\\\/#primaryimage\",\"url\":\"https:\\\/\\\/renesseaanzee.nl\\\/wp-content\\\/uploads\\\/sites\\\/2\\\/2022\\\/02\\\/DJI_0007-scaled.jpg\",\"contentUrl\":\"https:\\\/\\\/renesseaanzee.nl\\\/wp-content\\\/uploads\\\/sites\\\/2\\\/2022\\\/02\\\/DJI_0007-scaled.jpg\",\"width\":2560,\"height\":1440,\"caption\":\"DCIM100MEDIADJI_0007.JPG\"},{\"@type\":\"BreadcrumbList\",\"@id\":\"https:\\\/\\\/renesseaanzee.nl\\\/de\\\/allgemein\\\/kirche-glaube\\\/#breadcrumb\",\"itemListElement\":[{\"@type\":\"ListItem\",\"position\":1,\"name\":\"Home\",\"item\":\"https:\\\/\\\/renesseaanzee.nl\\\/de\\\/\"},{\"@type\":\"ListItem\",\"position\":2,\"name\":\"Allgemein\",\"item\":\"https:\\\/\\\/renesseaanzee.nl\\\/de\\\/allgemein\\\/\"},{\"@type\":\"ListItem\",\"position\":3,\"name\":\"Kirche und glaube\"}]},{\"@type\":\"WebSite\",\"@id\":\"https:\\\/\\\/renesseaanzee.nl\\\/de\\\/#website\",\"url\":\"https:\\\/\\\/renesseaanzee.nl\\\/de\\\/\",\"name\":\"Renesse Aan Zee\",\"description\":\"De gezelligste badplaats van Nederland\",\"publisher\":{\"@id\":\"https:\\\/\\\/renesseaanzee.nl\\\/de\\\/#organization\"},\"potentialAction\":[{\"@type\":\"SearchAction\",\"target\":{\"@type\":\"EntryPoint\",\"urlTemplate\":\"https:\\\/\\\/renesseaanzee.nl\\\/de\\\/?s={search_term_string}\"},\"query-input\":{\"@type\":\"PropertyValueSpecification\",\"valueRequired\":true,\"valueName\":\"search_term_string\"}}],\"inLanguage\":\"de\"},{\"@type\":\"Organization\",\"@id\":\"https:\\\/\\\/renesseaanzee.nl\\\/de\\\/#organization\",\"name\":\"Renesse Aan Zee\",\"url\":\"https:\\\/\\\/renesseaanzee.nl\\\/de\\\/\",\"logo\":{\"@type\":\"ImageObject\",\"inLanguage\":\"de\",\"@id\":\"https:\\\/\\\/renesseaanzee.nl\\\/de\\\/#\\\/schema\\\/logo\\\/image\\\/\",\"url\":\"https:\\\/\\\/renesseaanzee.nl\\\/wp-content\\\/uploads\\\/sites\\\/2\\\/2021\\\/06\\\/favicon.png\",\"contentUrl\":\"https:\\\/\\\/renesseaanzee.nl\\\/wp-content\\\/uploads\\\/sites\\\/2\\\/2021\\\/06\\\/favicon.png\",\"width\":200,\"height\":200,\"caption\":\"Renesse Aan Zee\"},\"image\":{\"@id\":\"https:\\\/\\\/renesseaanzee.nl\\\/de\\\/#\\\/schema\\\/logo\\\/image\\\/\"},\"sameAs\":[\"https:\\\/\\\/www.facebook.com\\\/RenesseAanZee\\\/\",\"https:\\\/\\\/x.com\\\/Renesseaanzee\",\"https:\\\/\\\/www.instagram.com\\\/renesseaanzee\\\/\",\"https:\\\/\\\/www.youtube.com\\\/channel\\\/UCVrJ4Pb4GAeXGjctARoD03g\"]}]}<\/script>\n<!-- \/ Yoast SEO plugin. -->","yoast_head_json":{"title":"Kirche und glaube - Renesse Aan Zee","robots":{"index":"index","follow":"follow","max-snippet":"max-snippet:-1","max-image-preview":"max-image-preview:large","max-video-preview":"max-video-preview:-1"},"canonical":"https:\/\/renesseaanzee.nl\/de\/allgemein\/kirche-glaube\/","og_locale":"de_DE","og_type":"article","og_title":"Kirche und glaube - Renesse Aan Zee","og_description":"&#13; \u00dcber die Jacobus Kirche &#13; &#13; Blickf\u00e4nger im Zentrum ist die gotische Jacobus Kirche (1506) an de Lange Reke. Wahrscheinlich stand fr\u00fcher an dieser Stelle eine r\u00f6mische Kapelle. Der Hauptaltar war dem heiligen Jakob geweiht, dem Heiligen von Santiago de Compostella. Die Kirche ist aufgenommen in die jahrhundertealte Pilgerroute nach Spanien. Die Kirmes von [&hellip;]","og_url":"https:\/\/renesseaanzee.nl\/de\/allgemein\/kirche-glaube\/","og_site_name":"Renesse Aan Zee","article_publisher":"https:\/\/www.facebook.com\/RenesseAanZee\/","article_modified_time":"2022-02-14T10:20:37+00:00","og_image":[{"width":2560,"height":1440,"url":"https:\/\/renesseaanzee.nl\/wp-content\/uploads\/sites\/2\/2022\/02\/DJI_0007-scaled.jpg","type":"image\/jpeg"}],"twitter_card":"summary_large_image","twitter_site":"@Renesseaanzee","twitter_misc":{"Gesch\u00e4tzte Lesezeit":"2\u00a0Minuten"},"schema":{"@context":"https:\/\/schema.org","@graph":[{"@type":"WebPage","@id":"https:\/\/renesseaanzee.nl\/de\/allgemein\/kirche-glaube\/","url":"https:\/\/renesseaanzee.nl\/de\/allgemein\/kirche-glaube\/","name":"Kirche und glaube - Renesse Aan Zee","isPartOf":{"@id":"https:\/\/renesseaanzee.nl\/de\/#website"},"primaryImageOfPage":{"@id":"https:\/\/renesseaanzee.nl\/de\/allgemein\/kirche-glaube\/#primaryimage"},"image":{"@id":"https:\/\/renesseaanzee.nl\/de\/allgemein\/kirche-glaube\/#primaryimage"},"thumbnailUrl":"https:\/\/renesseaanzee.nl\/wp-content\/uploads\/sites\/2\/2022\/02\/DJI_0007-scaled.jpg","datePublished":"2021-06-01T09:40:39+00:00","dateModified":"2022-02-14T10:20:37+00:00","breadcrumb":{"@id":"https:\/\/renesseaanzee.nl\/de\/allgemein\/kirche-glaube\/#breadcrumb"},"inLanguage":"de","potentialAction":[{"@type":"ReadAction","target":["https:\/\/renesseaanzee.nl\/de\/allgemein\/kirche-glaube\/"]}]},{"@type":"ImageObject","inLanguage":"de","@id":"https:\/\/renesseaanzee.nl\/de\/allgemein\/kirche-glaube\/#primaryimage","url":"https:\/\/renesseaanzee.nl\/wp-content\/uploads\/sites\/2\/2022\/02\/DJI_0007-scaled.jpg","contentUrl":"https:\/\/renesseaanzee.nl\/wp-content\/uploads\/sites\/2\/2022\/02\/DJI_0007-scaled.jpg","width":2560,"height":1440,"caption":"DCIM100MEDIADJI_0007.JPG"},{"@type":"BreadcrumbList","@id":"https:\/\/renesseaanzee.nl\/de\/allgemein\/kirche-glaube\/#breadcrumb","itemListElement":[{"@type":"ListItem","position":1,"name":"Home","item":"https:\/\/renesseaanzee.nl\/de\/"},{"@type":"ListItem","position":2,"name":"Allgemein","item":"https:\/\/renesseaanzee.nl\/de\/allgemein\/"},{"@type":"ListItem","position":3,"name":"Kirche und glaube"}]},{"@type":"WebSite","@id":"https:\/\/renesseaanzee.nl\/de\/#website","url":"https:\/\/renesseaanzee.nl\/de\/","name":"Renesse Aan Zee","description":"De gezelligste badplaats van Nederland","publisher":{"@id":"https:\/\/renesseaanzee.nl\/de\/#organization"},"potentialAction":[{"@type":"SearchAction","target":{"@type":"EntryPoint","urlTemplate":"https:\/\/renesseaanzee.nl\/de\/?s={search_term_string}"},"query-input":{"@type":"PropertyValueSpecification","valueRequired":true,"valueName":"search_term_string"}}],"inLanguage":"de"},{"@type":"Organization","@id":"https:\/\/renesseaanzee.nl\/de\/#organization","name":"Renesse Aan Zee","url":"https:\/\/renesseaanzee.nl\/de\/","logo":{"@type":"ImageObject","inLanguage":"de","@id":"https:\/\/renesseaanzee.nl\/de\/#\/schema\/logo\/image\/","url":"https:\/\/renesseaanzee.nl\/wp-content\/uploads\/sites\/2\/2021\/06\/favicon.png","contentUrl":"https:\/\/renesseaanzee.nl\/wp-content\/uploads\/sites\/2\/2021\/06\/favicon.png","width":200,"height":200,"caption":"Renesse Aan Zee"},"image":{"@id":"https:\/\/renesseaanzee.nl\/de\/#\/schema\/logo\/image\/"},"sameAs":["https:\/\/www.facebook.com\/RenesseAanZee\/","https:\/\/x.com\/Renesseaanzee","https:\/\/www.instagram.com\/renesseaanzee\/","https:\/\/www.youtube.com\/channel\/UCVrJ4Pb4GAeXGjctARoD03g"]}]}},"_links":{"self":[{"href":"https:\/\/renesseaanzee.nl\/de\/wp-json\/wp\/v2\/pages\/2752","targetHints":{"allow":["GET"]}}],"collection":[{"href":"https:\/\/renesseaanzee.nl\/de\/wp-json\/wp\/v2\/pages"}],"about":[{"href":"https:\/\/renesseaanzee.nl\/de\/wp-json\/wp\/v2\/types\/page"}],"author":[{"embeddable":true,"href":"https:\/\/renesseaanzee.nl\/de\/wp-json\/wp\/v2\/users\/1"}],"replies":[{"embeddable":true,"href":"https:\/\/renesseaanzee.nl\/de\/wp-json\/wp\/v2\/comments?post=2752"}],"version-history":[{"count":1,"href":"https:\/\/renesseaanzee.nl\/de\/wp-json\/wp\/v2\/pages\/2752\/revisions"}],"predecessor-version":[{"id":2753,"href":"https:\/\/renesseaanzee.nl\/de\/wp-json\/wp\/v2\/pages\/2752\/revisions\/2753"}],"up":[{"embeddable":true,"href":"https:\/\/renesseaanzee.nl\/de\/wp-json\/wp\/v2\/pages\/2744"}],"wp:featuredmedia":[{"embeddable":true,"href":"https:\/\/renesseaanzee.nl\/de\/wp-json\/wp\/v2\/media\/5368"}],"wp:attachment":[{"href":"https:\/\/renesseaanzee.nl\/de\/wp-json\/wp\/v2\/media?parent=2752"}],"curies":[{"name":"wp","href":"https:\/\/api.w.org\/{rel}","templated":true}]}}