{"id":2756,"date":"2021-06-01T11:45:12","date_gmt":"2021-06-01T09:45:12","guid":{"rendered":"https:\/\/renesseaanzee.nl\/allgemein\/schouwen-duiveland\/"},"modified":"2021-06-25T14:43:29","modified_gmt":"2021-06-25T12:43:29","slug":"schouwen-duiveland","status":"publish","type":"page","link":"https:\/\/renesseaanzee.nl\/de\/allgemein\/schouwen-duiveland\/","title":{"rendered":"Schouwen-Duiveland"},"content":{"rendered":"&#13;\n<h2 class=\"wp-block-heading\">Gemeindeinformationen<\/h2>&#13;\n&#13;\n<p>Schouwen-Duiveland hat 34.000 Einwohner. Die Gemeinde ist g\u00e4nzlich von Wasser umringt, ja noch mehr: die Gemeindeoberfl\u00e4che (48.894 ha) besteht aus etwas mehr Wasseroberfl\u00e4che (25.791 ha) als Land (23.103 ha).<\/p>&#13;\n&#13;\n<p>Es gibt zwei St\u00e4dte auf Schouwen-Duiveland: Zierikzee und Brouwershaven. Brouwershaven wurde zwischen dem 16. und 18. Jahrhundert als \u201eschmale Stadt\u201c bezeichnet. Das ist die seel\u00e4ndische Bezeichnung f\u00fcr sieben kleinere St\u00e4dte, die wohl das Stadtrecht, aber kein politisches Stimmrecht hatten im Bund der Staaten von Seeland.<\/p>&#13;\n&#13;\n<p>Die Gemeinde umfasst auch sechzehn D\u00f6rfer: Bruinisse, Burgh, Dreischor, Ellemeet, Haamstede, Kerkwerve, Nieuwerkerk, Noordgouwe, Noordwelle, Oosterland, Ouwerkerk, Renesse, Scharendijke, Serooskerke, Sirjansland en Zonnemaire.<\/p>&#13;\n&#13;\n<p>Sie finden auch neun weitere Weiler in Schouwen-Duiveland: Burghsluis, Brijdorpe, Elkerzee, Looperskapelle, Moriaanshoofd, Nieuwerkerke en Westenschouwen.<\/p>&#13;\n&#13;\n<p>Schouwen-Duiveland ist 1997 aus sechs Gemeinden entstanden: Brouwershaven, Bruinisse, Duiveland, Middenschouwen, Westerschouwen und Zierikzee. Der Name weist auf die Inseln Schouwen und Duiveland hin, zwischen denen das Gew\u00e4sser de Gouwe verlief. 1610 wurde ein Damm angelegt, der beide Inseln miteinander verband. Das Gemeindehaus steht am Rande von Zierikzee.<\/p>&#13;\n&#13;\n<p>Weitere Informationen \u00fcber die Gemeinde finden Sie auf\u00a0<a href=\"https:\/\/www.schouwen-duiveland.nl\/\" target=\"_blank\" rel=\"noopener noreferrer\" data-saferedirecturl=\"https:\/\/www.google.com\/url?q=https:\/\/www.schouwen-duiveland.nl\/&amp;source=gmail&amp;ust=1583239423957000&amp;usg=AFQjCNFVYWLuE3TGUpyXcq5uZn6S4t95Qg\">www.schouwen-duiveland.nl<\/a>.<\/p>&#13;\n","protected":false},"excerpt":{"rendered":"<p>&#13; Gemeindeinformationen &#13; &#13; Schouwen-Duiveland hat 34.000 Einwohner. Die Gemeinde ist g\u00e4nzlich von Wasser umringt, ja noch mehr: die Gemeindeoberfl\u00e4che (48.894 ha) besteht aus etwas mehr Wasseroberfl\u00e4che (25.791 ha) als Land (23.103 ha). &#13; &#13; Es gibt zwei St\u00e4dte auf Schouwen-Duiveland: Zierikzee und Brouwershaven. Brouwershaven wurde zwischen dem 16. und 18. Jahrhundert als \u201eschmale Stadt\u201c [&hellip;]<\/p>\n","protected":false},"author":1,"featured_media":2098,"parent":2744,"menu_order":0,"comment_status":"closed","ping_status":"closed","template":"","meta":{"_acf_changed":false,"footnotes":""},"class_list":["post-2756","page","type-page","status-publish","has-post-thumbnail","hentry"],"acf":[],"yoast_head":"<!-- This site is optimized with the Yoast SEO plugin v27.5 - https:\/\/yoast.com\/product\/yoast-seo-wordpress\/ -->\n<title>Schouwen-Duiveland - Renesse Aan Zee<\/title>\n<meta name=\"robots\" content=\"index, follow, max-snippet:-1, max-image-preview:large, max-video-preview:-1\" \/>\n<link rel=\"canonical\" href=\"https:\/\/renesseaanzee.nl\/de\/allgemein\/schouwen-duiveland\/\" \/>\n<meta property=\"og:locale\" content=\"de_DE\" \/>\n<meta property=\"og:type\" content=\"article\" \/>\n<meta property=\"og:title\" content=\"Schouwen-Duiveland - Renesse Aan Zee\" \/>\n<meta property=\"og:description\" content=\"&#013; Gemeindeinformationen &#013; &#013; Schouwen-Duiveland hat 34.000 Einwohner. Die Gemeinde ist g\u00e4nzlich von Wasser umringt, ja noch mehr: die Gemeindeoberfl\u00e4che (48.894 ha) besteht aus etwas mehr Wasseroberfl\u00e4che (25.791 ha) als Land (23.103 ha). &#013; &#013; Es gibt zwei St\u00e4dte auf Schouwen-Duiveland: Zierikzee und Brouwershaven. Brouwershaven wurde zwischen dem 16. und 18. Jahrhundert als \u201eschmale Stadt\u201c [&hellip;]\" \/>\n<meta property=\"og:url\" content=\"https:\/\/renesseaanzee.nl\/de\/allgemein\/schouwen-duiveland\/\" \/>\n<meta property=\"og:site_name\" content=\"Renesse Aan Zee\" \/>\n<meta property=\"article:publisher\" content=\"https:\/\/www.facebook.com\/RenesseAanZee\/\" \/>\n<meta property=\"article:modified_time\" content=\"2021-06-25T12:43:29+00:00\" \/>\n<meta property=\"og:image\" content=\"https:\/\/renesseaanzee.nl\/wp-content\/uploads\/sites\/2\/2021\/06\/standard-banner-500x500.png\" \/>\n\t<meta property=\"og:image:width\" content=\"500\" \/>\n\t<meta property=\"og:image:height\" content=\"500\" \/>\n\t<meta property=\"og:image:type\" content=\"image\/png\" \/>\n<meta name=\"twitter:card\" content=\"summary_large_image\" \/>\n<meta name=\"twitter:site\" content=\"@Renesseaanzee\" \/>\n<meta name=\"twitter:label1\" content=\"Gesch\u00e4tzte Lesezeit\" \/>\n\t<meta name=\"twitter:data1\" content=\"1\u00a0Minute\" \/>\n<script type=\"application\/ld+json\" class=\"yoast-schema-graph\">{\"@context\":\"https:\\\/\\\/schema.org\",\"@graph\":[{\"@type\":\"WebPage\",\"@id\":\"https:\\\/\\\/renesseaanzee.nl\\\/de\\\/allgemein\\\/schouwen-duiveland\\\/\",\"url\":\"https:\\\/\\\/renesseaanzee.nl\\\/de\\\/allgemein\\\/schouwen-duiveland\\\/\",\"name\":\"Schouwen-Duiveland - Renesse Aan Zee\",\"isPartOf\":{\"@id\":\"https:\\\/\\\/renesseaanzee.nl\\\/de\\\/#website\"},\"primaryImageOfPage\":{\"@id\":\"https:\\\/\\\/renesseaanzee.nl\\\/de\\\/allgemein\\\/schouwen-duiveland\\\/#primaryimage\"},\"image\":{\"@id\":\"https:\\\/\\\/renesseaanzee.nl\\\/de\\\/allgemein\\\/schouwen-duiveland\\\/#primaryimage\"},\"thumbnailUrl\":\"https:\\\/\\\/renesseaanzee.nl\\\/wp-content\\\/uploads\\\/sites\\\/2\\\/2021\\\/06\\\/standard-banner.png\",\"datePublished\":\"2021-06-01T09:45:12+00:00\",\"dateModified\":\"2021-06-25T12:43:29+00:00\",\"breadcrumb\":{\"@id\":\"https:\\\/\\\/renesseaanzee.nl\\\/de\\\/allgemein\\\/schouwen-duiveland\\\/#breadcrumb\"},\"inLanguage\":\"de\",\"potentialAction\":[{\"@type\":\"ReadAction\",\"target\":[\"https:\\\/\\\/renesseaanzee.nl\\\/de\\\/allgemein\\\/schouwen-duiveland\\\/\"]}]},{\"@type\":\"ImageObject\",\"inLanguage\":\"de\",\"@id\":\"https:\\\/\\\/renesseaanzee.nl\\\/de\\\/allgemein\\\/schouwen-duiveland\\\/#primaryimage\",\"url\":\"https:\\\/\\\/renesseaanzee.nl\\\/wp-content\\\/uploads\\\/sites\\\/2\\\/2021\\\/06\\\/standard-banner.png\",\"contentUrl\":\"https:\\\/\\\/renesseaanzee.nl\\\/wp-content\\\/uploads\\\/sites\\\/2\\\/2021\\\/06\\\/standard-banner.png\",\"width\":1920,\"height\":600},{\"@type\":\"BreadcrumbList\",\"@id\":\"https:\\\/\\\/renesseaanzee.nl\\\/de\\\/allgemein\\\/schouwen-duiveland\\\/#breadcrumb\",\"itemListElement\":[{\"@type\":\"ListItem\",\"position\":1,\"name\":\"Home\",\"item\":\"https:\\\/\\\/renesseaanzee.nl\\\/de\\\/\"},{\"@type\":\"ListItem\",\"position\":2,\"name\":\"Allgemein\",\"item\":\"https:\\\/\\\/renesseaanzee.nl\\\/de\\\/allgemein\\\/\"},{\"@type\":\"ListItem\",\"position\":3,\"name\":\"Schouwen-Duiveland\"}]},{\"@type\":\"WebSite\",\"@id\":\"https:\\\/\\\/renesseaanzee.nl\\\/de\\\/#website\",\"url\":\"https:\\\/\\\/renesseaanzee.nl\\\/de\\\/\",\"name\":\"Renesse Aan Zee\",\"description\":\"De gezelligste badplaats van Nederland\",\"publisher\":{\"@id\":\"https:\\\/\\\/renesseaanzee.nl\\\/de\\\/#organization\"},\"potentialAction\":[{\"@type\":\"SearchAction\",\"target\":{\"@type\":\"EntryPoint\",\"urlTemplate\":\"https:\\\/\\\/renesseaanzee.nl\\\/de\\\/?s={search_term_string}\"},\"query-input\":{\"@type\":\"PropertyValueSpecification\",\"valueRequired\":true,\"valueName\":\"search_term_string\"}}],\"inLanguage\":\"de\"},{\"@type\":\"Organization\",\"@id\":\"https:\\\/\\\/renesseaanzee.nl\\\/de\\\/#organization\",\"name\":\"Renesse Aan Zee\",\"url\":\"https:\\\/\\\/renesseaanzee.nl\\\/de\\\/\",\"logo\":{\"@type\":\"ImageObject\",\"inLanguage\":\"de\",\"@id\":\"https:\\\/\\\/renesseaanzee.nl\\\/de\\\/#\\\/schema\\\/logo\\\/image\\\/\",\"url\":\"https:\\\/\\\/renesseaanzee.nl\\\/wp-content\\\/uploads\\\/sites\\\/2\\\/2021\\\/06\\\/favicon.png\",\"contentUrl\":\"https:\\\/\\\/renesseaanzee.nl\\\/wp-content\\\/uploads\\\/sites\\\/2\\\/2021\\\/06\\\/favicon.png\",\"width\":200,\"height\":200,\"caption\":\"Renesse Aan Zee\"},\"image\":{\"@id\":\"https:\\\/\\\/renesseaanzee.nl\\\/de\\\/#\\\/schema\\\/logo\\\/image\\\/\"},\"sameAs\":[\"https:\\\/\\\/www.facebook.com\\\/RenesseAanZee\\\/\",\"https:\\\/\\\/x.com\\\/Renesseaanzee\",\"https:\\\/\\\/www.instagram.com\\\/renesseaanzee\\\/\",\"https:\\\/\\\/www.youtube.com\\\/channel\\\/UCVrJ4Pb4GAeXGjctARoD03g\"]}]}<\/script>\n<!-- \/ Yoast SEO plugin. -->","yoast_head_json":{"title":"Schouwen-Duiveland - Renesse Aan Zee","robots":{"index":"index","follow":"follow","max-snippet":"max-snippet:-1","max-image-preview":"max-image-preview:large","max-video-preview":"max-video-preview:-1"},"canonical":"https:\/\/renesseaanzee.nl\/de\/allgemein\/schouwen-duiveland\/","og_locale":"de_DE","og_type":"article","og_title":"Schouwen-Duiveland - Renesse Aan Zee","og_description":"&#13; Gemeindeinformationen &#13; &#13; Schouwen-Duiveland hat 34.000 Einwohner. Die Gemeinde ist g\u00e4nzlich von Wasser umringt, ja noch mehr: die Gemeindeoberfl\u00e4che (48.894 ha) besteht aus etwas mehr Wasseroberfl\u00e4che (25.791 ha) als Land (23.103 ha). &#13; &#13; Es gibt zwei St\u00e4dte auf Schouwen-Duiveland: Zierikzee und Brouwershaven. Brouwershaven wurde zwischen dem 16. und 18. Jahrhundert als \u201eschmale Stadt\u201c [&hellip;]","og_url":"https:\/\/renesseaanzee.nl\/de\/allgemein\/schouwen-duiveland\/","og_site_name":"Renesse Aan Zee","article_publisher":"https:\/\/www.facebook.com\/RenesseAanZee\/","article_modified_time":"2021-06-25T12:43:29+00:00","og_image":[{"width":500,"height":500,"url":"https:\/\/renesseaanzee.nl\/wp-content\/uploads\/sites\/2\/2021\/06\/standard-banner-500x500.png","type":"image\/png"}],"twitter_card":"summary_large_image","twitter_site":"@Renesseaanzee","twitter_misc":{"Gesch\u00e4tzte Lesezeit":"1\u00a0Minute"},"schema":{"@context":"https:\/\/schema.org","@graph":[{"@type":"WebPage","@id":"https:\/\/renesseaanzee.nl\/de\/allgemein\/schouwen-duiveland\/","url":"https:\/\/renesseaanzee.nl\/de\/allgemein\/schouwen-duiveland\/","name":"Schouwen-Duiveland - Renesse Aan Zee","isPartOf":{"@id":"https:\/\/renesseaanzee.nl\/de\/#website"},"primaryImageOfPage":{"@id":"https:\/\/renesseaanzee.nl\/de\/allgemein\/schouwen-duiveland\/#primaryimage"},"image":{"@id":"https:\/\/renesseaanzee.nl\/de\/allgemein\/schouwen-duiveland\/#primaryimage"},"thumbnailUrl":"https:\/\/renesseaanzee.nl\/wp-content\/uploads\/sites\/2\/2021\/06\/standard-banner.png","datePublished":"2021-06-01T09:45:12+00:00","dateModified":"2021-06-25T12:43:29+00:00","breadcrumb":{"@id":"https:\/\/renesseaanzee.nl\/de\/allgemein\/schouwen-duiveland\/#breadcrumb"},"inLanguage":"de","potentialAction":[{"@type":"ReadAction","target":["https:\/\/renesseaanzee.nl\/de\/allgemein\/schouwen-duiveland\/"]}]},{"@type":"ImageObject","inLanguage":"de","@id":"https:\/\/renesseaanzee.nl\/de\/allgemein\/schouwen-duiveland\/#primaryimage","url":"https:\/\/renesseaanzee.nl\/wp-content\/uploads\/sites\/2\/2021\/06\/standard-banner.png","contentUrl":"https:\/\/renesseaanzee.nl\/wp-content\/uploads\/sites\/2\/2021\/06\/standard-banner.png","width":1920,"height":600},{"@type":"BreadcrumbList","@id":"https:\/\/renesseaanzee.nl\/de\/allgemein\/schouwen-duiveland\/#breadcrumb","itemListElement":[{"@type":"ListItem","position":1,"name":"Home","item":"https:\/\/renesseaanzee.nl\/de\/"},{"@type":"ListItem","position":2,"name":"Allgemein","item":"https:\/\/renesseaanzee.nl\/de\/allgemein\/"},{"@type":"ListItem","position":3,"name":"Schouwen-Duiveland"}]},{"@type":"WebSite","@id":"https:\/\/renesseaanzee.nl\/de\/#website","url":"https:\/\/renesseaanzee.nl\/de\/","name":"Renesse Aan Zee","description":"De gezelligste badplaats van Nederland","publisher":{"@id":"https:\/\/renesseaanzee.nl\/de\/#organization"},"potentialAction":[{"@type":"SearchAction","target":{"@type":"EntryPoint","urlTemplate":"https:\/\/renesseaanzee.nl\/de\/?s={search_term_string}"},"query-input":{"@type":"PropertyValueSpecification","valueRequired":true,"valueName":"search_term_string"}}],"inLanguage":"de"},{"@type":"Organization","@id":"https:\/\/renesseaanzee.nl\/de\/#organization","name":"Renesse Aan Zee","url":"https:\/\/renesseaanzee.nl\/de\/","logo":{"@type":"ImageObject","inLanguage":"de","@id":"https:\/\/renesseaanzee.nl\/de\/#\/schema\/logo\/image\/","url":"https:\/\/renesseaanzee.nl\/wp-content\/uploads\/sites\/2\/2021\/06\/favicon.png","contentUrl":"https:\/\/renesseaanzee.nl\/wp-content\/uploads\/sites\/2\/2021\/06\/favicon.png","width":200,"height":200,"caption":"Renesse Aan Zee"},"image":{"@id":"https:\/\/renesseaanzee.nl\/de\/#\/schema\/logo\/image\/"},"sameAs":["https:\/\/www.facebook.com\/RenesseAanZee\/","https:\/\/x.com\/Renesseaanzee","https:\/\/www.instagram.com\/renesseaanzee\/","https:\/\/www.youtube.com\/channel\/UCVrJ4Pb4GAeXGjctARoD03g"]}]}},"_links":{"self":[{"href":"https:\/\/renesseaanzee.nl\/de\/wp-json\/wp\/v2\/pages\/2756","targetHints":{"allow":["GET"]}}],"collection":[{"href":"https:\/\/renesseaanzee.nl\/de\/wp-json\/wp\/v2\/pages"}],"about":[{"href":"https:\/\/renesseaanzee.nl\/de\/wp-json\/wp\/v2\/types\/page"}],"author":[{"embeddable":true,"href":"https:\/\/renesseaanzee.nl\/de\/wp-json\/wp\/v2\/users\/1"}],"replies":[{"embeddable":true,"href":"https:\/\/renesseaanzee.nl\/de\/wp-json\/wp\/v2\/comments?post=2756"}],"version-history":[{"count":1,"href":"https:\/\/renesseaanzee.nl\/de\/wp-json\/wp\/v2\/pages\/2756\/revisions"}],"predecessor-version":[{"id":2757,"href":"https:\/\/renesseaanzee.nl\/de\/wp-json\/wp\/v2\/pages\/2756\/revisions\/2757"}],"up":[{"embeddable":true,"href":"https:\/\/renesseaanzee.nl\/de\/wp-json\/wp\/v2\/pages\/2744"}],"wp:featuredmedia":[{"embeddable":true,"href":"https:\/\/renesseaanzee.nl\/de\/wp-json\/wp\/v2\/media\/2098"}],"wp:attachment":[{"href":"https:\/\/renesseaanzee.nl\/de\/wp-json\/wp\/v2\/media?parent=2756"}],"curies":[{"name":"wp","href":"https:\/\/api.w.org\/{rel}","templated":true}]}}