{"id":2759,"date":"2021-05-31T16:22:12","date_gmt":"2021-05-31T14:22:12","guid":{"rendered":"https:\/\/renesseaanzee.nl\/cookie-verklaring\/"},"modified":"2021-09-23T10:24:48","modified_gmt":"2021-09-23T08:24:48","slug":"cookie-erklarung","status":"publish","type":"page","link":"https:\/\/renesseaanzee.nl\/de\/cookie-erklarung\/","title":{"rendered":"Cookie-Erkl\u00e4rung"},"content":{"rendered":"&#13;\n<p><strong>1. Die Verwendung von Cookies<\/strong><br\/><a href=\"https:\/\/www.renesseaanzee.nl\/de\/\">https:\/\/www.renesseaanzee.nl<\/a>\u00a0verwendet Cookies. Ein Cookie ist eine einfache kleine Datei, die zusammen mit Seiten dieser Website und\/oder Flash-Anwendungen gesendet und von Ihrem Browser auf der Festplatte Ihres Computers, Mobiltelefons, Smartwatch oder Tablets gespeichert wird. Die darin gespeicherten Informationen k\u00f6nnen bei einem sp\u00e4teren Besuch an unsere Server zur\u00fcckgesendet werden.<\/p>&#13;\n&#13;\n<p>Die Verwendung von Cookies ist f\u00fcr das reibungslose Funktionieren unserer Website von gro\u00dfer Bedeutung, aber auch Cookies, deren Wirkung Sie nicht sofort sehen, sind sehr wichtig. Dank der (anonymen) Eingaben von Besuchern k\u00f6nnen wir die Nutzung der Website verbessern und benutzerfreundlicher gestalten.<\/p>&#13;\n&#13;\n<p><strong>2. Zustimmung zur Verwendung von Cookies<\/strong><br\/>F\u00fcr die Verwendung bestimmter Cookies ist Ihre Zustimmung erforderlich. Wir tun dies mittels eines sogenannten Cookie-Banners.<\/p>&#13;\n&#13;\n<p><strong>3. Die Arten der verwendeten Cookies und ihre Zwecke<\/strong><br\/>Wir verwenden die folgenden Arten von Cookies:<\/p>&#13;\n&#13;\n<p>&#8211; Funktionale Cookies: Damit k\u00f6nnen wir die Funktion der Website verbessern und f\u00fcr den Besucher benutzerfreundlicher gestalten.<br\/>Zum Beispiel: Wir speichern Ihre Zugangsdaten oder was Sie in Ihren Warenkorb gelegt haben.<\/p>&#13;\n&#13;\n<p>&#8211; Anonymisierte analytische Cookies: Diese stellen sicher, dass bei jedem Besuch einer Website ein anonymer Cookie generiert wird. Diese Cookies wissen, ob Sie die Site schon einmal besucht haben oder nicht. Nur beim ersten Besuch wird ein Cookie erstellt, bei Folgebesuchen wird das bereits vorhandene Cookie verwendet. Dieses Cookie dient ausschlie\u00dflich statistischen Zwecken. Dadurch k\u00f6nnen folgende Daten erhoben werden:<\/p>&#13;\n&#13;\n<ul class=\"wp-block-list\"><li>die Anzahl der einzelnen Besucher<\/li><li>wie oft Benutzer die Website besuchen<\/li><li>welche Seiten Benutzer ansehen<\/li><li>wie lange Benutzer eine bestimmte Seite anzeigen<\/li><li>auf welcher Seite Besucher die Seite verlassen<\/li><\/ul>&#13;\n<p>&#8211; Analytische Cookies: Diese sorgen daf\u00fcr, dass bei jedem Besuch einer Website ein Cookie generiert wird. Diese Cookies wissen, ob Sie die Site schon einmal besucht haben oder nicht. Nur beim ersten Besuch wird ein Cookie erstellt, bei Folgebesuchen wird das bereits vorhandene Cookie verwendet. Dieses Cookie dient ausschlie\u00dflich statistischen Zwecken. Beispielsweise k\u00f6nnen folgende Daten erhoben werden, wie zum Beispiel:<\/p>&#13;\n&#13;\n<ul class=\"wp-block-list\"><li>welche Seiten du angesehen hast<\/li><li>wie lange Sie auf einer bestimmten Seite geblieben sind<\/li><li>auf welcher Seite Sie die Site verlassen haben<\/li><\/ul>&#13;\n<p>&#8211; Eigene Tracking-Cookies: Damit k\u00f6nnen wir feststellen, dass Sie neben unserer Website auch die entsprechende(n) andere(n) Website(s) unseres Netzwerks besucht haben. Das so erstellte Profil wird nicht mit Ihrem Namen, Ihrer Adresse, E-Mail-Adresse und dergleichen verkn\u00fcpft, sondern dient lediglich dazu, Anzeigen Ihrem Profil so zuzuordnen, dass sie f\u00fcr Sie m\u00f6glichst relevant sind. Wir bitten um Ihre Erlaubnis f\u00fcr diese Cookies. Diese Cookies werden nicht ohne Ihre Zustimmung platziert.<\/p>&#13;\n&#13;\n<p>&#8211; Cookies im Zusammenhang mit sozialen Medien: Mit diesen sozialen Medien wie Facebook und LinkedIn registrieren Sie, welche Artikel und Seiten Sie \u00fcber ihre Social-Media-Sharing-Buttons teilen. Sie k\u00f6nnen auch Tracking-Cookies enthalten, die Ihr Surfverhalten im Internet verfolgen.<\/p>&#13;\n&#13;\n<p>&#8211; Cookies zur Verbesserung der Website: Diese erm\u00f6glichen es uns, verschiedene Versionen einer Webseite zu testen, um zu sehen, welche Seite am besten besucht wird.<\/p>&#13;\n&#13;\n<p><strong>4. Ihre Rechte in Bezug auf Ihre Daten<\/strong><br\/>Sie haben das Recht, auf personenbezogene Daten zuzugreifen, sie zu berichtigen, einzuschr\u00e4nken und zu l\u00f6schen. Dar\u00fcber hinaus haben Sie das Recht, der Verarbeitung personenbezogener Daten zu widersprechen und das Recht auf Daten\u00fcbertragbarkeit. Sie k\u00f6nnen diese Rechte aus\u00fcben, indem Sie uns eine E-Mail an \u00a0<a>marketing@renesseaanzee.nl<\/a> senden. Um Missbrauch zu verhindern, k\u00f6nnen wir Sie bitten, sich angemessen zu identifizieren. Wenn Sie auf personenbezogene Daten zugreifen, die mit einem Cookie verkn\u00fcpft sind, bitten wir Sie, eine Kopie des betreffenden Cookies zu senden. Diese finden Sie in den Einstellungen Ihres Browsers.<\/p>&#13;\n&#13;\n<p><strong>5. Cookies blockieren und l\u00f6schen<\/strong><br\/>Sie k\u00f6nnen Cookies jederzeit ganz einfach selbst \u00fcber Ihren Internetbrowser blockieren und l\u00f6schen. Sie k\u00f6nnen Ihren Internetbrowser auch so einstellen, dass Sie beim Setzen eines Cookies benachrichtigt werden. Sie k\u00f6nnen auch angeben, dass bestimmte Cookies nicht platziert werden d\u00fcrfen. Sehen Sie sich die Hilfefunktion Ihres Browsers f\u00fcr diese Option an. Wenn Sie die Cookies in Ihrem Browser l\u00f6schen, kann dies Folgen f\u00fcr die angenehme Nutzung dieser Website haben.<br\/>Einige Tracking-Cookies werden von Drittanbietern gesetzt, die Ihnen unter anderem Werbung \u00fcber unsere Website anzeigen. Sie k\u00f6nnen diese Cookies zentral \u00fcber\u00a0<a href=\"https:\/\/www.youronlinechoices.eu\/\" target=\"_blank\" rel=\"noreferrer noopener\">www.youronlinechoices.eu<\/a> l\u00f6schen.<\/p>&#13;\n&#13;\n<p>Beachten Sie, dass wir die ordnungsgem\u00e4\u00dfe Funktion unserer Website nicht mehr garantieren k\u00f6nnen, wenn Sie keine Cookies w\u00fcnschen. Es ist m\u00f6glich, dass einige Funktionen der Website verloren gehen oder Sie die Website gar nicht mehr besuchen k\u00f6nnen. Dar\u00fcber hinaus bedeutet die Ablehnung von Cookies nicht, dass Ihnen \u00fcberhaupt keine Werbung mehr angezeigt wird. Die Anzeigen sind dann nicht mehr auf Ihre Interessen zugeschnitten und k\u00f6nnen daher \u00f6fter wiederholt werden.Wie Sie Ihre Einstellungen anpassen k\u00f6nnen, ist je nach Browser unterschiedlich. Konsultieren Sie ggf. die Hilfefunktion Ihres Browsers oder klicken Sie auf eines der untenstehenden Symbole, um direkt zum Handbuch Ihres Browsers zu gelangen.<\/p>&#13;\n&#13;\n<ul class=\"wp-block-list\"><li>Firefox:\u00a0<a href=\"https:\/\/support.mozilla.org\/de\/kb\/cookies-und-website-daten-in-firefox-loschen\" target=\"_blank\" rel=\"noreferrer noopener\">https:\/\/support.mozilla.org\/de\/kb\/cookies-und-website-daten-in-firefox-loschen<\/a><\/li><li>Google Chrome:\u00a0<a href=\"https:\/\/support.google.com\/chrome\/answer\/95647?co=GENIE.Platform=Desktop&amp;hl=nl\" target=\"_blank\" rel=\"noreferrer noopener\">https:\/\/support.google.com\/chrome\/answer\/95647?co=GENIE.Platform=Desktop&amp;hl=nl<\/a><\/li><li>Internet Explorer:\u00a0<a href=\"https:\/\/support.microsoft.com\/de-de\/windows\/l&#xF6;schen-und-verwalten-von-cookies-168dab11-0753-043d-7c16-ede5947fc64d\" target=\"_blank\" rel=\"noreferrer noopener\">https:\/\/support.microsoft.com\/de-de\/windows\/l\u00f6schen-und-verwalten-von-cookies-168dab11-0753-043d-7c16-ede5947fc64d<\/a><\/li><li>Safari:\u00a0<a href=\"https:\/\/support.apple.com\/de-de\/guide\/safari\/sfri11471\/mac\" target=\"_blank\" rel=\"noreferrer noopener\">https:\/\/support.apple.com\/de-de\/guide\/safari\/sfri11471\/mac<\/a><\/li><\/ul>&#13;\n<p><strong>6. Neue Entwicklungen und unvorhergesehene Cookies<\/strong><br\/>Die Texte unserer Website k\u00f6nnen aufgrund der st\u00e4ndigen Weiterentwicklung jederzeit angepasst werden. Dies gilt auch f\u00fcr unsere Cookie-Erkl\u00e4rung. Bitte lesen Sie diese Erkl\u00e4rung daher regelm\u00e4\u00dfig, um \u00fcber \u00c4nderungen informiert zu bleiben.<\/p>&#13;\n&#13;\n<p>Blog &#8211; Artikel verwenden , die anderen Websites gehostet wird zug\u00e4nglich gemacht eingebettete Inhalte). Betrachten Sie zum Beispiel YouTube-Videos. Diese Codes verwenden h\u00e4ufig Cookies. Wir haben jedoch keine Kontrolle dar\u00fcber, was diese Drittanbieter mit ihren Cookies machen.Es ist auch m\u00f6glich, dass Cookies von anderen \u00fcber unsere Websites platziert werden, was uns nicht immer bewusst ist. Treffen Sie auf unserer Website auf unvorhergesehene Cookies, die Sie in unserer \u00dcbersicht nicht finden? Teilen Sie uns dies \u00fcber\u00a0<a>marketing@renesseaanzee.nl<\/a> mit. Sie k\u00f6nnen sich auch direkt an den Drittanbieter wenden und fragen, welche Cookies er platziert hat, was der Grund daf\u00fcr ist, wie lange das Cookie ist und wie er Ihre Privatsph\u00e4re garantiert hat.<\/p>&#13;\n&#13;\n<p><strong>7. Schlussbemerkung<\/strong><br\/>Wir m\u00fcssen diese Erkl\u00e4rungen von Zeit zu Zeit anpassen, beispielsweise wenn wir unsere Website anpassen oder die Regeln f\u00fcr Cookies \u00e4ndern. Sie k\u00f6nnen diese Webseite f\u00fcr die neueste Version besuchen. Bei Fragen und\/oder Kommentaren wenden Sie sich bitte an \u00a0<a>marketing@renesseaanzee.nl<\/a>.<\/p>&#13;\n","protected":false},"excerpt":{"rendered":"<p>&#13; 1. Die Verwendung von Cookieshttps:\/\/www.renesseaanzee.nl\u00a0verwendet Cookies. Ein Cookie ist eine einfache kleine Datei, die zusammen mit Seiten dieser Website und\/oder Flash-Anwendungen gesendet und von Ihrem Browser auf der Festplatte Ihres Computers, Mobiltelefons, Smartwatch oder Tablets gespeichert wird. Die darin gespeicherten Informationen k\u00f6nnen bei einem sp\u00e4teren Besuch an unsere Server zur\u00fcckgesendet werden. &#13; &#13; Die [&hellip;]<\/p>\n","protected":false},"author":1,"featured_media":2098,"parent":0,"menu_order":0,"comment_status":"open","ping_status":"open","template":"","meta":{"_acf_changed":false,"footnotes":""},"class_list":["post-2759","page","type-page","status-publish","has-post-thumbnail","hentry"],"acf":[],"yoast_head":"<!-- This site is optimized with the Yoast SEO plugin v27.4 - https:\/\/yoast.com\/product\/yoast-seo-wordpress\/ -->\n<title>Cookie-Erkl\u00e4rung - Renesse Aan Zee<\/title>\n<meta name=\"robots\" content=\"index, follow, max-snippet:-1, max-image-preview:large, max-video-preview:-1\" \/>\n<link rel=\"canonical\" href=\"https:\/\/renesseaanzee.nl\/de\/cookie-erklarung\/\" \/>\n<meta property=\"og:locale\" content=\"de_DE\" \/>\n<meta property=\"og:type\" content=\"article\" \/>\n<meta property=\"og:title\" content=\"Cookie-Erkl\u00e4rung - Renesse Aan Zee\" \/>\n<meta property=\"og:description\" content=\"&#013; 1. Die Verwendung von Cookieshttps:\/\/www.renesseaanzee.nl\u00a0verwendet Cookies. Ein Cookie ist eine einfache kleine Datei, die zusammen mit Seiten dieser Website und\/oder Flash-Anwendungen gesendet und von Ihrem Browser auf der Festplatte Ihres Computers, Mobiltelefons, Smartwatch oder Tablets gespeichert wird. Die darin gespeicherten Informationen k\u00f6nnen bei einem sp\u00e4teren Besuch an unsere Server zur\u00fcckgesendet werden. &#013; &#013; Die [&hellip;]\" \/>\n<meta property=\"og:url\" content=\"https:\/\/renesseaanzee.nl\/de\/cookie-erklarung\/\" \/>\n<meta property=\"og:site_name\" content=\"Renesse Aan Zee\" \/>\n<meta property=\"article:publisher\" content=\"https:\/\/www.facebook.com\/RenesseAanZee\/\" \/>\n<meta property=\"article:modified_time\" content=\"2021-09-23T08:24:48+00:00\" \/>\n<meta property=\"og:image\" content=\"https:\/\/renesseaanzee.nl\/wp-content\/uploads\/sites\/2\/2021\/06\/standard-banner-500x500.png\" \/>\n\t<meta property=\"og:image:width\" content=\"500\" \/>\n\t<meta property=\"og:image:height\" content=\"500\" \/>\n\t<meta property=\"og:image:type\" content=\"image\/png\" \/>\n<meta name=\"twitter:card\" content=\"summary_large_image\" \/>\n<meta name=\"twitter:site\" content=\"@Renesseaanzee\" \/>\n<meta name=\"twitter:label1\" content=\"Gesch\u00e4tzte Lesezeit\" \/>\n\t<meta name=\"twitter:data1\" content=\"5\u00a0Minuten\" \/>\n<script type=\"application\/ld+json\" class=\"yoast-schema-graph\">{\"@context\":\"https:\\\/\\\/schema.org\",\"@graph\":[{\"@type\":\"WebPage\",\"@id\":\"https:\\\/\\\/renesseaanzee.nl\\\/de\\\/cookie-erklarung\\\/\",\"url\":\"https:\\\/\\\/renesseaanzee.nl\\\/de\\\/cookie-erklarung\\\/\",\"name\":\"Cookie-Erkl\u00e4rung - Renesse Aan Zee\",\"isPartOf\":{\"@id\":\"https:\\\/\\\/renesseaanzee.nl\\\/de\\\/#website\"},\"primaryImageOfPage\":{\"@id\":\"https:\\\/\\\/renesseaanzee.nl\\\/de\\\/cookie-erklarung\\\/#primaryimage\"},\"image\":{\"@id\":\"https:\\\/\\\/renesseaanzee.nl\\\/de\\\/cookie-erklarung\\\/#primaryimage\"},\"thumbnailUrl\":\"https:\\\/\\\/renesseaanzee.nl\\\/wp-content\\\/uploads\\\/sites\\\/2\\\/2021\\\/06\\\/standard-banner.png\",\"datePublished\":\"2021-05-31T14:22:12+00:00\",\"dateModified\":\"2021-09-23T08:24:48+00:00\",\"breadcrumb\":{\"@id\":\"https:\\\/\\\/renesseaanzee.nl\\\/de\\\/cookie-erklarung\\\/#breadcrumb\"},\"inLanguage\":\"de\",\"potentialAction\":[{\"@type\":\"ReadAction\",\"target\":[\"https:\\\/\\\/renesseaanzee.nl\\\/de\\\/cookie-erklarung\\\/\"]}]},{\"@type\":\"ImageObject\",\"inLanguage\":\"de\",\"@id\":\"https:\\\/\\\/renesseaanzee.nl\\\/de\\\/cookie-erklarung\\\/#primaryimage\",\"url\":\"https:\\\/\\\/renesseaanzee.nl\\\/wp-content\\\/uploads\\\/sites\\\/2\\\/2021\\\/06\\\/standard-banner.png\",\"contentUrl\":\"https:\\\/\\\/renesseaanzee.nl\\\/wp-content\\\/uploads\\\/sites\\\/2\\\/2021\\\/06\\\/standard-banner.png\",\"width\":1920,\"height\":600},{\"@type\":\"BreadcrumbList\",\"@id\":\"https:\\\/\\\/renesseaanzee.nl\\\/de\\\/cookie-erklarung\\\/#breadcrumb\",\"itemListElement\":[{\"@type\":\"ListItem\",\"position\":1,\"name\":\"Home\",\"item\":\"https:\\\/\\\/renesseaanzee.nl\\\/de\\\/\"},{\"@type\":\"ListItem\",\"position\":2,\"name\":\"Cookie-Erkl\u00e4rung\"}]},{\"@type\":\"WebSite\",\"@id\":\"https:\\\/\\\/renesseaanzee.nl\\\/de\\\/#website\",\"url\":\"https:\\\/\\\/renesseaanzee.nl\\\/de\\\/\",\"name\":\"Renesse Aan Zee\",\"description\":\"De gezelligste badplaats van Nederland\",\"publisher\":{\"@id\":\"https:\\\/\\\/renesseaanzee.nl\\\/de\\\/#organization\"},\"potentialAction\":[{\"@type\":\"SearchAction\",\"target\":{\"@type\":\"EntryPoint\",\"urlTemplate\":\"https:\\\/\\\/renesseaanzee.nl\\\/de\\\/?s={search_term_string}\"},\"query-input\":{\"@type\":\"PropertyValueSpecification\",\"valueRequired\":true,\"valueName\":\"search_term_string\"}}],\"inLanguage\":\"de\"},{\"@type\":\"Organization\",\"@id\":\"https:\\\/\\\/renesseaanzee.nl\\\/de\\\/#organization\",\"name\":\"Renesse Aan Zee\",\"url\":\"https:\\\/\\\/renesseaanzee.nl\\\/de\\\/\",\"logo\":{\"@type\":\"ImageObject\",\"inLanguage\":\"de\",\"@id\":\"https:\\\/\\\/renesseaanzee.nl\\\/de\\\/#\\\/schema\\\/logo\\\/image\\\/\",\"url\":\"https:\\\/\\\/renesseaanzee.nl\\\/wp-content\\\/uploads\\\/sites\\\/2\\\/2021\\\/06\\\/favicon.png\",\"contentUrl\":\"https:\\\/\\\/renesseaanzee.nl\\\/wp-content\\\/uploads\\\/sites\\\/2\\\/2021\\\/06\\\/favicon.png\",\"width\":200,\"height\":200,\"caption\":\"Renesse Aan Zee\"},\"image\":{\"@id\":\"https:\\\/\\\/renesseaanzee.nl\\\/de\\\/#\\\/schema\\\/logo\\\/image\\\/\"},\"sameAs\":[\"https:\\\/\\\/www.facebook.com\\\/RenesseAanZee\\\/\",\"https:\\\/\\\/x.com\\\/Renesseaanzee\",\"https:\\\/\\\/www.instagram.com\\\/renesseaanzee\\\/\",\"https:\\\/\\\/www.youtube.com\\\/channel\\\/UCVrJ4Pb4GAeXGjctARoD03g\"]}]}<\/script>\n<!-- \/ Yoast SEO plugin. -->","yoast_head_json":{"title":"Cookie-Erkl\u00e4rung - Renesse Aan Zee","robots":{"index":"index","follow":"follow","max-snippet":"max-snippet:-1","max-image-preview":"max-image-preview:large","max-video-preview":"max-video-preview:-1"},"canonical":"https:\/\/renesseaanzee.nl\/de\/cookie-erklarung\/","og_locale":"de_DE","og_type":"article","og_title":"Cookie-Erkl\u00e4rung - Renesse Aan Zee","og_description":"&#13; 1. Die Verwendung von Cookieshttps:\/\/www.renesseaanzee.nl\u00a0verwendet Cookies. Ein Cookie ist eine einfache kleine Datei, die zusammen mit Seiten dieser Website und\/oder Flash-Anwendungen gesendet und von Ihrem Browser auf der Festplatte Ihres Computers, Mobiltelefons, Smartwatch oder Tablets gespeichert wird. Die darin gespeicherten Informationen k\u00f6nnen bei einem sp\u00e4teren Besuch an unsere Server zur\u00fcckgesendet werden. &#13; &#13; Die [&hellip;]","og_url":"https:\/\/renesseaanzee.nl\/de\/cookie-erklarung\/","og_site_name":"Renesse Aan Zee","article_publisher":"https:\/\/www.facebook.com\/RenesseAanZee\/","article_modified_time":"2021-09-23T08:24:48+00:00","og_image":[{"width":500,"height":500,"url":"https:\/\/renesseaanzee.nl\/wp-content\/uploads\/sites\/2\/2021\/06\/standard-banner-500x500.png","type":"image\/png"}],"twitter_card":"summary_large_image","twitter_site":"@Renesseaanzee","twitter_misc":{"Gesch\u00e4tzte Lesezeit":"5\u00a0Minuten"},"schema":{"@context":"https:\/\/schema.org","@graph":[{"@type":"WebPage","@id":"https:\/\/renesseaanzee.nl\/de\/cookie-erklarung\/","url":"https:\/\/renesseaanzee.nl\/de\/cookie-erklarung\/","name":"Cookie-Erkl\u00e4rung - Renesse Aan Zee","isPartOf":{"@id":"https:\/\/renesseaanzee.nl\/de\/#website"},"primaryImageOfPage":{"@id":"https:\/\/renesseaanzee.nl\/de\/cookie-erklarung\/#primaryimage"},"image":{"@id":"https:\/\/renesseaanzee.nl\/de\/cookie-erklarung\/#primaryimage"},"thumbnailUrl":"https:\/\/renesseaanzee.nl\/wp-content\/uploads\/sites\/2\/2021\/06\/standard-banner.png","datePublished":"2021-05-31T14:22:12+00:00","dateModified":"2021-09-23T08:24:48+00:00","breadcrumb":{"@id":"https:\/\/renesseaanzee.nl\/de\/cookie-erklarung\/#breadcrumb"},"inLanguage":"de","potentialAction":[{"@type":"ReadAction","target":["https:\/\/renesseaanzee.nl\/de\/cookie-erklarung\/"]}]},{"@type":"ImageObject","inLanguage":"de","@id":"https:\/\/renesseaanzee.nl\/de\/cookie-erklarung\/#primaryimage","url":"https:\/\/renesseaanzee.nl\/wp-content\/uploads\/sites\/2\/2021\/06\/standard-banner.png","contentUrl":"https:\/\/renesseaanzee.nl\/wp-content\/uploads\/sites\/2\/2021\/06\/standard-banner.png","width":1920,"height":600},{"@type":"BreadcrumbList","@id":"https:\/\/renesseaanzee.nl\/de\/cookie-erklarung\/#breadcrumb","itemListElement":[{"@type":"ListItem","position":1,"name":"Home","item":"https:\/\/renesseaanzee.nl\/de\/"},{"@type":"ListItem","position":2,"name":"Cookie-Erkl\u00e4rung"}]},{"@type":"WebSite","@id":"https:\/\/renesseaanzee.nl\/de\/#website","url":"https:\/\/renesseaanzee.nl\/de\/","name":"Renesse Aan Zee","description":"De gezelligste badplaats van Nederland","publisher":{"@id":"https:\/\/renesseaanzee.nl\/de\/#organization"},"potentialAction":[{"@type":"SearchAction","target":{"@type":"EntryPoint","urlTemplate":"https:\/\/renesseaanzee.nl\/de\/?s={search_term_string}"},"query-input":{"@type":"PropertyValueSpecification","valueRequired":true,"valueName":"search_term_string"}}],"inLanguage":"de"},{"@type":"Organization","@id":"https:\/\/renesseaanzee.nl\/de\/#organization","name":"Renesse Aan Zee","url":"https:\/\/renesseaanzee.nl\/de\/","logo":{"@type":"ImageObject","inLanguage":"de","@id":"https:\/\/renesseaanzee.nl\/de\/#\/schema\/logo\/image\/","url":"https:\/\/renesseaanzee.nl\/wp-content\/uploads\/sites\/2\/2021\/06\/favicon.png","contentUrl":"https:\/\/renesseaanzee.nl\/wp-content\/uploads\/sites\/2\/2021\/06\/favicon.png","width":200,"height":200,"caption":"Renesse Aan Zee"},"image":{"@id":"https:\/\/renesseaanzee.nl\/de\/#\/schema\/logo\/image\/"},"sameAs":["https:\/\/www.facebook.com\/RenesseAanZee\/","https:\/\/x.com\/Renesseaanzee","https:\/\/www.instagram.com\/renesseaanzee\/","https:\/\/www.youtube.com\/channel\/UCVrJ4Pb4GAeXGjctARoD03g"]}]}},"_links":{"self":[{"href":"https:\/\/renesseaanzee.nl\/de\/wp-json\/wp\/v2\/pages\/2759","targetHints":{"allow":["GET"]}}],"collection":[{"href":"https:\/\/renesseaanzee.nl\/de\/wp-json\/wp\/v2\/pages"}],"about":[{"href":"https:\/\/renesseaanzee.nl\/de\/wp-json\/wp\/v2\/types\/page"}],"author":[{"embeddable":true,"href":"https:\/\/renesseaanzee.nl\/de\/wp-json\/wp\/v2\/users\/1"}],"replies":[{"embeddable":true,"href":"https:\/\/renesseaanzee.nl\/de\/wp-json\/wp\/v2\/comments?post=2759"}],"version-history":[{"count":5,"href":"https:\/\/renesseaanzee.nl\/de\/wp-json\/wp\/v2\/pages\/2759\/revisions"}],"predecessor-version":[{"id":3519,"href":"https:\/\/renesseaanzee.nl\/de\/wp-json\/wp\/v2\/pages\/2759\/revisions\/3519"}],"wp:featuredmedia":[{"embeddable":true,"href":"https:\/\/renesseaanzee.nl\/de\/wp-json\/wp\/v2\/media\/2098"}],"wp:attachment":[{"href":"https:\/\/renesseaanzee.nl\/de\/wp-json\/wp\/v2\/media?parent=2759"}],"curies":[{"name":"wp","href":"https:\/\/api.w.org\/{rel}","templated":true}]}}