{"id":2766,"date":"2021-05-31T16:22:12","date_gmt":"2021-05-31T14:22:12","guid":{"rendered":"https:\/\/renesseaanzee.nl\/ereignisse\/"},"modified":"2022-02-21T10:55:59","modified_gmt":"2022-02-21T09:55:59","slug":"ereignisse","status":"publish","type":"page","link":"https:\/\/renesseaanzee.nl\/de\/ereignisse\/","title":{"rendered":"Ereignisse"},"content":{"rendered":"&#13;\n<h2 class=\"wp-block-heading\" id=\"h-evenementen-in-renesse\">Ereignisse in Renesse, immer etwas zu tun<\/h2>&#13;\n&#13;\n<p>Renesse garantiert viele Musikdarbietungen und Stra\u00dfenk\u00fcnstler. Kommen Sie und schwingen Sie oder lassen Sie sich ein Schokoladentattoo machen und lassen Sie sich auf einer Terrasse nieder und genie\u00dfen Sie Feuerspucker oder Oldtimer.<\/p>&#13;\n&#13;\n<p>Am Mittwochmorgen (Mai bis September) gibt es einen <a href=\"\/de\/sehen-tun\/markt-in-renesse\/\">Markt<\/a>. Von Zeeland-Produkten \u00fcber K\u00e4se und Gem\u00fcse bis hin zu Kleidung, Schuhen und Ger\u00e4ten. W\u00e4hrend der Saison gibt es viel mehr M\u00e4rkte, sowohl tags\u00fcber als auch abends. Es macht immer Spa\u00df, auf dem Markt herumzulaufen.<\/p>&#13;\n&#13;\n<p>Anfang September stellten Hunderte von Musikern w\u00e4hrend des Festivals aan Zee das gesamte Dorf auf den Kopf. Sie gehen Ende September auf dem <a href=\"https:\/\/www.fjoertoer-renesse.nl\/\">Fjoertoer<\/a> spazieren, einem m\u00e4rchenhaften Rundgang f\u00fcr Jung und Alt. Die Route des Fjoertoer f\u00fchrt haupts\u00e4chlich durch die reine Natur des \u201eKop van Schouwen\u201c. Erleben und genie\u00dfen Sie ohne Sport.<\/p>&#13;\n","protected":false},"excerpt":{"rendered":"<p>&#13; Ereignisse in Renesse, immer etwas zu tun &#13; &#13; Renesse garantiert viele Musikdarbietungen und Stra\u00dfenk\u00fcnstler. Kommen Sie und schwingen Sie oder lassen Sie sich ein Schokoladentattoo machen und lassen Sie sich auf einer Terrasse nieder und genie\u00dfen Sie Feuerspucker oder Oldtimer. &#13; &#13; Am Mittwochmorgen (Mai bis September) gibt es einen Markt. Von Zeeland-Produkten [&hellip;]<\/p>\n","protected":false},"author":1,"featured_media":5362,"parent":0,"menu_order":0,"comment_status":"open","ping_status":"open","template":"","meta":{"_acf_changed":false,"footnotes":""},"class_list":["post-2766","page","type-page","status-publish","has-post-thumbnail","hentry"],"acf":[],"yoast_head":"<!-- This site is optimized with the Yoast SEO plugin v27.4 - https:\/\/yoast.com\/product\/yoast-seo-wordpress\/ -->\n<title>Ereignisse - Renesse Aan Zee<\/title>\n<meta name=\"robots\" content=\"index, follow, max-snippet:-1, max-image-preview:large, max-video-preview:-1\" \/>\n<link rel=\"canonical\" href=\"https:\/\/renesseaanzee.nl\/de\/ereignisse\/\" \/>\n<meta property=\"og:locale\" content=\"de_DE\" \/>\n<meta property=\"og:type\" content=\"article\" \/>\n<meta property=\"og:title\" content=\"Ereignisse - Renesse Aan Zee\" \/>\n<meta property=\"og:description\" content=\"&#013; Ereignisse in Renesse, immer etwas zu tun &#013; &#013; Renesse garantiert viele Musikdarbietungen und Stra\u00dfenk\u00fcnstler. Kommen Sie und schwingen Sie oder lassen Sie sich ein Schokoladentattoo machen und lassen Sie sich auf einer Terrasse nieder und genie\u00dfen Sie Feuerspucker oder Oldtimer. &#013; &#013; Am Mittwochmorgen (Mai bis September) gibt es einen Markt. Von Zeeland-Produkten [&hellip;]\" \/>\n<meta property=\"og:url\" content=\"https:\/\/renesseaanzee.nl\/de\/ereignisse\/\" \/>\n<meta property=\"og:site_name\" content=\"Renesse Aan Zee\" \/>\n<meta property=\"article:publisher\" content=\"https:\/\/www.facebook.com\/RenesseAanZee\/\" \/>\n<meta property=\"article:modified_time\" content=\"2022-02-21T09:55:59+00:00\" \/>\n<meta property=\"og:image\" content=\"https:\/\/renesseaanzee.nl\/wp-content\/uploads\/sites\/2\/2022\/02\/Koningsdag-Renesse-2019-20794-scaled.jpg\" \/>\n\t<meta property=\"og:image:width\" content=\"2560\" \/>\n\t<meta property=\"og:image:height\" content=\"1707\" \/>\n\t<meta property=\"og:image:type\" content=\"image\/jpeg\" \/>\n<meta name=\"twitter:card\" content=\"summary_large_image\" \/>\n<meta name=\"twitter:site\" content=\"@Renesseaanzee\" \/>\n<meta name=\"twitter:label1\" content=\"Gesch\u00e4tzte Lesezeit\" \/>\n\t<meta name=\"twitter:data1\" content=\"1\u00a0Minute\" \/>\n<script type=\"application\/ld+json\" class=\"yoast-schema-graph\">{\"@context\":\"https:\\\/\\\/schema.org\",\"@graph\":[{\"@type\":\"WebPage\",\"@id\":\"https:\\\/\\\/renesseaanzee.nl\\\/de\\\/ereignisse\\\/\",\"url\":\"https:\\\/\\\/renesseaanzee.nl\\\/de\\\/ereignisse\\\/\",\"name\":\"Ereignisse - Renesse Aan Zee\",\"isPartOf\":{\"@id\":\"https:\\\/\\\/renesseaanzee.nl\\\/de\\\/#website\"},\"primaryImageOfPage\":{\"@id\":\"https:\\\/\\\/renesseaanzee.nl\\\/de\\\/ereignisse\\\/#primaryimage\"},\"image\":{\"@id\":\"https:\\\/\\\/renesseaanzee.nl\\\/de\\\/ereignisse\\\/#primaryimage\"},\"thumbnailUrl\":\"https:\\\/\\\/renesseaanzee.nl\\\/wp-content\\\/uploads\\\/sites\\\/2\\\/2022\\\/02\\\/Koningsdag-Renesse-2019-20794-scaled.jpg\",\"datePublished\":\"2021-05-31T14:22:12+00:00\",\"dateModified\":\"2022-02-21T09:55:59+00:00\",\"breadcrumb\":{\"@id\":\"https:\\\/\\\/renesseaanzee.nl\\\/de\\\/ereignisse\\\/#breadcrumb\"},\"inLanguage\":\"de\",\"potentialAction\":[{\"@type\":\"ReadAction\",\"target\":[\"https:\\\/\\\/renesseaanzee.nl\\\/de\\\/ereignisse\\\/\"]}]},{\"@type\":\"ImageObject\",\"inLanguage\":\"de\",\"@id\":\"https:\\\/\\\/renesseaanzee.nl\\\/de\\\/ereignisse\\\/#primaryimage\",\"url\":\"https:\\\/\\\/renesseaanzee.nl\\\/wp-content\\\/uploads\\\/sites\\\/2\\\/2022\\\/02\\\/Koningsdag-Renesse-2019-20794-scaled.jpg\",\"contentUrl\":\"https:\\\/\\\/renesseaanzee.nl\\\/wp-content\\\/uploads\\\/sites\\\/2\\\/2022\\\/02\\\/Koningsdag-Renesse-2019-20794-scaled.jpg\",\"width\":2560,\"height\":1707},{\"@type\":\"BreadcrumbList\",\"@id\":\"https:\\\/\\\/renesseaanzee.nl\\\/de\\\/ereignisse\\\/#breadcrumb\",\"itemListElement\":[{\"@type\":\"ListItem\",\"position\":1,\"name\":\"Home\",\"item\":\"https:\\\/\\\/renesseaanzee.nl\\\/de\\\/\"},{\"@type\":\"ListItem\",\"position\":2,\"name\":\"Ereignisse\"}]},{\"@type\":\"WebSite\",\"@id\":\"https:\\\/\\\/renesseaanzee.nl\\\/de\\\/#website\",\"url\":\"https:\\\/\\\/renesseaanzee.nl\\\/de\\\/\",\"name\":\"Renesse Aan Zee\",\"description\":\"De gezelligste badplaats van Nederland\",\"publisher\":{\"@id\":\"https:\\\/\\\/renesseaanzee.nl\\\/de\\\/#organization\"},\"potentialAction\":[{\"@type\":\"SearchAction\",\"target\":{\"@type\":\"EntryPoint\",\"urlTemplate\":\"https:\\\/\\\/renesseaanzee.nl\\\/de\\\/?s={search_term_string}\"},\"query-input\":{\"@type\":\"PropertyValueSpecification\",\"valueRequired\":true,\"valueName\":\"search_term_string\"}}],\"inLanguage\":\"de\"},{\"@type\":\"Organization\",\"@id\":\"https:\\\/\\\/renesseaanzee.nl\\\/de\\\/#organization\",\"name\":\"Renesse Aan Zee\",\"url\":\"https:\\\/\\\/renesseaanzee.nl\\\/de\\\/\",\"logo\":{\"@type\":\"ImageObject\",\"inLanguage\":\"de\",\"@id\":\"https:\\\/\\\/renesseaanzee.nl\\\/de\\\/#\\\/schema\\\/logo\\\/image\\\/\",\"url\":\"https:\\\/\\\/renesseaanzee.nl\\\/wp-content\\\/uploads\\\/sites\\\/2\\\/2021\\\/06\\\/favicon.png\",\"contentUrl\":\"https:\\\/\\\/renesseaanzee.nl\\\/wp-content\\\/uploads\\\/sites\\\/2\\\/2021\\\/06\\\/favicon.png\",\"width\":200,\"height\":200,\"caption\":\"Renesse Aan Zee\"},\"image\":{\"@id\":\"https:\\\/\\\/renesseaanzee.nl\\\/de\\\/#\\\/schema\\\/logo\\\/image\\\/\"},\"sameAs\":[\"https:\\\/\\\/www.facebook.com\\\/RenesseAanZee\\\/\",\"https:\\\/\\\/x.com\\\/Renesseaanzee\",\"https:\\\/\\\/www.instagram.com\\\/renesseaanzee\\\/\",\"https:\\\/\\\/www.youtube.com\\\/channel\\\/UCVrJ4Pb4GAeXGjctARoD03g\"]}]}<\/script>\n<!-- \/ Yoast SEO plugin. -->","yoast_head_json":{"title":"Ereignisse - Renesse Aan Zee","robots":{"index":"index","follow":"follow","max-snippet":"max-snippet:-1","max-image-preview":"max-image-preview:large","max-video-preview":"max-video-preview:-1"},"canonical":"https:\/\/renesseaanzee.nl\/de\/ereignisse\/","og_locale":"de_DE","og_type":"article","og_title":"Ereignisse - Renesse Aan Zee","og_description":"&#13; Ereignisse in Renesse, immer etwas zu tun &#13; &#13; Renesse garantiert viele Musikdarbietungen und Stra\u00dfenk\u00fcnstler. Kommen Sie und schwingen Sie oder lassen Sie sich ein Schokoladentattoo machen und lassen Sie sich auf einer Terrasse nieder und genie\u00dfen Sie Feuerspucker oder Oldtimer. &#13; &#13; Am Mittwochmorgen (Mai bis September) gibt es einen Markt. Von Zeeland-Produkten [&hellip;]","og_url":"https:\/\/renesseaanzee.nl\/de\/ereignisse\/","og_site_name":"Renesse Aan Zee","article_publisher":"https:\/\/www.facebook.com\/RenesseAanZee\/","article_modified_time":"2022-02-21T09:55:59+00:00","og_image":[{"width":2560,"height":1707,"url":"https:\/\/renesseaanzee.nl\/wp-content\/uploads\/sites\/2\/2022\/02\/Koningsdag-Renesse-2019-20794-scaled.jpg","type":"image\/jpeg"}],"twitter_card":"summary_large_image","twitter_site":"@Renesseaanzee","twitter_misc":{"Gesch\u00e4tzte Lesezeit":"1\u00a0Minute"},"schema":{"@context":"https:\/\/schema.org","@graph":[{"@type":"WebPage","@id":"https:\/\/renesseaanzee.nl\/de\/ereignisse\/","url":"https:\/\/renesseaanzee.nl\/de\/ereignisse\/","name":"Ereignisse - Renesse Aan Zee","isPartOf":{"@id":"https:\/\/renesseaanzee.nl\/de\/#website"},"primaryImageOfPage":{"@id":"https:\/\/renesseaanzee.nl\/de\/ereignisse\/#primaryimage"},"image":{"@id":"https:\/\/renesseaanzee.nl\/de\/ereignisse\/#primaryimage"},"thumbnailUrl":"https:\/\/renesseaanzee.nl\/wp-content\/uploads\/sites\/2\/2022\/02\/Koningsdag-Renesse-2019-20794-scaled.jpg","datePublished":"2021-05-31T14:22:12+00:00","dateModified":"2022-02-21T09:55:59+00:00","breadcrumb":{"@id":"https:\/\/renesseaanzee.nl\/de\/ereignisse\/#breadcrumb"},"inLanguage":"de","potentialAction":[{"@type":"ReadAction","target":["https:\/\/renesseaanzee.nl\/de\/ereignisse\/"]}]},{"@type":"ImageObject","inLanguage":"de","@id":"https:\/\/renesseaanzee.nl\/de\/ereignisse\/#primaryimage","url":"https:\/\/renesseaanzee.nl\/wp-content\/uploads\/sites\/2\/2022\/02\/Koningsdag-Renesse-2019-20794-scaled.jpg","contentUrl":"https:\/\/renesseaanzee.nl\/wp-content\/uploads\/sites\/2\/2022\/02\/Koningsdag-Renesse-2019-20794-scaled.jpg","width":2560,"height":1707},{"@type":"BreadcrumbList","@id":"https:\/\/renesseaanzee.nl\/de\/ereignisse\/#breadcrumb","itemListElement":[{"@type":"ListItem","position":1,"name":"Home","item":"https:\/\/renesseaanzee.nl\/de\/"},{"@type":"ListItem","position":2,"name":"Ereignisse"}]},{"@type":"WebSite","@id":"https:\/\/renesseaanzee.nl\/de\/#website","url":"https:\/\/renesseaanzee.nl\/de\/","name":"Renesse Aan Zee","description":"De gezelligste badplaats van Nederland","publisher":{"@id":"https:\/\/renesseaanzee.nl\/de\/#organization"},"potentialAction":[{"@type":"SearchAction","target":{"@type":"EntryPoint","urlTemplate":"https:\/\/renesseaanzee.nl\/de\/?s={search_term_string}"},"query-input":{"@type":"PropertyValueSpecification","valueRequired":true,"valueName":"search_term_string"}}],"inLanguage":"de"},{"@type":"Organization","@id":"https:\/\/renesseaanzee.nl\/de\/#organization","name":"Renesse Aan Zee","url":"https:\/\/renesseaanzee.nl\/de\/","logo":{"@type":"ImageObject","inLanguage":"de","@id":"https:\/\/renesseaanzee.nl\/de\/#\/schema\/logo\/image\/","url":"https:\/\/renesseaanzee.nl\/wp-content\/uploads\/sites\/2\/2021\/06\/favicon.png","contentUrl":"https:\/\/renesseaanzee.nl\/wp-content\/uploads\/sites\/2\/2021\/06\/favicon.png","width":200,"height":200,"caption":"Renesse Aan Zee"},"image":{"@id":"https:\/\/renesseaanzee.nl\/de\/#\/schema\/logo\/image\/"},"sameAs":["https:\/\/www.facebook.com\/RenesseAanZee\/","https:\/\/x.com\/Renesseaanzee","https:\/\/www.instagram.com\/renesseaanzee\/","https:\/\/www.youtube.com\/channel\/UCVrJ4Pb4GAeXGjctARoD03g"]}]}},"_links":{"self":[{"href":"https:\/\/renesseaanzee.nl\/de\/wp-json\/wp\/v2\/pages\/2766","targetHints":{"allow":["GET"]}}],"collection":[{"href":"https:\/\/renesseaanzee.nl\/de\/wp-json\/wp\/v2\/pages"}],"about":[{"href":"https:\/\/renesseaanzee.nl\/de\/wp-json\/wp\/v2\/types\/page"}],"author":[{"embeddable":true,"href":"https:\/\/renesseaanzee.nl\/de\/wp-json\/wp\/v2\/users\/1"}],"replies":[{"embeddable":true,"href":"https:\/\/renesseaanzee.nl\/de\/wp-json\/wp\/v2\/comments?post=2766"}],"version-history":[{"count":1,"href":"https:\/\/renesseaanzee.nl\/de\/wp-json\/wp\/v2\/pages\/2766\/revisions"}],"predecessor-version":[{"id":2767,"href":"https:\/\/renesseaanzee.nl\/de\/wp-json\/wp\/v2\/pages\/2766\/revisions\/2767"}],"wp:featuredmedia":[{"embeddable":true,"href":"https:\/\/renesseaanzee.nl\/de\/wp-json\/wp\/v2\/media\/5362"}],"wp:attachment":[{"href":"https:\/\/renesseaanzee.nl\/de\/wp-json\/wp\/v2\/media?parent=2766"}],"curies":[{"name":"wp","href":"https:\/\/api.w.org\/{rel}","templated":true}]}}