{"id":2772,"date":"2021-05-31T10:43:37","date_gmt":"2021-05-31T08:43:37","guid":{"rendered":"https:\/\/renesseaanzee.nl\/entdecken\/"},"modified":"2022-02-21T10:56:44","modified_gmt":"2022-02-21T09:56:44","slug":"entdecken","status":"publish","type":"page","link":"https:\/\/renesseaanzee.nl\/de\/entdecken\/","title":{"rendered":"Entdecken"},"content":{"rendered":"&#13;\n<h2 class=\"wp-block-heading\">Komm nach Renesse<\/h2>&#13;\n&#13;\n<p>Weil Renesse es hat. Die besten Familiencampingpl\u00e4tze mit langen Rutschen und coolen Animationsprogrammen. Hotelzimmer, in denen Sie das Rascheln des Meeres h\u00f6ren, und Luxusbungalows, in denen Sie die Hirsche in Ihrem eigenen Garten sehen. Beachy B &amp; Bs mit einem Zeeland-Fr\u00fchst\u00fcck im Garten sind ebenfalls eine Option.<\/p>&#13;\n&#13;\n<p>Im Dorf verw\u00f6hnen wir Sie gerne mit gutem Kaffee und einem Zeeland-Bolus. Sie k\u00f6nnen auch das beste Eis genie\u00dfen. Setzen Sie sich auf eine der vielen Terrassen und genie\u00dfen Sie Ihren Urlaub bis in die fr\u00fchen Morgenstunden. Die Gesch\u00e4fte begr\u00fc\u00dfen Sie und zeigen Ihnen gerne die neuesten Trends. Erziele ein hippes Strandkleid oder ein Surfbrett f\u00fcr die Kinder. Hier k\u00f6nnen Sie noch ein ehrliches St\u00fcck Fleisch vom Metzger kaufen. Genau wie Brot und Geb\u00e4ck bei einem der handwerklichen B\u00e4cker.<\/p>&#13;\n&#13;\n<p>Am Abend k\u00f6nnen Sie gemeinsam einen wundersch\u00f6nen Sonnenuntergang am Strand genie\u00dfen. Mit einem Drink in der Hand in einem der vielen Strandpavillons entlang der K\u00fcste von Renesse. Toasten Sie gemeinsam auf Ihren Strandurlaub in Renesse.<\/p>&#13;\n","protected":false},"excerpt":{"rendered":"<p>&#13; Komm nach Renesse &#13; &#13; Weil Renesse es hat. Die besten Familiencampingpl\u00e4tze mit langen Rutschen und coolen Animationsprogrammen. Hotelzimmer, in denen Sie das Rascheln des Meeres h\u00f6ren, und Luxusbungalows, in denen Sie die Hirsche in Ihrem eigenen Garten sehen. Beachy B &amp; Bs mit einem Zeeland-Fr\u00fchst\u00fcck im Garten sind ebenfalls eine Option. &#13; &#13; [&hellip;]<\/p>\n","protected":false},"author":1,"featured_media":0,"parent":0,"menu_order":0,"comment_status":"closed","ping_status":"closed","template":"","meta":{"_acf_changed":false,"footnotes":""},"class_list":["post-2772","page","type-page","status-publish","hentry"],"acf":[],"yoast_head":"<!-- This site is optimized with the Yoast SEO plugin v27.4 - https:\/\/yoast.com\/product\/yoast-seo-wordpress\/ -->\n<title>Entdecken - Renesse Aan Zee<\/title>\n<meta name=\"robots\" content=\"index, follow, max-snippet:-1, max-image-preview:large, max-video-preview:-1\" \/>\n<link rel=\"canonical\" href=\"https:\/\/renesseaanzee.nl\/de\/entdecken\/\" \/>\n<meta property=\"og:locale\" content=\"de_DE\" \/>\n<meta property=\"og:type\" content=\"article\" \/>\n<meta property=\"og:title\" content=\"Entdecken - Renesse Aan Zee\" \/>\n<meta property=\"og:description\" content=\"&#013; Komm nach Renesse &#013; &#013; Weil Renesse es hat. Die besten Familiencampingpl\u00e4tze mit langen Rutschen und coolen Animationsprogrammen. Hotelzimmer, in denen Sie das Rascheln des Meeres h\u00f6ren, und Luxusbungalows, in denen Sie die Hirsche in Ihrem eigenen Garten sehen. Beachy B &amp; Bs mit einem Zeeland-Fr\u00fchst\u00fcck im Garten sind ebenfalls eine Option. &#013; &#013; [&hellip;]\" \/>\n<meta property=\"og:url\" content=\"https:\/\/renesseaanzee.nl\/de\/entdecken\/\" \/>\n<meta property=\"og:site_name\" content=\"Renesse Aan Zee\" \/>\n<meta property=\"article:publisher\" content=\"https:\/\/www.facebook.com\/RenesseAanZee\/\" \/>\n<meta property=\"article:modified_time\" content=\"2022-02-21T09:56:44+00:00\" \/>\n<meta name=\"twitter:card\" content=\"summary_large_image\" \/>\n<meta name=\"twitter:site\" content=\"@Renesseaanzee\" \/>\n<meta name=\"twitter:label1\" content=\"Gesch\u00e4tzte Lesezeit\" \/>\n\t<meta name=\"twitter:data1\" content=\"1\u00a0Minute\" \/>\n<script type=\"application\/ld+json\" class=\"yoast-schema-graph\">{\"@context\":\"https:\\\/\\\/schema.org\",\"@graph\":[{\"@type\":\"WebPage\",\"@id\":\"https:\\\/\\\/renesseaanzee.nl\\\/de\\\/entdecken\\\/\",\"url\":\"https:\\\/\\\/renesseaanzee.nl\\\/de\\\/entdecken\\\/\",\"name\":\"Entdecken - Renesse Aan Zee\",\"isPartOf\":{\"@id\":\"https:\\\/\\\/renesseaanzee.nl\\\/de\\\/#website\"},\"datePublished\":\"2021-05-31T08:43:37+00:00\",\"dateModified\":\"2022-02-21T09:56:44+00:00\",\"breadcrumb\":{\"@id\":\"https:\\\/\\\/renesseaanzee.nl\\\/de\\\/entdecken\\\/#breadcrumb\"},\"inLanguage\":\"de\",\"potentialAction\":[{\"@type\":\"ReadAction\",\"target\":[\"https:\\\/\\\/renesseaanzee.nl\\\/de\\\/entdecken\\\/\"]}]},{\"@type\":\"BreadcrumbList\",\"@id\":\"https:\\\/\\\/renesseaanzee.nl\\\/de\\\/entdecken\\\/#breadcrumb\",\"itemListElement\":[{\"@type\":\"ListItem\",\"position\":1,\"name\":\"Home\",\"item\":\"https:\\\/\\\/renesseaanzee.nl\\\/de\\\/\"},{\"@type\":\"ListItem\",\"position\":2,\"name\":\"Entdecken\"}]},{\"@type\":\"WebSite\",\"@id\":\"https:\\\/\\\/renesseaanzee.nl\\\/de\\\/#website\",\"url\":\"https:\\\/\\\/renesseaanzee.nl\\\/de\\\/\",\"name\":\"Renesse Aan Zee\",\"description\":\"De gezelligste badplaats van Nederland\",\"publisher\":{\"@id\":\"https:\\\/\\\/renesseaanzee.nl\\\/de\\\/#organization\"},\"potentialAction\":[{\"@type\":\"SearchAction\",\"target\":{\"@type\":\"EntryPoint\",\"urlTemplate\":\"https:\\\/\\\/renesseaanzee.nl\\\/de\\\/?s={search_term_string}\"},\"query-input\":{\"@type\":\"PropertyValueSpecification\",\"valueRequired\":true,\"valueName\":\"search_term_string\"}}],\"inLanguage\":\"de\"},{\"@type\":\"Organization\",\"@id\":\"https:\\\/\\\/renesseaanzee.nl\\\/de\\\/#organization\",\"name\":\"Renesse Aan Zee\",\"url\":\"https:\\\/\\\/renesseaanzee.nl\\\/de\\\/\",\"logo\":{\"@type\":\"ImageObject\",\"inLanguage\":\"de\",\"@id\":\"https:\\\/\\\/renesseaanzee.nl\\\/de\\\/#\\\/schema\\\/logo\\\/image\\\/\",\"url\":\"https:\\\/\\\/renesseaanzee.nl\\\/wp-content\\\/uploads\\\/sites\\\/2\\\/2021\\\/06\\\/favicon.png\",\"contentUrl\":\"https:\\\/\\\/renesseaanzee.nl\\\/wp-content\\\/uploads\\\/sites\\\/2\\\/2021\\\/06\\\/favicon.png\",\"width\":200,\"height\":200,\"caption\":\"Renesse Aan Zee\"},\"image\":{\"@id\":\"https:\\\/\\\/renesseaanzee.nl\\\/de\\\/#\\\/schema\\\/logo\\\/image\\\/\"},\"sameAs\":[\"https:\\\/\\\/www.facebook.com\\\/RenesseAanZee\\\/\",\"https:\\\/\\\/x.com\\\/Renesseaanzee\",\"https:\\\/\\\/www.instagram.com\\\/renesseaanzee\\\/\",\"https:\\\/\\\/www.youtube.com\\\/channel\\\/UCVrJ4Pb4GAeXGjctARoD03g\"]}]}<\/script>\n<!-- \/ Yoast SEO plugin. -->","yoast_head_json":{"title":"Entdecken - Renesse Aan Zee","robots":{"index":"index","follow":"follow","max-snippet":"max-snippet:-1","max-image-preview":"max-image-preview:large","max-video-preview":"max-video-preview:-1"},"canonical":"https:\/\/renesseaanzee.nl\/de\/entdecken\/","og_locale":"de_DE","og_type":"article","og_title":"Entdecken - Renesse Aan Zee","og_description":"&#13; Komm nach Renesse &#13; &#13; Weil Renesse es hat. Die besten Familiencampingpl\u00e4tze mit langen Rutschen und coolen Animationsprogrammen. Hotelzimmer, in denen Sie das Rascheln des Meeres h\u00f6ren, und Luxusbungalows, in denen Sie die Hirsche in Ihrem eigenen Garten sehen. Beachy B &amp; Bs mit einem Zeeland-Fr\u00fchst\u00fcck im Garten sind ebenfalls eine Option. &#13; &#13; [&hellip;]","og_url":"https:\/\/renesseaanzee.nl\/de\/entdecken\/","og_site_name":"Renesse Aan Zee","article_publisher":"https:\/\/www.facebook.com\/RenesseAanZee\/","article_modified_time":"2022-02-21T09:56:44+00:00","twitter_card":"summary_large_image","twitter_site":"@Renesseaanzee","twitter_misc":{"Gesch\u00e4tzte Lesezeit":"1\u00a0Minute"},"schema":{"@context":"https:\/\/schema.org","@graph":[{"@type":"WebPage","@id":"https:\/\/renesseaanzee.nl\/de\/entdecken\/","url":"https:\/\/renesseaanzee.nl\/de\/entdecken\/","name":"Entdecken - Renesse Aan Zee","isPartOf":{"@id":"https:\/\/renesseaanzee.nl\/de\/#website"},"datePublished":"2021-05-31T08:43:37+00:00","dateModified":"2022-02-21T09:56:44+00:00","breadcrumb":{"@id":"https:\/\/renesseaanzee.nl\/de\/entdecken\/#breadcrumb"},"inLanguage":"de","potentialAction":[{"@type":"ReadAction","target":["https:\/\/renesseaanzee.nl\/de\/entdecken\/"]}]},{"@type":"BreadcrumbList","@id":"https:\/\/renesseaanzee.nl\/de\/entdecken\/#breadcrumb","itemListElement":[{"@type":"ListItem","position":1,"name":"Home","item":"https:\/\/renesseaanzee.nl\/de\/"},{"@type":"ListItem","position":2,"name":"Entdecken"}]},{"@type":"WebSite","@id":"https:\/\/renesseaanzee.nl\/de\/#website","url":"https:\/\/renesseaanzee.nl\/de\/","name":"Renesse Aan Zee","description":"De gezelligste badplaats van Nederland","publisher":{"@id":"https:\/\/renesseaanzee.nl\/de\/#organization"},"potentialAction":[{"@type":"SearchAction","target":{"@type":"EntryPoint","urlTemplate":"https:\/\/renesseaanzee.nl\/de\/?s={search_term_string}"},"query-input":{"@type":"PropertyValueSpecification","valueRequired":true,"valueName":"search_term_string"}}],"inLanguage":"de"},{"@type":"Organization","@id":"https:\/\/renesseaanzee.nl\/de\/#organization","name":"Renesse Aan Zee","url":"https:\/\/renesseaanzee.nl\/de\/","logo":{"@type":"ImageObject","inLanguage":"de","@id":"https:\/\/renesseaanzee.nl\/de\/#\/schema\/logo\/image\/","url":"https:\/\/renesseaanzee.nl\/wp-content\/uploads\/sites\/2\/2021\/06\/favicon.png","contentUrl":"https:\/\/renesseaanzee.nl\/wp-content\/uploads\/sites\/2\/2021\/06\/favicon.png","width":200,"height":200,"caption":"Renesse Aan Zee"},"image":{"@id":"https:\/\/renesseaanzee.nl\/de\/#\/schema\/logo\/image\/"},"sameAs":["https:\/\/www.facebook.com\/RenesseAanZee\/","https:\/\/x.com\/Renesseaanzee","https:\/\/www.instagram.com\/renesseaanzee\/","https:\/\/www.youtube.com\/channel\/UCVrJ4Pb4GAeXGjctARoD03g"]}]}},"_links":{"self":[{"href":"https:\/\/renesseaanzee.nl\/de\/wp-json\/wp\/v2\/pages\/2772","targetHints":{"allow":["GET"]}}],"collection":[{"href":"https:\/\/renesseaanzee.nl\/de\/wp-json\/wp\/v2\/pages"}],"about":[{"href":"https:\/\/renesseaanzee.nl\/de\/wp-json\/wp\/v2\/types\/page"}],"author":[{"embeddable":true,"href":"https:\/\/renesseaanzee.nl\/de\/wp-json\/wp\/v2\/users\/1"}],"replies":[{"embeddable":true,"href":"https:\/\/renesseaanzee.nl\/de\/wp-json\/wp\/v2\/comments?post=2772"}],"version-history":[{"count":1,"href":"https:\/\/renesseaanzee.nl\/de\/wp-json\/wp\/v2\/pages\/2772\/revisions"}],"predecessor-version":[{"id":2773,"href":"https:\/\/renesseaanzee.nl\/de\/wp-json\/wp\/v2\/pages\/2772\/revisions\/2773"}],"wp:attachment":[{"href":"https:\/\/renesseaanzee.nl\/de\/wp-json\/wp\/v2\/media?parent=2772"}],"curies":[{"name":"wp","href":"https:\/\/api.w.org\/{rel}","templated":true}]}}