{"id":3019,"date":"2021-07-05T17:35:55","date_gmt":"2021-07-05T15:35:55","guid":{"rendered":"https:\/\/renesseaanzee.nl\/renesse-aan-zee-applikation\/"},"modified":"2021-09-24T09:03:34","modified_gmt":"2021-09-24T07:03:34","slug":"renesse-aan-zee-applikation","status":"publish","type":"page","link":"https:\/\/renesseaanzee.nl\/de\/allgemein\/renesse-aan-zee-applikation\/","title":{"rendered":"Renesse Aan Zee Applikation"},"content":{"rendered":"<div class=\"container\">\n<div class=\"row\">\n<div class=\"col-lg-8 my-3 text-lg-left\">\n<h2>Laden Sie die Renesse-App f\u00fcr Andoid oder iOS herunter<\/h2>\n<p>            Mit dieser App k\u00f6nnen Sie schnell und einfach alle Informationen rund um den Urlaub in Renesse finden.<br \/>\n            Es gibt mehrere \u00dcbersichten f\u00fcr Veranstaltungen, Unternehmer, Gesch\u00e4fte, Einrichtungen, Attraktionen und die neuesten Nachrichten in und um Renesse.<br \/>\n            Alles, um Ihren Aufenthalt in Renesse so einfach wie m\u00f6glich zu gestalten!<\/p>\n<p>            Weitere Optionen:<br \/>\n            &#8211; Aktivit\u00e4ten direkt in Ihrem Kalender speichern<br \/>\n            &#8211; Suchergebnisse filtern<br \/>\n            &#8211; Favoriten speichern<br \/>\n            &#8211; Zu Standorten navigieren<br \/>\n            &#8211; Mit Freunden teilen<br \/>\n            &#8211; Das aktuelle Wetter in Renesse\n        <\/p><\/div>\n<div class=\"col-lg-4 my-3 text-center text-lg-left\">\n            <a href=\"http:\/\/onelink.to\/bh7krb?&#038;dev=other\" rel=\"noopener\" target=\"_blank\"><br \/>\n            <img loading=\"lazy\" decoding=\"async\" src=\"https:\/\/renesseaanzee.nl\/wp-content\/uploads\/sites\/2\/2021\/06\/renesse-app.png\" alt=\"\" width=\"300\" height=\"190\" class=\"alignnone size-full wp-image-2149\" \/><br \/>\n            <\/a><img loading=\"lazy\" decoding=\"async\" src=\"https:\/\/renesseaanzee.nl\/wp-content\/uploads\/sites\/2\/2021\/07\/image.png\" alt=\"\" width=\"171\" height=\"171\" class=\"alignnone size-full wp-image-2991\" srcset=\"https:\/\/renesseaanzee.nl\/wp-content\/uploads\/sites\/2\/2021\/07\/image.png 171w, https:\/\/renesseaanzee.nl\/wp-content\/uploads\/sites\/2\/2021\/07\/image-150x150.png 150w\" sizes=\"auto, (max-width: 171px) 100vw, 171px\" \/>\n        <\/div>\n<\/p><\/div>\n<\/div>\n<div class=\"container\">\n<div class=\"row\">\n<div class=\"col-3\">\n      <img loading=\"lazy\" decoding=\"async\" src=\"https:\/\/renesseaanzee.nl\/wp-content\/uploads\/sites\/2\/2021\/07\/Screenshot1_iphoneX.jpg\" alt=\"\" width=\"1125\" height=\"2436\" class=\"alignnone size-full wp-image-2997 img-fluid\" srcset=\"https:\/\/renesseaanzee.nl\/wp-content\/uploads\/sites\/2\/2021\/07\/Screenshot1_iphoneX.jpg 1125w, https:\/\/renesseaanzee.nl\/wp-content\/uploads\/sites\/2\/2021\/07\/Screenshot1_iphoneX-139x300.jpg 139w, https:\/\/renesseaanzee.nl\/wp-content\/uploads\/sites\/2\/2021\/07\/Screenshot1_iphoneX-768x1663.jpg 768w, https:\/\/renesseaanzee.nl\/wp-content\/uploads\/sites\/2\/2021\/07\/Screenshot1_iphoneX-709x1536.jpg 709w, https:\/\/renesseaanzee.nl\/wp-content\/uploads\/sites\/2\/2021\/07\/Screenshot1_iphoneX-946x2048.jpg 946w\" sizes=\"auto, (max-width: 1125px) 100vw, 1125px\" \/>\n    <\/div>\n<div class=\"col-3\">\n      <img loading=\"lazy\" decoding=\"async\" src=\"https:\/\/renesseaanzee.nl\/wp-content\/uploads\/sites\/2\/2021\/07\/Screenshot2_iphoneX.jpg\" alt=\"\" width=\"1125\" height=\"2436\" class=\"alignnone size-full wp-image-3000 img-fluid\" srcset=\"https:\/\/renesseaanzee.nl\/wp-content\/uploads\/sites\/2\/2021\/07\/Screenshot2_iphoneX.jpg 1125w, https:\/\/renesseaanzee.nl\/wp-content\/uploads\/sites\/2\/2021\/07\/Screenshot2_iphoneX-139x300.jpg 139w, https:\/\/renesseaanzee.nl\/wp-content\/uploads\/sites\/2\/2021\/07\/Screenshot2_iphoneX-768x1663.jpg 768w, https:\/\/renesseaanzee.nl\/wp-content\/uploads\/sites\/2\/2021\/07\/Screenshot2_iphoneX-709x1536.jpg 709w, https:\/\/renesseaanzee.nl\/wp-content\/uploads\/sites\/2\/2021\/07\/Screenshot2_iphoneX-946x2048.jpg 946w\" sizes=\"auto, (max-width: 1125px) 100vw, 1125px\" \/>\n    <\/div>\n<div class=\"col-3\">\n      <img loading=\"lazy\" decoding=\"async\" src=\"https:\/\/renesseaanzee.nl\/wp-content\/uploads\/sites\/2\/2021\/07\/Screenshot3_iphoneX.jpg\" alt=\"\" width=\"1125\" height=\"2436\" class=\"alignnone size-full wp-image-3003 img-fluid\" srcset=\"https:\/\/renesseaanzee.nl\/wp-content\/uploads\/sites\/2\/2021\/07\/Screenshot3_iphoneX.jpg 1125w, https:\/\/renesseaanzee.nl\/wp-content\/uploads\/sites\/2\/2021\/07\/Screenshot3_iphoneX-139x300.jpg 139w, https:\/\/renesseaanzee.nl\/wp-content\/uploads\/sites\/2\/2021\/07\/Screenshot3_iphoneX-768x1663.jpg 768w, https:\/\/renesseaanzee.nl\/wp-content\/uploads\/sites\/2\/2021\/07\/Screenshot3_iphoneX-709x1536.jpg 709w, https:\/\/renesseaanzee.nl\/wp-content\/uploads\/sites\/2\/2021\/07\/Screenshot3_iphoneX-946x2048.jpg 946w\" sizes=\"auto, (max-width: 1125px) 100vw, 1125px\" \/>\n    <\/div>\n<div class=\"col-3\">\n      <img loading=\"lazy\" decoding=\"async\" src=\"https:\/\/renesseaanzee.nl\/wp-content\/uploads\/sites\/2\/2021\/07\/Screenshot4_iphoneX.jpg\" alt=\"\" width=\"1125\" height=\"2436\" class=\"alignnone size-full wp-image-3006 img-fluid\" srcset=\"https:\/\/renesseaanzee.nl\/wp-content\/uploads\/sites\/2\/2021\/07\/Screenshot4_iphoneX.jpg 1125w, https:\/\/renesseaanzee.nl\/wp-content\/uploads\/sites\/2\/2021\/07\/Screenshot4_iphoneX-139x300.jpg 139w, https:\/\/renesseaanzee.nl\/wp-content\/uploads\/sites\/2\/2021\/07\/Screenshot4_iphoneX-768x1663.jpg 768w, https:\/\/renesseaanzee.nl\/wp-content\/uploads\/sites\/2\/2021\/07\/Screenshot4_iphoneX-709x1536.jpg 709w, https:\/\/renesseaanzee.nl\/wp-content\/uploads\/sites\/2\/2021\/07\/Screenshot4_iphoneX-946x2048.jpg 946w\" sizes=\"auto, (max-width: 1125px) 100vw, 1125px\" \/>\n    <\/div>\n<\/p><\/div>\n<\/div>\n","protected":false},"excerpt":{"rendered":"<p>Laden Sie die Renesse-App f\u00fcr Andoid oder iOS herunter Mit dieser App k\u00f6nnen Sie schnell und einfach alle Informationen rund um den Urlaub in Renesse finden. Es gibt mehrere \u00dcbersichten f\u00fcr Veranstaltungen, Unternehmer, Gesch\u00e4fte, Einrichtungen, Attraktionen und die neuesten Nachrichten in und um Renesse. Alles, um Ihren Aufenthalt in Renesse so einfach wie m\u00f6glich zu [&hellip;]<\/p>\n","protected":false},"author":1,"featured_media":6603,"parent":2744,"menu_order":0,"comment_status":"closed","ping_status":"closed","template":"","meta":{"_acf_changed":false,"footnotes":""},"class_list":["post-3019","page","type-page","status-publish","has-post-thumbnail","hentry"],"acf":[],"yoast_head":"<!-- This site is optimized with the Yoast SEO plugin v27.4 - https:\/\/yoast.com\/product\/yoast-seo-wordpress\/ -->\n<title>F\u00fcr iOS und Android<\/title>\n<meta name=\"description\" content=\"Mit der Renesse-App finden Sie schnell und einfach alle Informationen und Inspirationen f\u00fcr Ihren Urlaub in Renesse.\" \/>\n<meta name=\"robots\" content=\"index, follow, max-snippet:-1, max-image-preview:large, max-video-preview:-1\" \/>\n<link rel=\"canonical\" href=\"https:\/\/renesseaanzee.nl\/de\/allgemein\/renesse-aan-zee-applikation\/\" \/>\n<meta property=\"og:locale\" content=\"de_DE\" \/>\n<meta property=\"og:type\" content=\"article\" \/>\n<meta property=\"og:title\" content=\"F\u00fcr iOS und Android\" \/>\n<meta property=\"og:description\" content=\"Mit der Renesse-App finden Sie schnell und einfach alle Informationen und Inspirationen f\u00fcr Ihren Urlaub in Renesse.\" \/>\n<meta property=\"og:url\" content=\"https:\/\/renesseaanzee.nl\/de\/allgemein\/renesse-aan-zee-applikation\/\" \/>\n<meta property=\"og:site_name\" content=\"Renesse Aan Zee\" \/>\n<meta property=\"article:publisher\" content=\"https:\/\/www.facebook.com\/RenesseAanZee\/\" \/>\n<meta property=\"article:modified_time\" content=\"2021-09-24T07:03:34+00:00\" \/>\n<meta property=\"og:image\" content=\"http:\/\/renesseaanzee.nl\/wp-content\/uploads\/sites\/2\/2021\/06\/renesse-app.png\" \/>\n<meta name=\"twitter:card\" content=\"summary_large_image\" \/>\n<meta name=\"twitter:site\" content=\"@Renesseaanzee\" \/>\n<script type=\"application\/ld+json\" class=\"yoast-schema-graph\">{\"@context\":\"https:\\\/\\\/schema.org\",\"@graph\":[{\"@type\":\"WebPage\",\"@id\":\"https:\\\/\\\/renesseaanzee.nl\\\/de\\\/allgemein\\\/renesse-aan-zee-applikation\\\/\",\"url\":\"https:\\\/\\\/renesseaanzee.nl\\\/de\\\/allgemein\\\/renesse-aan-zee-applikation\\\/\",\"name\":\"F\u00fcr iOS und Android\",\"isPartOf\":{\"@id\":\"https:\\\/\\\/renesseaanzee.nl\\\/de\\\/#website\"},\"primaryImageOfPage\":{\"@id\":\"https:\\\/\\\/renesseaanzee.nl\\\/de\\\/allgemein\\\/renesse-aan-zee-applikation\\\/#primaryimage\"},\"image\":{\"@id\":\"https:\\\/\\\/renesseaanzee.nl\\\/de\\\/allgemein\\\/renesse-aan-zee-applikation\\\/#primaryimage\"},\"thumbnailUrl\":\"https:\\\/\\\/renesseaanzee.nl\\\/wp-content\\\/uploads\\\/sites\\\/2\\\/2021\\\/06\\\/19-04-2020-Renesse-Marketing-7244-scaled-1.jpg\",\"datePublished\":\"2021-07-05T15:35:55+00:00\",\"dateModified\":\"2021-09-24T07:03:34+00:00\",\"description\":\"Mit der Renesse-App finden Sie schnell und einfach alle Informationen und Inspirationen f\u00fcr Ihren Urlaub in Renesse.\",\"breadcrumb\":{\"@id\":\"https:\\\/\\\/renesseaanzee.nl\\\/de\\\/allgemein\\\/renesse-aan-zee-applikation\\\/#breadcrumb\"},\"inLanguage\":\"de\",\"potentialAction\":[{\"@type\":\"ReadAction\",\"target\":[\"https:\\\/\\\/renesseaanzee.nl\\\/de\\\/allgemein\\\/renesse-aan-zee-applikation\\\/\"]}]},{\"@type\":\"ImageObject\",\"inLanguage\":\"de\",\"@id\":\"https:\\\/\\\/renesseaanzee.nl\\\/de\\\/allgemein\\\/renesse-aan-zee-applikation\\\/#primaryimage\",\"url\":\"https:\\\/\\\/renesseaanzee.nl\\\/wp-content\\\/uploads\\\/sites\\\/2\\\/2021\\\/06\\\/19-04-2020-Renesse-Marketing-7244-scaled-1.jpg\",\"contentUrl\":\"https:\\\/\\\/renesseaanzee.nl\\\/wp-content\\\/uploads\\\/sites\\\/2\\\/2021\\\/06\\\/19-04-2020-Renesse-Marketing-7244-scaled-1.jpg\",\"width\":2048,\"height\":1092,\"caption\":\"strandparasol\"},{\"@type\":\"BreadcrumbList\",\"@id\":\"https:\\\/\\\/renesseaanzee.nl\\\/de\\\/allgemein\\\/renesse-aan-zee-applikation\\\/#breadcrumb\",\"itemListElement\":[{\"@type\":\"ListItem\",\"position\":1,\"name\":\"Home\",\"item\":\"https:\\\/\\\/renesseaanzee.nl\\\/de\\\/\"},{\"@type\":\"ListItem\",\"position\":2,\"name\":\"Allgemein\",\"item\":\"https:\\\/\\\/renesseaanzee.nl\\\/de\\\/allgemein\\\/\"},{\"@type\":\"ListItem\",\"position\":3,\"name\":\"Renesse Aan Zee Applikation\"}]},{\"@type\":\"WebSite\",\"@id\":\"https:\\\/\\\/renesseaanzee.nl\\\/de\\\/#website\",\"url\":\"https:\\\/\\\/renesseaanzee.nl\\\/de\\\/\",\"name\":\"Renesse Aan Zee\",\"description\":\"De gezelligste badplaats van Nederland\",\"publisher\":{\"@id\":\"https:\\\/\\\/renesseaanzee.nl\\\/de\\\/#organization\"},\"potentialAction\":[{\"@type\":\"SearchAction\",\"target\":{\"@type\":\"EntryPoint\",\"urlTemplate\":\"https:\\\/\\\/renesseaanzee.nl\\\/de\\\/?s={search_term_string}\"},\"query-input\":{\"@type\":\"PropertyValueSpecification\",\"valueRequired\":true,\"valueName\":\"search_term_string\"}}],\"inLanguage\":\"de\"},{\"@type\":\"Organization\",\"@id\":\"https:\\\/\\\/renesseaanzee.nl\\\/de\\\/#organization\",\"name\":\"Renesse Aan Zee\",\"url\":\"https:\\\/\\\/renesseaanzee.nl\\\/de\\\/\",\"logo\":{\"@type\":\"ImageObject\",\"inLanguage\":\"de\",\"@id\":\"https:\\\/\\\/renesseaanzee.nl\\\/de\\\/#\\\/schema\\\/logo\\\/image\\\/\",\"url\":\"https:\\\/\\\/renesseaanzee.nl\\\/wp-content\\\/uploads\\\/sites\\\/2\\\/2021\\\/06\\\/favicon.png\",\"contentUrl\":\"https:\\\/\\\/renesseaanzee.nl\\\/wp-content\\\/uploads\\\/sites\\\/2\\\/2021\\\/06\\\/favicon.png\",\"width\":200,\"height\":200,\"caption\":\"Renesse Aan Zee\"},\"image\":{\"@id\":\"https:\\\/\\\/renesseaanzee.nl\\\/de\\\/#\\\/schema\\\/logo\\\/image\\\/\"},\"sameAs\":[\"https:\\\/\\\/www.facebook.com\\\/RenesseAanZee\\\/\",\"https:\\\/\\\/x.com\\\/Renesseaanzee\",\"https:\\\/\\\/www.instagram.com\\\/renesseaanzee\\\/\",\"https:\\\/\\\/www.youtube.com\\\/channel\\\/UCVrJ4Pb4GAeXGjctARoD03g\"]}]}<\/script>\n<!-- \/ Yoast SEO plugin. -->","yoast_head_json":{"title":"F\u00fcr iOS und Android","description":"Mit der Renesse-App finden Sie schnell und einfach alle Informationen und Inspirationen f\u00fcr Ihren Urlaub in Renesse.","robots":{"index":"index","follow":"follow","max-snippet":"max-snippet:-1","max-image-preview":"max-image-preview:large","max-video-preview":"max-video-preview:-1"},"canonical":"https:\/\/renesseaanzee.nl\/de\/allgemein\/renesse-aan-zee-applikation\/","og_locale":"de_DE","og_type":"article","og_title":"F\u00fcr iOS und Android","og_description":"Mit der Renesse-App finden Sie schnell und einfach alle Informationen und Inspirationen f\u00fcr Ihren Urlaub in Renesse.","og_url":"https:\/\/renesseaanzee.nl\/de\/allgemein\/renesse-aan-zee-applikation\/","og_site_name":"Renesse Aan Zee","article_publisher":"https:\/\/www.facebook.com\/RenesseAanZee\/","article_modified_time":"2021-09-24T07:03:34+00:00","og_image":[{"url":"http:\/\/renesseaanzee.nl\/wp-content\/uploads\/sites\/2\/2021\/06\/renesse-app.png","type":"","width":"","height":""}],"twitter_card":"summary_large_image","twitter_site":"@Renesseaanzee","schema":{"@context":"https:\/\/schema.org","@graph":[{"@type":"WebPage","@id":"https:\/\/renesseaanzee.nl\/de\/allgemein\/renesse-aan-zee-applikation\/","url":"https:\/\/renesseaanzee.nl\/de\/allgemein\/renesse-aan-zee-applikation\/","name":"F\u00fcr iOS und Android","isPartOf":{"@id":"https:\/\/renesseaanzee.nl\/de\/#website"},"primaryImageOfPage":{"@id":"https:\/\/renesseaanzee.nl\/de\/allgemein\/renesse-aan-zee-applikation\/#primaryimage"},"image":{"@id":"https:\/\/renesseaanzee.nl\/de\/allgemein\/renesse-aan-zee-applikation\/#primaryimage"},"thumbnailUrl":"https:\/\/renesseaanzee.nl\/wp-content\/uploads\/sites\/2\/2021\/06\/19-04-2020-Renesse-Marketing-7244-scaled-1.jpg","datePublished":"2021-07-05T15:35:55+00:00","dateModified":"2021-09-24T07:03:34+00:00","description":"Mit der Renesse-App finden Sie schnell und einfach alle Informationen und Inspirationen f\u00fcr Ihren Urlaub in Renesse.","breadcrumb":{"@id":"https:\/\/renesseaanzee.nl\/de\/allgemein\/renesse-aan-zee-applikation\/#breadcrumb"},"inLanguage":"de","potentialAction":[{"@type":"ReadAction","target":["https:\/\/renesseaanzee.nl\/de\/allgemein\/renesse-aan-zee-applikation\/"]}]},{"@type":"ImageObject","inLanguage":"de","@id":"https:\/\/renesseaanzee.nl\/de\/allgemein\/renesse-aan-zee-applikation\/#primaryimage","url":"https:\/\/renesseaanzee.nl\/wp-content\/uploads\/sites\/2\/2021\/06\/19-04-2020-Renesse-Marketing-7244-scaled-1.jpg","contentUrl":"https:\/\/renesseaanzee.nl\/wp-content\/uploads\/sites\/2\/2021\/06\/19-04-2020-Renesse-Marketing-7244-scaled-1.jpg","width":2048,"height":1092,"caption":"strandparasol"},{"@type":"BreadcrumbList","@id":"https:\/\/renesseaanzee.nl\/de\/allgemein\/renesse-aan-zee-applikation\/#breadcrumb","itemListElement":[{"@type":"ListItem","position":1,"name":"Home","item":"https:\/\/renesseaanzee.nl\/de\/"},{"@type":"ListItem","position":2,"name":"Allgemein","item":"https:\/\/renesseaanzee.nl\/de\/allgemein\/"},{"@type":"ListItem","position":3,"name":"Renesse Aan Zee Applikation"}]},{"@type":"WebSite","@id":"https:\/\/renesseaanzee.nl\/de\/#website","url":"https:\/\/renesseaanzee.nl\/de\/","name":"Renesse Aan Zee","description":"De gezelligste badplaats van Nederland","publisher":{"@id":"https:\/\/renesseaanzee.nl\/de\/#organization"},"potentialAction":[{"@type":"SearchAction","target":{"@type":"EntryPoint","urlTemplate":"https:\/\/renesseaanzee.nl\/de\/?s={search_term_string}"},"query-input":{"@type":"PropertyValueSpecification","valueRequired":true,"valueName":"search_term_string"}}],"inLanguage":"de"},{"@type":"Organization","@id":"https:\/\/renesseaanzee.nl\/de\/#organization","name":"Renesse Aan Zee","url":"https:\/\/renesseaanzee.nl\/de\/","logo":{"@type":"ImageObject","inLanguage":"de","@id":"https:\/\/renesseaanzee.nl\/de\/#\/schema\/logo\/image\/","url":"https:\/\/renesseaanzee.nl\/wp-content\/uploads\/sites\/2\/2021\/06\/favicon.png","contentUrl":"https:\/\/renesseaanzee.nl\/wp-content\/uploads\/sites\/2\/2021\/06\/favicon.png","width":200,"height":200,"caption":"Renesse Aan Zee"},"image":{"@id":"https:\/\/renesseaanzee.nl\/de\/#\/schema\/logo\/image\/"},"sameAs":["https:\/\/www.facebook.com\/RenesseAanZee\/","https:\/\/x.com\/Renesseaanzee","https:\/\/www.instagram.com\/renesseaanzee\/","https:\/\/www.youtube.com\/channel\/UCVrJ4Pb4GAeXGjctARoD03g"]}]}},"_links":{"self":[{"href":"https:\/\/renesseaanzee.nl\/de\/wp-json\/wp\/v2\/pages\/3019","targetHints":{"allow":["GET"]}}],"collection":[{"href":"https:\/\/renesseaanzee.nl\/de\/wp-json\/wp\/v2\/pages"}],"about":[{"href":"https:\/\/renesseaanzee.nl\/de\/wp-json\/wp\/v2\/types\/page"}],"author":[{"embeddable":true,"href":"https:\/\/renesseaanzee.nl\/de\/wp-json\/wp\/v2\/users\/1"}],"replies":[{"embeddable":true,"href":"https:\/\/renesseaanzee.nl\/de\/wp-json\/wp\/v2\/comments?post=3019"}],"version-history":[{"count":1,"href":"https:\/\/renesseaanzee.nl\/de\/wp-json\/wp\/v2\/pages\/3019\/revisions"}],"predecessor-version":[{"id":3533,"href":"https:\/\/renesseaanzee.nl\/de\/wp-json\/wp\/v2\/pages\/3019\/revisions\/3533"}],"up":[{"embeddable":true,"href":"https:\/\/renesseaanzee.nl\/de\/wp-json\/wp\/v2\/pages\/2744"}],"wp:featuredmedia":[{"embeddable":true,"href":"https:\/\/renesseaanzee.nl\/de\/wp-json\/wp\/v2\/media\/6603"}],"wp:attachment":[{"href":"https:\/\/renesseaanzee.nl\/de\/wp-json\/wp\/v2\/media?parent=3019"}],"curies":[{"name":"wp","href":"https:\/\/api.w.org\/{rel}","templated":true}]}}