{"id":3069,"date":"2021-06-01T11:43:40","date_gmt":"2021-06-01T09:43:40","guid":{"rendered":"https:\/\/renesseaanzee.nl\/allgemein\/parken-und-transport\/"},"modified":"2021-07-06T08:58:38","modified_gmt":"2021-07-06T06:58:38","slug":"parken-und-transport","status":"publish","type":"page","link":"https:\/\/renesseaanzee.nl\/de\/allgemein\/parken-und-transport\/","title":{"rendered":"Parken und Transport"},"content":{"rendered":"&#13;\n<p>Um die Strand\u00fcberg\u00e4nge, die Freizeitgesch\u00e4fte und das Zentrum von Renesse zug\u00e4nglich zu halten, verf\u00fcgt Renesse \u00fcber ein Transferium. Sie k\u00f6nnen auf diesem gro\u00dfen Gel\u00e4nde mit 900 Parkpl\u00e4tzen kostenfrei parken. Das Zentrum ist 500 Meter entfernt. Ideal, um Ihren Besuch hier zu beginnen.<\/p>&#13;\n&#13;\n<p><strong>Zwischen Mitte Mai und Ende September<\/strong> erm\u00f6glicht der <strong>BeachHubHopper<\/strong> die kostenlose Fahrt zu und von den verschiedenen Str\u00e4nden der gr\u00fcn-blauen Oase. 3 Linien sind so angeordnet, dass man fast \u00fcberall in unserer Region kostenlos hinkommt.<br\/>Der BeachHubHopper ist ein Taxi-Bus, der <strong>zwischen 10.00 und 18.30 Uhr von verschiedenen Extra-Haltestellen<\/strong> abf\u00e4hrt. Es kann unter der Telefonnummer 0111-651212 reserviert werden. <br\/>Vom Busbahnhof des Transferiums fahren auch die regelm\u00e4\u00dfigen Linienverkehre mit verschiedenen Zielen ab.<\/p>&#13;\n&#13;\n<p>Sie k\u00f6nnen einen kostenlosen Transport vom Transferium zu den Str\u00e4nden (und zur\u00fcck) in Anspruch nehmen.<br\/>Nutzen Sie diese umweltfreundliche und nachhaltige L\u00f6sung! Wir w\u00fcnschen Ihnen eine gute Fahrt!<\/p>&#13;\n&#13;\n<p>Vom Transferium aus fahren die BeachHub-Busse mit 3 festen Linien:<\/p>&#13;\n&#13;\n<ul class=\"wp-block-list\"><li><a href=\"https:\/\/www.transferiumrenesse.nl\/buslijnen\/beach-hub-1\/\" target=\"_blank\" aria-label=\"undefined (&#xF6;ffnet in einem neuen Tab)\" rel=\"noreferrer noopener\">Strand Jan van Renesseweg<\/a><\/li><li><a href=\"https:\/\/www.transferiumrenesse.nl\/buslijnen\/beach-hub-2\/\" target=\"_blank\" aria-label=\"undefined (&#xF6;ffnet in einem neuen Tab)\" rel=\"noreferrer noopener\">Strand Wasserloch<\/a><\/li><li><a href=\"https:\/\/www.transferiumrenesse.nl\/buslijnen\/beach-hub-3\/\" target=\"_blank\" aria-label=\"undefined (&#xF6;ffnet in einem neuen Tab)\" rel=\"noreferrer noopener\">Str\u00e4nde La\u020fne, Kijkduin en &#8218;t Klokje<\/a><\/li><\/ul>&#13;\n<p>\u00d6ffentliche Toiletten finden Sie im Transferium-Geb\u00e4ude.<\/p>&#13;\n&#13;\n<p>Neben dem Transferium befindet sich der Garten von Renesse. Ein sch\u00f6ner Ort zum Entspannen. Machen Sie ein sch\u00f6nes Foto von den gro\u00dfen Strandk\u00f6rben im Garten!&#13;\n<\/p>&#13;\n<p>Bei Carefree Rentals k\u00f6nnen Sie Fahrr\u00e4der und Karren mieten.<\/p>&#13;\n&#13;\n<p>Wenn Sie etwas Besonderes suchen, nehmen Sie das\u00a0<a href=\"https:\/\/www.renesseaanzee.nl\/de\/explore\/new-york-taxi\/\" target=\"_blank\" rel=\"noopener noreferrer\" data-saferedirecturl=\"https:\/\/www.google.com\/url?q=https:\/\/www.renesseaanzee.nl\/de\/explore\/new-york-taxi\/&amp;source=gmail&amp;ust=1583245445426000&amp;usg=AFQjCNGF2ZvidoMR3RSUObX0KWo_Kv-teQ\">New York Taxi<\/a>\u00a0in Renesse. Diese original Yellow Cabs und Stretchlimousinen wurden direkt aus New York importiert. NYT l\u00e4uft das ganze Jahr \u00fcber zu festen Preisen:\u00a0<a href=\"#\" target=\"_blank\" rel=\"noopener noreferrer\">0111-464646<\/a>.<\/p>&#13;\n&#13;\n<p>Und dann gibt es noch\u00a0<a href=\"https:\/\/www.renesseaanzee.nl\/de\/explore\/t-boemeltreintje\/\" target=\"_blank\" rel=\"noopener noreferrer\" data-saferedirecturl=\"https:\/\/www.google.com\/url?q=https:\/\/www.renesseaanzee.nl\/de\/explore\/t-boemeltreintje\/&amp;source=gmail&amp;ust=1583245445426000&amp;usg=AFQjCNEqDI8vM7FEGk_V0c1qqloH8_X_1g\">\u201at Boemeltreintje<\/a>, das mittwochs im Juli und August eine 30-min\u00fctige Fahrt durch Renesse durchf\u00fchrt. \u201at Boemeltreintje verl\u00e4sst das Dorfzentrum.<\/p>&#13;\n","protected":false},"excerpt":{"rendered":"<p>&#13; Um die Strand\u00fcberg\u00e4nge, die Freizeitgesch\u00e4fte und das Zentrum von Renesse zug\u00e4nglich zu halten, verf\u00fcgt Renesse \u00fcber ein Transferium. Sie k\u00f6nnen auf diesem gro\u00dfen Gel\u00e4nde mit 900 Parkpl\u00e4tzen kostenfrei parken. Das Zentrum ist 500 Meter entfernt. Ideal, um Ihren Besuch hier zu beginnen. &#13; &#13; Zwischen Mitte Mai und Ende September erm\u00f6glicht der BeachHubHopper die [&hellip;]<\/p>\n","protected":false},"author":1,"featured_media":2126,"parent":2744,"menu_order":0,"comment_status":"closed","ping_status":"closed","template":"","meta":{"_acf_changed":false,"footnotes":""},"class_list":["post-3069","page","type-page","status-publish","has-post-thumbnail","hentry"],"acf":[],"yoast_head":"<!-- This site is optimized with the Yoast SEO plugin v27.4 - https:\/\/yoast.com\/product\/yoast-seo-wordpress\/ -->\n<title>Parken und Transport - Renesse Aan Zee<\/title>\n<meta name=\"robots\" content=\"index, follow, max-snippet:-1, max-image-preview:large, max-video-preview:-1\" \/>\n<link rel=\"canonical\" href=\"https:\/\/renesseaanzee.nl\/de\/allgemein\/parken-und-transport\/\" \/>\n<meta property=\"og:locale\" content=\"de_DE\" \/>\n<meta property=\"og:type\" content=\"article\" \/>\n<meta property=\"og:title\" content=\"Parken und Transport - Renesse Aan Zee\" \/>\n<meta property=\"og:description\" content=\"&#013; Um die Strand\u00fcberg\u00e4nge, die Freizeitgesch\u00e4fte und das Zentrum von Renesse zug\u00e4nglich zu halten, verf\u00fcgt Renesse \u00fcber ein Transferium. Sie k\u00f6nnen auf diesem gro\u00dfen Gel\u00e4nde mit 900 Parkpl\u00e4tzen kostenfrei parken. Das Zentrum ist 500 Meter entfernt. Ideal, um Ihren Besuch hier zu beginnen. &#013; &#013; Zwischen Mitte Mai und Ende September erm\u00f6glicht der BeachHubHopper die [&hellip;]\" \/>\n<meta property=\"og:url\" content=\"https:\/\/renesseaanzee.nl\/de\/allgemein\/parken-und-transport\/\" \/>\n<meta property=\"og:site_name\" content=\"Renesse Aan Zee\" \/>\n<meta property=\"article:publisher\" content=\"https:\/\/www.facebook.com\/RenesseAanZee\/\" \/>\n<meta property=\"article:modified_time\" content=\"2021-07-06T06:58:38+00:00\" \/>\n<meta property=\"og:image\" content=\"https:\/\/renesseaanzee.nl\/wp-content\/uploads\/sites\/2\/2021\/06\/Parkeren-en-Vervoer.png\" \/>\n\t<meta property=\"og:image:width\" content=\"1258\" \/>\n\t<meta property=\"og:image:height\" content=\"743\" \/>\n\t<meta property=\"og:image:type\" content=\"image\/png\" \/>\n<meta name=\"twitter:card\" content=\"summary_large_image\" \/>\n<meta name=\"twitter:site\" content=\"@Renesseaanzee\" \/>\n<meta name=\"twitter:label1\" content=\"Gesch\u00e4tzte Lesezeit\" \/>\n\t<meta name=\"twitter:data1\" content=\"1\u00a0Minute\" \/>\n<script type=\"application\/ld+json\" class=\"yoast-schema-graph\">{\"@context\":\"https:\\\/\\\/schema.org\",\"@graph\":[{\"@type\":\"WebPage\",\"@id\":\"https:\\\/\\\/renesseaanzee.nl\\\/de\\\/allgemein\\\/parken-und-transport\\\/\",\"url\":\"https:\\\/\\\/renesseaanzee.nl\\\/de\\\/allgemein\\\/parken-und-transport\\\/\",\"name\":\"Parken und Transport - Renesse Aan Zee\",\"isPartOf\":{\"@id\":\"https:\\\/\\\/renesseaanzee.nl\\\/de\\\/#website\"},\"primaryImageOfPage\":{\"@id\":\"https:\\\/\\\/renesseaanzee.nl\\\/de\\\/allgemein\\\/parken-und-transport\\\/#primaryimage\"},\"image\":{\"@id\":\"https:\\\/\\\/renesseaanzee.nl\\\/de\\\/allgemein\\\/parken-und-transport\\\/#primaryimage\"},\"thumbnailUrl\":\"https:\\\/\\\/renesseaanzee.nl\\\/wp-content\\\/uploads\\\/sites\\\/2\\\/2021\\\/06\\\/Parkeren-en-Vervoer.png\",\"datePublished\":\"2021-06-01T09:43:40+00:00\",\"dateModified\":\"2021-07-06T06:58:38+00:00\",\"breadcrumb\":{\"@id\":\"https:\\\/\\\/renesseaanzee.nl\\\/de\\\/allgemein\\\/parken-und-transport\\\/#breadcrumb\"},\"inLanguage\":\"de\",\"potentialAction\":[{\"@type\":\"ReadAction\",\"target\":[\"https:\\\/\\\/renesseaanzee.nl\\\/de\\\/allgemein\\\/parken-und-transport\\\/\"]}]},{\"@type\":\"ImageObject\",\"inLanguage\":\"de\",\"@id\":\"https:\\\/\\\/renesseaanzee.nl\\\/de\\\/allgemein\\\/parken-und-transport\\\/#primaryimage\",\"url\":\"https:\\\/\\\/renesseaanzee.nl\\\/wp-content\\\/uploads\\\/sites\\\/2\\\/2021\\\/06\\\/Parkeren-en-Vervoer.png\",\"contentUrl\":\"https:\\\/\\\/renesseaanzee.nl\\\/wp-content\\\/uploads\\\/sites\\\/2\\\/2021\\\/06\\\/Parkeren-en-Vervoer.png\",\"width\":1258,\"height\":743},{\"@type\":\"BreadcrumbList\",\"@id\":\"https:\\\/\\\/renesseaanzee.nl\\\/de\\\/allgemein\\\/parken-und-transport\\\/#breadcrumb\",\"itemListElement\":[{\"@type\":\"ListItem\",\"position\":1,\"name\":\"Home\",\"item\":\"https:\\\/\\\/renesseaanzee.nl\\\/de\\\/\"},{\"@type\":\"ListItem\",\"position\":2,\"name\":\"Allgemein\",\"item\":\"https:\\\/\\\/renesseaanzee.nl\\\/de\\\/allgemein\\\/\"},{\"@type\":\"ListItem\",\"position\":3,\"name\":\"Parken und Transport\"}]},{\"@type\":\"WebSite\",\"@id\":\"https:\\\/\\\/renesseaanzee.nl\\\/de\\\/#website\",\"url\":\"https:\\\/\\\/renesseaanzee.nl\\\/de\\\/\",\"name\":\"Renesse Aan Zee\",\"description\":\"De gezelligste badplaats van Nederland\",\"publisher\":{\"@id\":\"https:\\\/\\\/renesseaanzee.nl\\\/de\\\/#organization\"},\"potentialAction\":[{\"@type\":\"SearchAction\",\"target\":{\"@type\":\"EntryPoint\",\"urlTemplate\":\"https:\\\/\\\/renesseaanzee.nl\\\/de\\\/?s={search_term_string}\"},\"query-input\":{\"@type\":\"PropertyValueSpecification\",\"valueRequired\":true,\"valueName\":\"search_term_string\"}}],\"inLanguage\":\"de\"},{\"@type\":\"Organization\",\"@id\":\"https:\\\/\\\/renesseaanzee.nl\\\/de\\\/#organization\",\"name\":\"Renesse Aan Zee\",\"url\":\"https:\\\/\\\/renesseaanzee.nl\\\/de\\\/\",\"logo\":{\"@type\":\"ImageObject\",\"inLanguage\":\"de\",\"@id\":\"https:\\\/\\\/renesseaanzee.nl\\\/de\\\/#\\\/schema\\\/logo\\\/image\\\/\",\"url\":\"https:\\\/\\\/renesseaanzee.nl\\\/wp-content\\\/uploads\\\/sites\\\/2\\\/2021\\\/06\\\/favicon.png\",\"contentUrl\":\"https:\\\/\\\/renesseaanzee.nl\\\/wp-content\\\/uploads\\\/sites\\\/2\\\/2021\\\/06\\\/favicon.png\",\"width\":200,\"height\":200,\"caption\":\"Renesse Aan Zee\"},\"image\":{\"@id\":\"https:\\\/\\\/renesseaanzee.nl\\\/de\\\/#\\\/schema\\\/logo\\\/image\\\/\"},\"sameAs\":[\"https:\\\/\\\/www.facebook.com\\\/RenesseAanZee\\\/\",\"https:\\\/\\\/x.com\\\/Renesseaanzee\",\"https:\\\/\\\/www.instagram.com\\\/renesseaanzee\\\/\",\"https:\\\/\\\/www.youtube.com\\\/channel\\\/UCVrJ4Pb4GAeXGjctARoD03g\"]}]}<\/script>\n<!-- \/ Yoast SEO plugin. -->","yoast_head_json":{"title":"Parken und Transport - Renesse Aan Zee","robots":{"index":"index","follow":"follow","max-snippet":"max-snippet:-1","max-image-preview":"max-image-preview:large","max-video-preview":"max-video-preview:-1"},"canonical":"https:\/\/renesseaanzee.nl\/de\/allgemein\/parken-und-transport\/","og_locale":"de_DE","og_type":"article","og_title":"Parken und Transport - Renesse Aan Zee","og_description":"&#13; Um die Strand\u00fcberg\u00e4nge, die Freizeitgesch\u00e4fte und das Zentrum von Renesse zug\u00e4nglich zu halten, verf\u00fcgt Renesse \u00fcber ein Transferium. Sie k\u00f6nnen auf diesem gro\u00dfen Gel\u00e4nde mit 900 Parkpl\u00e4tzen kostenfrei parken. Das Zentrum ist 500 Meter entfernt. Ideal, um Ihren Besuch hier zu beginnen. &#13; &#13; Zwischen Mitte Mai und Ende September erm\u00f6glicht der BeachHubHopper die [&hellip;]","og_url":"https:\/\/renesseaanzee.nl\/de\/allgemein\/parken-und-transport\/","og_site_name":"Renesse Aan Zee","article_publisher":"https:\/\/www.facebook.com\/RenesseAanZee\/","article_modified_time":"2021-07-06T06:58:38+00:00","og_image":[{"width":1258,"height":743,"url":"https:\/\/renesseaanzee.nl\/wp-content\/uploads\/sites\/2\/2021\/06\/Parkeren-en-Vervoer.png","type":"image\/png"}],"twitter_card":"summary_large_image","twitter_site":"@Renesseaanzee","twitter_misc":{"Gesch\u00e4tzte Lesezeit":"1\u00a0Minute"},"schema":{"@context":"https:\/\/schema.org","@graph":[{"@type":"WebPage","@id":"https:\/\/renesseaanzee.nl\/de\/allgemein\/parken-und-transport\/","url":"https:\/\/renesseaanzee.nl\/de\/allgemein\/parken-und-transport\/","name":"Parken und Transport - Renesse Aan Zee","isPartOf":{"@id":"https:\/\/renesseaanzee.nl\/de\/#website"},"primaryImageOfPage":{"@id":"https:\/\/renesseaanzee.nl\/de\/allgemein\/parken-und-transport\/#primaryimage"},"image":{"@id":"https:\/\/renesseaanzee.nl\/de\/allgemein\/parken-und-transport\/#primaryimage"},"thumbnailUrl":"https:\/\/renesseaanzee.nl\/wp-content\/uploads\/sites\/2\/2021\/06\/Parkeren-en-Vervoer.png","datePublished":"2021-06-01T09:43:40+00:00","dateModified":"2021-07-06T06:58:38+00:00","breadcrumb":{"@id":"https:\/\/renesseaanzee.nl\/de\/allgemein\/parken-und-transport\/#breadcrumb"},"inLanguage":"de","potentialAction":[{"@type":"ReadAction","target":["https:\/\/renesseaanzee.nl\/de\/allgemein\/parken-und-transport\/"]}]},{"@type":"ImageObject","inLanguage":"de","@id":"https:\/\/renesseaanzee.nl\/de\/allgemein\/parken-und-transport\/#primaryimage","url":"https:\/\/renesseaanzee.nl\/wp-content\/uploads\/sites\/2\/2021\/06\/Parkeren-en-Vervoer.png","contentUrl":"https:\/\/renesseaanzee.nl\/wp-content\/uploads\/sites\/2\/2021\/06\/Parkeren-en-Vervoer.png","width":1258,"height":743},{"@type":"BreadcrumbList","@id":"https:\/\/renesseaanzee.nl\/de\/allgemein\/parken-und-transport\/#breadcrumb","itemListElement":[{"@type":"ListItem","position":1,"name":"Home","item":"https:\/\/renesseaanzee.nl\/de\/"},{"@type":"ListItem","position":2,"name":"Allgemein","item":"https:\/\/renesseaanzee.nl\/de\/allgemein\/"},{"@type":"ListItem","position":3,"name":"Parken und Transport"}]},{"@type":"WebSite","@id":"https:\/\/renesseaanzee.nl\/de\/#website","url":"https:\/\/renesseaanzee.nl\/de\/","name":"Renesse Aan Zee","description":"De gezelligste badplaats van Nederland","publisher":{"@id":"https:\/\/renesseaanzee.nl\/de\/#organization"},"potentialAction":[{"@type":"SearchAction","target":{"@type":"EntryPoint","urlTemplate":"https:\/\/renesseaanzee.nl\/de\/?s={search_term_string}"},"query-input":{"@type":"PropertyValueSpecification","valueRequired":true,"valueName":"search_term_string"}}],"inLanguage":"de"},{"@type":"Organization","@id":"https:\/\/renesseaanzee.nl\/de\/#organization","name":"Renesse Aan Zee","url":"https:\/\/renesseaanzee.nl\/de\/","logo":{"@type":"ImageObject","inLanguage":"de","@id":"https:\/\/renesseaanzee.nl\/de\/#\/schema\/logo\/image\/","url":"https:\/\/renesseaanzee.nl\/wp-content\/uploads\/sites\/2\/2021\/06\/favicon.png","contentUrl":"https:\/\/renesseaanzee.nl\/wp-content\/uploads\/sites\/2\/2021\/06\/favicon.png","width":200,"height":200,"caption":"Renesse Aan Zee"},"image":{"@id":"https:\/\/renesseaanzee.nl\/de\/#\/schema\/logo\/image\/"},"sameAs":["https:\/\/www.facebook.com\/RenesseAanZee\/","https:\/\/x.com\/Renesseaanzee","https:\/\/www.instagram.com\/renesseaanzee\/","https:\/\/www.youtube.com\/channel\/UCVrJ4Pb4GAeXGjctARoD03g"]}]}},"_links":{"self":[{"href":"https:\/\/renesseaanzee.nl\/de\/wp-json\/wp\/v2\/pages\/3069","targetHints":{"allow":["GET"]}}],"collection":[{"href":"https:\/\/renesseaanzee.nl\/de\/wp-json\/wp\/v2\/pages"}],"about":[{"href":"https:\/\/renesseaanzee.nl\/de\/wp-json\/wp\/v2\/types\/page"}],"author":[{"embeddable":true,"href":"https:\/\/renesseaanzee.nl\/de\/wp-json\/wp\/v2\/users\/1"}],"replies":[{"embeddable":true,"href":"https:\/\/renesseaanzee.nl\/de\/wp-json\/wp\/v2\/comments?post=3069"}],"version-history":[{"count":1,"href":"https:\/\/renesseaanzee.nl\/de\/wp-json\/wp\/v2\/pages\/3069\/revisions"}],"predecessor-version":[{"id":3070,"href":"https:\/\/renesseaanzee.nl\/de\/wp-json\/wp\/v2\/pages\/3069\/revisions\/3070"}],"up":[{"embeddable":true,"href":"https:\/\/renesseaanzee.nl\/de\/wp-json\/wp\/v2\/pages\/2744"}],"wp:featuredmedia":[{"embeddable":true,"href":"https:\/\/renesseaanzee.nl\/de\/wp-json\/wp\/v2\/media\/2126"}],"wp:attachment":[{"href":"https:\/\/renesseaanzee.nl\/de\/wp-json\/wp\/v2\/media?parent=3069"}],"curies":[{"name":"wp","href":"https:\/\/api.w.org\/{rel}","templated":true}]}}