{"id":3549,"date":"2021-08-31T14:20:02","date_gmt":"2021-08-31T12:20:02","guid":{"rendered":"https:\/\/renesseaanzee.nl\/allgemein\/strande-renesse-und-strand-app\/"},"modified":"2021-08-31T14:20:02","modified_gmt":"2021-08-31T12:20:02","slug":"strande-renesse-und-strand-app","status":"publish","type":"page","link":"https:\/\/renesseaanzee.nl\/de\/allgemein\/strande-renesse-und-strand-app\/","title":{"rendered":"Str\u00e4nde Renesse und Strand App"},"content":{"rendered":"<h4>Str\u00e4nde von Renesse<\/h4>\n<p>Der Badeort Renesse ist recht touristisch, dem kann man sich nicht entziehen. Aber die Str\u00e4nde von Renesse bieten genug Platz f\u00fcr alle. F\u00fcr etwas mehr Ruhe gehen Sie zu den Eing\u00e4ngen Watergat oder Scholderlaan oder suchen Sie das gesch\u00e4ftige Treiben am Eingang am Ende des Jan van Renessewegs auf.<\/p>\n<h4>Strand-App Schouwen-Duiveland<\/h4>\n<p>Diese Strand-App ist eine Initiative der Gr\u00fcnen Kombination Schouwen-Duiveland, in Zusammenarbeit mit der Gemeinde Schouwen-Duiveland und der Kooperation der Strandrettungsbrigade, der Schouwse Kust Beach Exploitation Association und verschiedenen anderen Unternehmen und Agenturen.<\/p>\n<p>Es bietet Informationen \u00fcber den Strand von Schouwen-Duiveland, den touristischen Aufenthalt dort, Sicherheit, Zug\u00e4nglichkeit, Details und technische Arbeiten.<\/p>\n<p>In dieser App finden Sie unter anderem:<br \/>\n\u2013 Strandposts<br \/>\n\u2013 Notdienste<br \/>\n\u2013 Strandpavillons<br \/>\n\u2013 Veranstaltungen<br \/>\n\u2013 Wetter- und Wasserinformationen<\/p>\n<div class=\"app-store-buttons\"><a class=\"storebutton iosbutton\" href=\"https:\/\/itunes.apple.com\/nl\/app\/strand-schouwen-duiveland\/id1407327167?mt=8\" target=\"_blank\" rel=\"noopener noreferrer\"><img decoding=\"async\" class=\"img-responsive\" src=\"https:\/\/www.strand-app.nl\/wp-content\/uploads\/2018\/03\/ios-btn.png\" \/><\/a><a class=\"storebutton androidbutton\" href=\"https:\/\/play.google.com\/store\/apps\/details?id=com.app.p8925IG\" target=\"_blank\" rel=\"noopener noreferrer\">\u00a0 \u00a0<img decoding=\"async\" class=\"img-responsive\" src=\"https:\/\/www.strand-app.nl\/wp-content\/uploads\/2018\/03\/google-btn.png\" \/><\/a><\/div>\n<p><\/p>\n<div class=\"app-qr hidden-xs\"><a class=\"lightbox_trigger\" href=\"http:\/\/onelink.to\/wpacuc\" target=\"_blank\" rel=\"noopener noreferrer\"><span class=\"app-qr-code\"><img loading=\"lazy\" decoding=\"async\" src=\"https:\/\/www.strand-app.nl\/wp-content\/uploads\/2018\/07\/onlink_to_wpacuc_small.png\" alt=\"QRCode\" width=\"80\" height=\"80\" \/><\/span><img decoding=\"async\" src=\"https:\/\/www.strand-app.nl\/wp-content\/uploads\/2018\/03\/easy-install.png\" \/><\/a><\/div>\n","protected":false},"excerpt":{"rendered":"<p>Str\u00e4nde von Renesse Der Badeort Renesse ist recht touristisch, dem kann man sich nicht entziehen. Aber die Str\u00e4nde von Renesse bieten genug Platz f\u00fcr alle. F\u00fcr etwas mehr Ruhe gehen Sie zu den Eing\u00e4ngen Watergat oder Scholderlaan oder suchen Sie das gesch\u00e4ftige Treiben am Eingang am Ende des Jan van Renessewegs auf. Strand-App Schouwen-Duiveland Diese [&hellip;]<\/p>\n","protected":false},"author":1,"featured_media":2078,"parent":2744,"menu_order":0,"comment_status":"closed","ping_status":"closed","template":"","meta":{"_acf_changed":false,"footnotes":""},"class_list":["post-3549","page","type-page","status-publish","has-post-thumbnail","hentry"],"acf":[],"yoast_head":"<!-- This site is optimized with the Yoast SEO plugin v27.4 - https:\/\/yoast.com\/product\/yoast-seo-wordpress\/ -->\n<title>Str\u00e4nde Renesse und Strand App - Renesse Aan Zee<\/title>\n<meta name=\"robots\" content=\"index, follow, max-snippet:-1, max-image-preview:large, max-video-preview:-1\" \/>\n<link rel=\"canonical\" href=\"https:\/\/renesseaanzee.nl\/de\/allgemein\/strande-renesse-und-strand-app\/\" \/>\n<meta property=\"og:locale\" content=\"de_DE\" \/>\n<meta property=\"og:type\" content=\"article\" \/>\n<meta property=\"og:title\" content=\"Str\u00e4nde Renesse und Strand App - Renesse Aan Zee\" \/>\n<meta property=\"og:description\" content=\"Str\u00e4nde von Renesse Der Badeort Renesse ist recht touristisch, dem kann man sich nicht entziehen. Aber die Str\u00e4nde von Renesse bieten genug Platz f\u00fcr alle. F\u00fcr etwas mehr Ruhe gehen Sie zu den Eing\u00e4ngen Watergat oder Scholderlaan oder suchen Sie das gesch\u00e4ftige Treiben am Eingang am Ende des Jan van Renessewegs auf. Strand-App Schouwen-Duiveland Diese [&hellip;]\" \/>\n<meta property=\"og:url\" content=\"https:\/\/renesseaanzee.nl\/de\/allgemein\/strande-renesse-und-strand-app\/\" \/>\n<meta property=\"og:site_name\" content=\"Renesse Aan Zee\" \/>\n<meta property=\"article:publisher\" content=\"https:\/\/www.facebook.com\/RenesseAanZee\/\" \/>\n<meta property=\"og:image\" content=\"https:\/\/renesseaanzee.nl\/wp-content\/uploads\/sites\/2\/2021\/06\/banner-webcams.png\" \/>\n\t<meta property=\"og:image:width\" content=\"991\" \/>\n\t<meta property=\"og:image:height\" content=\"743\" \/>\n\t<meta property=\"og:image:type\" content=\"image\/png\" \/>\n<meta name=\"twitter:card\" content=\"summary_large_image\" \/>\n<meta name=\"twitter:site\" content=\"@Renesseaanzee\" \/>\n<meta name=\"twitter:label1\" content=\"Gesch\u00e4tzte Lesezeit\" \/>\n\t<meta name=\"twitter:data1\" content=\"1\u00a0Minute\" \/>\n<script type=\"application\/ld+json\" class=\"yoast-schema-graph\">{\"@context\":\"https:\\\/\\\/schema.org\",\"@graph\":[{\"@type\":\"WebPage\",\"@id\":\"https:\\\/\\\/renesseaanzee.nl\\\/de\\\/allgemein\\\/strande-renesse-und-strand-app\\\/\",\"url\":\"https:\\\/\\\/renesseaanzee.nl\\\/de\\\/allgemein\\\/strande-renesse-und-strand-app\\\/\",\"name\":\"Str\u00e4nde Renesse und Strand App - Renesse Aan Zee\",\"isPartOf\":{\"@id\":\"https:\\\/\\\/renesseaanzee.nl\\\/de\\\/#website\"},\"primaryImageOfPage\":{\"@id\":\"https:\\\/\\\/renesseaanzee.nl\\\/de\\\/allgemein\\\/strande-renesse-und-strand-app\\\/#primaryimage\"},\"image\":{\"@id\":\"https:\\\/\\\/renesseaanzee.nl\\\/de\\\/allgemein\\\/strande-renesse-und-strand-app\\\/#primaryimage\"},\"thumbnailUrl\":\"https:\\\/\\\/renesseaanzee.nl\\\/wp-content\\\/uploads\\\/sites\\\/2\\\/2021\\\/06\\\/banner-webcams.png\",\"datePublished\":\"2021-08-31T12:20:02+00:00\",\"breadcrumb\":{\"@id\":\"https:\\\/\\\/renesseaanzee.nl\\\/de\\\/allgemein\\\/strande-renesse-und-strand-app\\\/#breadcrumb\"},\"inLanguage\":\"de\",\"potentialAction\":[{\"@type\":\"ReadAction\",\"target\":[\"https:\\\/\\\/renesseaanzee.nl\\\/de\\\/allgemein\\\/strande-renesse-und-strand-app\\\/\"]}]},{\"@type\":\"ImageObject\",\"inLanguage\":\"de\",\"@id\":\"https:\\\/\\\/renesseaanzee.nl\\\/de\\\/allgemein\\\/strande-renesse-und-strand-app\\\/#primaryimage\",\"url\":\"https:\\\/\\\/renesseaanzee.nl\\\/wp-content\\\/uploads\\\/sites\\\/2\\\/2021\\\/06\\\/banner-webcams.png\",\"contentUrl\":\"https:\\\/\\\/renesseaanzee.nl\\\/wp-content\\\/uploads\\\/sites\\\/2\\\/2021\\\/06\\\/banner-webcams.png\",\"width\":991,\"height\":743},{\"@type\":\"BreadcrumbList\",\"@id\":\"https:\\\/\\\/renesseaanzee.nl\\\/de\\\/allgemein\\\/strande-renesse-und-strand-app\\\/#breadcrumb\",\"itemListElement\":[{\"@type\":\"ListItem\",\"position\":1,\"name\":\"Home\",\"item\":\"https:\\\/\\\/renesseaanzee.nl\\\/de\\\/\"},{\"@type\":\"ListItem\",\"position\":2,\"name\":\"Allgemein\",\"item\":\"https:\\\/\\\/renesseaanzee.nl\\\/de\\\/allgemein\\\/\"},{\"@type\":\"ListItem\",\"position\":3,\"name\":\"Str\u00e4nde Renesse und Strand App\"}]},{\"@type\":\"WebSite\",\"@id\":\"https:\\\/\\\/renesseaanzee.nl\\\/de\\\/#website\",\"url\":\"https:\\\/\\\/renesseaanzee.nl\\\/de\\\/\",\"name\":\"Renesse Aan Zee\",\"description\":\"De gezelligste badplaats van Nederland\",\"publisher\":{\"@id\":\"https:\\\/\\\/renesseaanzee.nl\\\/de\\\/#organization\"},\"potentialAction\":[{\"@type\":\"SearchAction\",\"target\":{\"@type\":\"EntryPoint\",\"urlTemplate\":\"https:\\\/\\\/renesseaanzee.nl\\\/de\\\/?s={search_term_string}\"},\"query-input\":{\"@type\":\"PropertyValueSpecification\",\"valueRequired\":true,\"valueName\":\"search_term_string\"}}],\"inLanguage\":\"de\"},{\"@type\":\"Organization\",\"@id\":\"https:\\\/\\\/renesseaanzee.nl\\\/de\\\/#organization\",\"name\":\"Renesse Aan Zee\",\"url\":\"https:\\\/\\\/renesseaanzee.nl\\\/de\\\/\",\"logo\":{\"@type\":\"ImageObject\",\"inLanguage\":\"de\",\"@id\":\"https:\\\/\\\/renesseaanzee.nl\\\/de\\\/#\\\/schema\\\/logo\\\/image\\\/\",\"url\":\"https:\\\/\\\/renesseaanzee.nl\\\/wp-content\\\/uploads\\\/sites\\\/2\\\/2021\\\/06\\\/favicon.png\",\"contentUrl\":\"https:\\\/\\\/renesseaanzee.nl\\\/wp-content\\\/uploads\\\/sites\\\/2\\\/2021\\\/06\\\/favicon.png\",\"width\":200,\"height\":200,\"caption\":\"Renesse Aan Zee\"},\"image\":{\"@id\":\"https:\\\/\\\/renesseaanzee.nl\\\/de\\\/#\\\/schema\\\/logo\\\/image\\\/\"},\"sameAs\":[\"https:\\\/\\\/www.facebook.com\\\/RenesseAanZee\\\/\",\"https:\\\/\\\/x.com\\\/Renesseaanzee\",\"https:\\\/\\\/www.instagram.com\\\/renesseaanzee\\\/\",\"https:\\\/\\\/www.youtube.com\\\/channel\\\/UCVrJ4Pb4GAeXGjctARoD03g\"]}]}<\/script>\n<!-- \/ Yoast SEO plugin. -->","yoast_head_json":{"title":"Str\u00e4nde Renesse und Strand App - Renesse Aan Zee","robots":{"index":"index","follow":"follow","max-snippet":"max-snippet:-1","max-image-preview":"max-image-preview:large","max-video-preview":"max-video-preview:-1"},"canonical":"https:\/\/renesseaanzee.nl\/de\/allgemein\/strande-renesse-und-strand-app\/","og_locale":"de_DE","og_type":"article","og_title":"Str\u00e4nde Renesse und Strand App - Renesse Aan Zee","og_description":"Str\u00e4nde von Renesse Der Badeort Renesse ist recht touristisch, dem kann man sich nicht entziehen. Aber die Str\u00e4nde von Renesse bieten genug Platz f\u00fcr alle. F\u00fcr etwas mehr Ruhe gehen Sie zu den Eing\u00e4ngen Watergat oder Scholderlaan oder suchen Sie das gesch\u00e4ftige Treiben am Eingang am Ende des Jan van Renessewegs auf. Strand-App Schouwen-Duiveland Diese [&hellip;]","og_url":"https:\/\/renesseaanzee.nl\/de\/allgemein\/strande-renesse-und-strand-app\/","og_site_name":"Renesse Aan Zee","article_publisher":"https:\/\/www.facebook.com\/RenesseAanZee\/","og_image":[{"width":991,"height":743,"url":"https:\/\/renesseaanzee.nl\/wp-content\/uploads\/sites\/2\/2021\/06\/banner-webcams.png","type":"image\/png"}],"twitter_card":"summary_large_image","twitter_site":"@Renesseaanzee","twitter_misc":{"Gesch\u00e4tzte Lesezeit":"1\u00a0Minute"},"schema":{"@context":"https:\/\/schema.org","@graph":[{"@type":"WebPage","@id":"https:\/\/renesseaanzee.nl\/de\/allgemein\/strande-renesse-und-strand-app\/","url":"https:\/\/renesseaanzee.nl\/de\/allgemein\/strande-renesse-und-strand-app\/","name":"Str\u00e4nde Renesse und Strand App - Renesse Aan Zee","isPartOf":{"@id":"https:\/\/renesseaanzee.nl\/de\/#website"},"primaryImageOfPage":{"@id":"https:\/\/renesseaanzee.nl\/de\/allgemein\/strande-renesse-und-strand-app\/#primaryimage"},"image":{"@id":"https:\/\/renesseaanzee.nl\/de\/allgemein\/strande-renesse-und-strand-app\/#primaryimage"},"thumbnailUrl":"https:\/\/renesseaanzee.nl\/wp-content\/uploads\/sites\/2\/2021\/06\/banner-webcams.png","datePublished":"2021-08-31T12:20:02+00:00","breadcrumb":{"@id":"https:\/\/renesseaanzee.nl\/de\/allgemein\/strande-renesse-und-strand-app\/#breadcrumb"},"inLanguage":"de","potentialAction":[{"@type":"ReadAction","target":["https:\/\/renesseaanzee.nl\/de\/allgemein\/strande-renesse-und-strand-app\/"]}]},{"@type":"ImageObject","inLanguage":"de","@id":"https:\/\/renesseaanzee.nl\/de\/allgemein\/strande-renesse-und-strand-app\/#primaryimage","url":"https:\/\/renesseaanzee.nl\/wp-content\/uploads\/sites\/2\/2021\/06\/banner-webcams.png","contentUrl":"https:\/\/renesseaanzee.nl\/wp-content\/uploads\/sites\/2\/2021\/06\/banner-webcams.png","width":991,"height":743},{"@type":"BreadcrumbList","@id":"https:\/\/renesseaanzee.nl\/de\/allgemein\/strande-renesse-und-strand-app\/#breadcrumb","itemListElement":[{"@type":"ListItem","position":1,"name":"Home","item":"https:\/\/renesseaanzee.nl\/de\/"},{"@type":"ListItem","position":2,"name":"Allgemein","item":"https:\/\/renesseaanzee.nl\/de\/allgemein\/"},{"@type":"ListItem","position":3,"name":"Str\u00e4nde Renesse und Strand App"}]},{"@type":"WebSite","@id":"https:\/\/renesseaanzee.nl\/de\/#website","url":"https:\/\/renesseaanzee.nl\/de\/","name":"Renesse Aan Zee","description":"De gezelligste badplaats van Nederland","publisher":{"@id":"https:\/\/renesseaanzee.nl\/de\/#organization"},"potentialAction":[{"@type":"SearchAction","target":{"@type":"EntryPoint","urlTemplate":"https:\/\/renesseaanzee.nl\/de\/?s={search_term_string}"},"query-input":{"@type":"PropertyValueSpecification","valueRequired":true,"valueName":"search_term_string"}}],"inLanguage":"de"},{"@type":"Organization","@id":"https:\/\/renesseaanzee.nl\/de\/#organization","name":"Renesse Aan Zee","url":"https:\/\/renesseaanzee.nl\/de\/","logo":{"@type":"ImageObject","inLanguage":"de","@id":"https:\/\/renesseaanzee.nl\/de\/#\/schema\/logo\/image\/","url":"https:\/\/renesseaanzee.nl\/wp-content\/uploads\/sites\/2\/2021\/06\/favicon.png","contentUrl":"https:\/\/renesseaanzee.nl\/wp-content\/uploads\/sites\/2\/2021\/06\/favicon.png","width":200,"height":200,"caption":"Renesse Aan Zee"},"image":{"@id":"https:\/\/renesseaanzee.nl\/de\/#\/schema\/logo\/image\/"},"sameAs":["https:\/\/www.facebook.com\/RenesseAanZee\/","https:\/\/x.com\/Renesseaanzee","https:\/\/www.instagram.com\/renesseaanzee\/","https:\/\/www.youtube.com\/channel\/UCVrJ4Pb4GAeXGjctARoD03g"]}]}},"_links":{"self":[{"href":"https:\/\/renesseaanzee.nl\/de\/wp-json\/wp\/v2\/pages\/3549","targetHints":{"allow":["GET"]}}],"collection":[{"href":"https:\/\/renesseaanzee.nl\/de\/wp-json\/wp\/v2\/pages"}],"about":[{"href":"https:\/\/renesseaanzee.nl\/de\/wp-json\/wp\/v2\/types\/page"}],"author":[{"embeddable":true,"href":"https:\/\/renesseaanzee.nl\/de\/wp-json\/wp\/v2\/users\/1"}],"replies":[{"embeddable":true,"href":"https:\/\/renesseaanzee.nl\/de\/wp-json\/wp\/v2\/comments?post=3549"}],"version-history":[{"count":0,"href":"https:\/\/renesseaanzee.nl\/de\/wp-json\/wp\/v2\/pages\/3549\/revisions"}],"up":[{"embeddable":true,"href":"https:\/\/renesseaanzee.nl\/de\/wp-json\/wp\/v2\/pages\/2744"}],"wp:featuredmedia":[{"embeddable":true,"href":"https:\/\/renesseaanzee.nl\/de\/wp-json\/wp\/v2\/media\/2078"}],"wp:attachment":[{"href":"https:\/\/renesseaanzee.nl\/de\/wp-json\/wp\/v2\/media?parent=3549"}],"curies":[{"name":"wp","href":"https:\/\/api.w.org\/{rel}","templated":true}]}}